{"id":43731,"date":"2019-08-28T15:10:02","date_gmt":"2019-08-28T14:10:02","guid":{"rendered":"https:\/\/old.mercatflors.cat\/?page_id=43731"},"modified":"2019-08-28T15:10:02","modified_gmt":"2019-08-28T14:10:02","slug":"workshop-for-active-public","status":"publish","type":"page","link":"https:\/\/old.mercatflors.cat\/en\/expanded-programming\/workshop-for-active-public\/","title":{"rendered":"Workshop for active public"},"content":{"rendered":"<h2>Taller per a espectadors actius Temporada 2018\/2019<\/h2>\n<p>Un fil conductor tramat amb la pr\u00f2pia programaci\u00f3 de la temporada i a l\u2019entorn de les companyies i creadors. Un fil que trena confer\u00e8ncies, seguiment de processos, assist\u00e8ncia a assajos i espectacles, converses amb els creadors i pr\u00e0ctiques que ens aproximen i fan viure els particulars universos creatius.<\/p>\n<p><strong>Informaci\u00f3 pr\u00e0ctica<\/strong>: Cada m\u00f2dul \u00e9s independent i inclou: presentacions, confer\u00e8ncies, pel\u00b7l\u00edcules, experi\u00e8ncies pr\u00e0ctiques, assajos oberts \/ lectures comentades. L\u2019espectador pot triar assistir a 1, 2 o 3 m\u00f2duls.<\/p>\n<p><strong>1 m\u00f2dul: 10\u20ac, 2 m\u00f2duls: 17\u20ac, 3 m\u00f2duls: 22\u20ac<\/strong> [La inscripci\u00f3 a les activitats per separat costa 3\u20ac]<\/p>\n<p>Els m\u00f2duls 2 i 3 tenen el reconeixement acad\u00e8mic com a activitat adre\u00e7ada als alumnes de grau de la Facultat de Geografia i Hist\u00f2ria de la UB. <a href=\"https:\/\/es.patronbase.com\/_MercatFlors\/Seasons\/View?season_id=M2I3\"><span style=\"color: #0000ff;\"><strong>ET POTS INSCRIURE ALS DOS M\u00d2DULS AQU\u00cd PER 17\u20ac<\/strong><\/span><\/a><\/p>\n<p>&#8230;&#8230;&#8230;&#8230;&#8230;&#8230;&#8230;&#8230;&#8230;&#8230;&#8230;&#8230;&#8230;&#8230;&#8230;&#8230;&#8230;&#8230;&#8230;&#8230;&#8230;&#8230;&#8230;&#8230;&#8230;&#8230;&#8230;&#8230;&#8230;&#8230;&#8230;&#8230;&#8230;&#8230;&#8230;&#8230;&#8230;&#8230;&#8230;&#8230;&#8230;&#8230;&#8230;&#8230;&#8230;&#8230;&#8230;&#8230;&#8230;&#8230;&#8230;&#8230;&#8230;&#8230;&#8230;&#8230;&#8230;&#8230;&#8230;&#8230;&#8230;&#8230;&#8230;&#8230;&#8230;&#8230;&#8230;&#8230;&#8230;<\/p>\n<p><strong>M\u00d2DUL 1<\/strong><\/p>\n<p><strong>5 d\u2019octubre \u2013 19 de gener<\/strong><strong>\u00a0<\/strong><\/p>\n<ul>\n<li><strong>Confer\u00e8ncia inaugural<\/strong> <em>Desbordant la dansa<\/em> a c\u00e0rrec de VICTORIA P\u00c9REZ ROYO, investigadora, editora i professora d\u2019est\u00e8tica i teoria de les Arts de la Universitat de Saragossa. <strong>Divendres 5 d\u2019octubre a les 18h. <\/strong>Sala PB. <a href=\"https:\/\/es.patronbase.com\/_MercatFlors\/Seats\/NumSeats?prod_id=432&amp;perf_id=1&amp;section_id=M&amp;action=&amp;seat_type_id=BUT\"><span style=\"color: #0000ff;\">Adquireix la teva entrada<\/span><\/a><\/li>\n<li><strong>Confer\u00e8ncia<\/strong> <em>Mem\u00f2ria d\u2019una obra i jocs coreogr\u00e0fics: Merce Cunningham\/Boris Charmatz<\/em>, a c\u00e0rrec d\u2019ISABELLE LAUNAY (professora al departament de dansa de la Universitat de Par\u00eds 8, en Hist\u00f2ria i Est\u00e8tica de la dansa contempor\u00e0nia). <strong>Dimecres 24 d\u2019octubre a les 18:30h.<\/strong> Auditori de l\u2019Institut del Teatre. <a href=\"https:\/\/es.patronbase.com\/_MercatFlors\/Seats\/NumSeats?prod_id=433&amp;perf_id=1&amp;section_id=M&amp;action=&amp;seat_type_id=BUT\"><span style=\"color: #0000ff;\">Adquireix la teva entrada<\/span><\/a><\/li>\n<li><strong>Assaig obert<\/strong> durant la resid\u00e8ncia de creaci\u00f3 de ROSER L\u00d3PEZ ESPINOSA. <strong>Dimecres 28 de novembre, de 17:30h a 19:30h. <\/strong>Graner.\u00a0Activitat exclusiva per als inscrits al taller<\/li>\n<li><strong>Pel\u00b7l\u00edcula <\/strong><em>Before we go, <\/em>de JORGE LE\u00d3N, 2014, 82\u2019. Un film amb Meg Stuart, Beno\u00eet Lachambre i Simone Aughterlony. <strong>Dijous 8 de novembre a les 18h<\/strong>. Sala OM. <a href=\"https:\/\/es.patronbase.com\/_MercatFlors\/Seats\/NumSeats?prod_id=434&amp;perf_id=1&amp;section_id=M&amp;action=&amp;seat_type_id=BUT\"><span style=\"color: #0000ff;\">Adquireix la teva entrada<\/span><\/a><\/li>\n<li><strong>Experi\u00e8ncia pr\u00e0ctica<\/strong> d\u2019un proc\u00e9s de creaci\u00f3, <em>Protocol#10<\/em>, a c\u00e0rrec del col\u00b7lectiu EMP\u00cdRIC (Sonia Fern\u00e1ndez Lage i Anna Roman\u00ed) i els artistes<strong> Anna Hierro, Pere Jou, S\u00f2nia G\u00f3mez, Jordi Oriol, Joana Serra. <\/strong>Amb la col\u00b7laboraci\u00f3 d\u2019Agost Produccions. <strong>Dissabte 19 de gener de 10h a 19h<\/strong>. Sala PB. <a href=\"https:\/\/es.patronbase.com\/_MercatFlors\/Seats\/NumSeats?prod_id=435&amp;perf_id=1&amp;section_id=M&amp;action=&amp;seat_type_id=BUT\"><span style=\"color: #0000ff;\">Adquireix la teva entrada<\/span><\/a><\/li>\n<\/ul>\n<p><strong>M\u00d2DUL 2<\/strong><\/p>\n<p><strong>25 de gener \u2013 29 de mar\u00e7<\/strong><\/p>\n<ul>\n<li><strong>Confer\u00e8ncia<\/strong> sobre el treball de Marlene Monteiro Freitas a c\u00e0rrec de ROBERTO FRATINI. <strong>Divendres 25 de gener a les 18h. <\/strong><span style=\"color: #0000ff;\"><a style=\"color: #0000ff;\" href=\"https:\/\/es.patronbase.com\/_MercatFlors\/Seats\/NumSeats?prod_id=444&amp;perf_id=1&amp;section_id=M&amp;action=&amp;seat_type_id=BUT\">Adquireix la teva entrada<\/a><\/span><\/li>\n<li><strong>Experi\u00e8ncia pr\u00e0ctica<\/strong>: taller de Gaga (llenguatge de moviment creat per Ohad Naharin) amb ARIADNA MONTFORT (ballarina i core\u00f2grafa. Imparteix classes, cursos i tallers de gaga internacionalment des del 2008). Sessi\u00f3 destinada a tot tipus de p\u00fablic independentment del seu entrenament f\u00edsic.<strong> Dissabte 16 de febrer de 12h a 13h<\/strong>. Institut del Teatre. <span style=\"color: #0000ff;\"><a style=\"color: #0000ff;\" href=\"https:\/\/es.patronbase.com\/_MercatFlors\/Seats\/NumSeats?prod_id=449&amp;perf_id=1&amp;section_id=M&amp;action=&amp;seat_type_id=BUT\">Inscriu-te<\/a> <\/span><\/li>\n<li><strong>Pel\u00b7l\u00edcula<\/strong> <em>Out of Focus,<\/em> de TOMER HEYMANN sobre el treball d\u2019Ohad Naharin. <strong>Divendres 22 de febrer a les 18h<\/strong>. Sala PB. <span style=\"color: #0000ff;\"><a style=\"color: #0000ff;\" href=\"https:\/\/es.patronbase.com\/_MercatFlors\/Seats\/NumSeats?prod_id=445&amp;perf_id=1&amp;section_id=M&amp;action=&amp;seat_type_id=BUT\">Adquireix la teva entrada<\/a><\/span><\/li>\n<li><strong>Assaig obert<\/strong> durant la resid\u00e8ncia de creaci\u00f3 de <em>Flamingos<\/em> d\u2019ALBERT QUESADA (Projecte C\u00e8l\u00b7lula). Sala MAC. <strong>Divendres <\/strong><strong>1 de mar\u00e7 de 18:30h a 20h<\/strong><\/li>\n<li><strong>Pel\u00b7l\u00edcula<\/strong> <em>Achterland,<\/em> d\u2019ANNE TERESA DE KEERSMAEKER i HERMANN VAN EYKEN, 1994, 84\u2019. Adaptaci\u00f3 cinematogr\u00e0fica de la pe\u00e7a del 1990 amb el c\u00e0sting original. <strong>Divendres 29 de mar\u00e7 a les 18h<\/strong>. Sala PB. <span style=\"color: #0000ff;\"><a style=\"color: #0000ff;\" href=\"https:\/\/es.patronbase.com\/_MercatFlors\/Seats\/NumSeats?prod_id=447&amp;perf_id=1&amp;section_id=M&amp;action=&amp;seat_type_id=BUT\">Adquireix la teva entrada <\/a><\/span><\/li>\n<\/ul>\n<p><strong>M\u00d2DUL 3<\/strong><\/p>\n<p><strong>16 d\u2019abril \u2013 1 de juny<\/strong><\/p>\n<ul>\n<li><strong>Metodologies pr\u00e0ctiques<\/strong><em>. DATA. Sobre l\u2019acte de ballar<\/em>, de LIPI HERN\u00c1NDEZ (ballarina, core\u00f2grafa i investigadora en l\u2019\u00e0mbit del cos i el moviment, professora a l\u2019Institut del Teatre)<strong>. <\/strong>Sessi\u00f3 per a no professionals.<strong> Dimarts 9 d\u2019abril de 18:30h a 20:30h. Sala MAC<\/strong>. <a href=\"https:\/\/es.patronbase.com\/_MercatFlors\/Seats\/NumSeats?prod_id=483&amp;perf_id=1&amp;section_id=M&amp;action=&amp;seat_type_id=BUT\"><span style=\"color: #0000ff;\">Adquireix la teva entrada<\/span><\/a><\/li>\n<li><strong>Confer\u00e8ncia <\/strong><em>Dansa i provocaci\u00f3. Una<\/em> <em>aproximaci\u00f3 al treball de La Ribot<\/em>* a c\u00e0rrec de la Dra. MAGDA POLO <strong>a les 18h<\/strong> i vernissage de celebraci\u00f3 de l&#8217;estrena de la Constel\u00b7laci\u00f3 LA RIBOT de 1993 a 2014 <strong>(despr\u00e9s de l\u2019obra <em>Panoramix<\/em>)<\/strong>. <strong>Dimecres 24 de abril. <\/strong>Espais del Mercat de les Flors. <a href=\"https:\/\/es.patronbase.com\/_MercatFlors\/Seats\/NumSeats?prod_id=490&amp;perf_id=1&amp;section_id=M&amp;action=&amp;seat_type_id=BUT\"><span style=\"color: #0000ff;\">Adquireix la teva entrada<\/span><\/a><\/li>\n<li><strong>Acci\u00f3 confer\u00e8ncia <\/strong><em>Peces, arquitectures i fetitxes<\/em><strong>. <\/strong>Un recorregut sobre l\u2019obra de La Ribot a c\u00e0rrec de JAIME CONDE-SALAZAR (cr\u00edtic de dansa, llicenciat en Hist\u00f2ria de l\u2019art (Universitat Complutense), MA in Performance Studies NY University). <strong>Dijous 25 d\u2019abril a les 19h<\/strong>. Sala PB. <a href=\"https:\/\/es.patronbase.com\/_MercatFlors\/Seats\/NumSeats?prod_id=484&amp;perf_id=1&amp;section_id=M&amp;action=&amp;seat_type_id=BUT\"><span style=\"color: #0000ff;\">Adquireix la teva entrada<\/span><\/a><\/li>\n<li><strong>Debat post funci\u00f3 <\/strong><em>Dramat\u00fargies del debat<\/em><strong> sobre <em>Tordre<\/em><\/strong> de Rachid Ouramdane, a c\u00e0rrec d\u2019AGOST PRODUCCIONS.<strong> Dissabte 4 de maig<\/strong><strong> despr\u00e9s de la funci\u00f3*.<\/strong> Foyer del Mercat de les Flors.<\/li>\n<li><strong>Assaig obert<\/strong> durant la resid\u00e8ncia de JES\u00daS RUBIO GAMO. Setmana del 14 al 16 de maig. <strong>Dia per confirmar, a les 18:30h<\/strong>. Sala PB<\/li>\n<li><strong>Experi\u00e8ncia pr\u00e0ctica<\/strong> amb ESCARLATA CIRCUS. Taller sobre el pallasso. <strong>Dimarts 28 de maig de 18:30h a 20h<\/strong>. Sala MAC. <a href=\"https:\/\/es.patronbase.com\/_MercatFlors\/Errors\/SoldOutProd?prod_id=487\"><span style=\"color: #0000ff;\">Adquireix la teva entrada<\/span><\/a><\/li>\n<li><strong>Pel\u00b7l\u00edcules<\/strong> Constel\u00b7laci\u00f3 ESCARLATA CIRCUS. <strong>Dissabte 1 de juny 1 diumenge 2 de juny a les 19h<\/strong>. Sala SG. <a href=\"https:\/\/es.patronbase.com\/_MercatFlors\/Seats\/NumSeats?prod_id=489&amp;perf_id=1&amp;section_id=M&amp;action=&amp;seat_type_id=BUT\"><span style=\"color: #0000ff;\">Adquireix la teva entrada<\/span><\/a><\/li>\n<\/ul>\n<p><a href=\"https:\/\/es.patronbase.com\/_MercatFlors\/Seasons\/View?season_id=MOD3\"><span style=\"color: #0000ff;\">Aconsegueix aqu\u00ed el teu PACK de tot el M\u00d2DUL 3 per tan sols 10\u20ac<\/span><\/a><\/p>\n<p>* Ser\u00e0 necessari adquirir una entrada per assistir a la funci\u00f3.<\/p>\n","protected":false},"excerpt":{"rendered":"<p>Taller per a espectadors actius Temporada 2018\/2019 Un fil conductor [&hellip;]<\/p>\n","protected":false},"author":1,"featured_media":39020,"parent":43704,"menu_order":0,"comment_status":"closed","ping_status":"closed","template":"","meta":[],"_links":{"self":[{"href":"https:\/\/old.mercatflors.cat\/en\/wp-json\/wp\/v2\/pages\/43731\/"}],"collection":[{"href":"https:\/\/old.mercatflors.cat\/en\/wp-json\/wp\/v2\/pages\/"}],"about":[{"href":"https:\/\/old.mercatflors.cat\/en\/wp-json\/wp\/v2\/types\/page\/"}],"author":[{"embeddable":true,"href":"https:\/\/old.mercatflors.cat\/en\/wp-json\/wp\/v2\/users\/1\/"}],"replies":[{"embeddable":true,"href":"https:\/\/old.mercatflors.cat\/en\/wp-json\/wp\/v2\/comments\/?post=43731"}],"version-history":[{"count":0,"href":"https:\/\/old.mercatflors.cat\/en\/wp-json\/wp\/v2\/pages\/43731\/revisions\/"}],"up":[{"embeddable":true,"href":"https:\/\/old.mercatflors.cat\/en\/wp-json\/wp\/v2\/pages\/43704\/"}],"wp:featuredmedia":[{"embeddable":true,"href":"https:\/\/old.mercatflors.cat\/en\/wp-json\/wp\/v2\/media\/39020\/"}],"wp:attachment":[{"href":"https:\/\/old.mercatflors.cat\/en\/wp-json\/wp\/v2\/media\/?parent=43731"}],"curies":[{"name":"wp","href":"https:\/\/api.w.org\/{rel}","templated":true}]}}