{"id":5294,"date":"2012-12-24T15:06:36","date_gmt":"2012-12-24T15:06:36","guid":{"rendered":"https:\/\/old.mercatflors.cat\/?page_id=5294"},"modified":"2019-06-18T09:38:03","modified_gmt":"2019-06-18T08:38:03","slug":"retrats-coreografics-portraits-of-choreographers","status":"publish","type":"page","link":"https:\/\/old.mercatflors.cat\/en\/thought-archive-and-editions\/retrats-coreografics-portraits-of-choreographers\/","title":{"rendered":"Retrats Coreogr\u00e0fics (Portraits of Choreographers)"},"content":{"rendered":"<p>Retrats Coreogr\u00e0fics is a series directed by filmmaker N\u00faria Oliv\u00e9-Belles and broadcast on the Catalan TV (TV3) programme Nydia<\/p>\n","protected":false},"excerpt":{"rendered":"<p>Retrats Coreogr\u00e0fics is a series directed by filmmaker N\u00faria Oliv\u00e9-Belles [&hellip;]<\/p>\n","protected":false},"author":1,"featured_media":0,"parent":41831,"menu_order":0,"comment_status":"open","ping_status":"open","template":"template-retrats-coreografics.php","meta":[],"_links":{"self":[{"href":"https:\/\/old.mercatflors.cat\/en\/wp-json\/wp\/v2\/pages\/5294\/"}],"collection":[{"href":"https:\/\/old.mercatflors.cat\/en\/wp-json\/wp\/v2\/pages\/"}],"about":[{"href":"https:\/\/old.mercatflors.cat\/en\/wp-json\/wp\/v2\/types\/page\/"}],"author":[{"embeddable":true,"href":"https:\/\/old.mercatflors.cat\/en\/wp-json\/wp\/v2\/users\/1\/"}],"replies":[{"embeddable":true,"href":"https:\/\/old.mercatflors.cat\/en\/wp-json\/wp\/v2\/comments\/?post=5294"}],"version-history":[{"count":0,"href":"https:\/\/old.mercatflors.cat\/en\/wp-json\/wp\/v2\/pages\/5294\/revisions\/"}],"up":[{"embeddable":true,"href":"https:\/\/old.mercatflors.cat\/en\/wp-json\/wp\/v2\/pages\/41831\/"}],"wp:attachment":[{"href":"https:\/\/old.mercatflors.cat\/en\/wp-json\/wp\/v2\/media\/?parent=5294"}],"curies":[{"name":"wp","href":"https:\/\/api.w.org\/{rel}","templated":true}]}}