{"id":10057,"date":"2014-02-24T09:32:55","date_gmt":"2014-02-24T08:32:55","guid":{"rendered":"https:\/\/old.mercatflors.cat\/?page_id=10057"},"modified":"2019-06-05T10:26:04","modified_gmt":"2019-06-05T09:26:04","slug":"politica-de-cookies-web","status":"publish","type":"page","link":"https:\/\/old.mercatflors.cat\/es\/politica-de-cookies-web\/","title":{"rendered":"Pol\u00edtica de cookies"},"content":{"rendered":"<h2><b>\u00bfQu\u00e9 es una cookie?<\/b><\/h2>\n<p>Cookie es un fichero que se descarga en su ordenador al acceder a determinadas p\u00e1ginas web. Las cookies permiten a una p\u00e1gina web, entre otras cosas, almacenar y recuperar informaci\u00f3n sobre los h\u00e1bitos de navegaci\u00f3n de un usuario o de su equipo y, dependiendo de la informaci\u00f3n que contengan y de la forma en que utilice su equipo, pueden utilizarse para reconocer al usuario. El navegador del usuario memoriza cookies en el disco duro s\u00f3lo durante la sesi\u00f3n actual ocupando un espacio de memoria m\u00ednimo y no perjudicando al ordenador. Las cookies no contienen ning\u00fan tipo de informaci\u00f3n personal espec\u00edfica, y la mayor\u00eda de estas se borran del disco duro al finalizar la sesi\u00f3n del navegador (las llamadas cookies de sesi\u00f3n).<\/p>\n<p>La mayor\u00eda de los navegadores aceptan como est\u00e1ndar las cookies y, con independencia de estas, permiten o impiden en los ajustes de seguridad, las cookies temporales o memorizadas.<\/p>\n<p>Sin su expreso consentimiento\u2013mediante la activaci\u00f3n de las cookies en su navegador\u2013 el Mercat de les Flors no enlazar\u00e1 a las cookies memorizadas que contengan sus datos personales proporcionados en el momento del registro.<\/p>\n<h2><b>\u00bfQu\u00e9 tipo de cookies utiliza esta web?<\/b><\/h2>\n<p><strong>1. Cookies propias:<\/strong><\/p>\n<p>&#8211; Cookies t\u00e9cnicas: son aquellas que permiten al usuario la navegaci\u00f3n a trav\u00e9s de una p\u00e1gina web, plataforma o aplicaci\u00f3n y la utilizaci\u00f3n de las diferentes opciones o servicios que existen en esta tales como, por ejemplo, controlar el tr\u00e1fico y la comunicaci\u00f3n de datos, identificar la sesi\u00f3n, acceder a partes de acceso restringido, recordar los elementos que integran una comanda, realizar el proceso de compra de una comanda, realizar la solicitud de inscripci\u00f3n o participaci\u00f3n en un acontecimiento, utilizar elementos de seguridad durante la navegaci\u00f3n, almacenar contenidos para la difusi\u00f3n de v\u00eddeos o sonido o compartir contenidos a trav\u00e9s de redes sociales.<\/p>\n<p>&#8211; Cookies de personalizaci\u00f3n: son aquellas que permiten al usuario acceder al servicio con algunas caracter\u00edsticas de car\u00e1cter general predefinidas en funci\u00f3n de una serie de criterios en el terminal del usuario como por ejemplo ser\u00edan el idioma, el tipo de navegador a trav\u00e9s del cual se accede al servicio, la configuraci\u00f3n regional desde donde se accede al servicio, etc\u00e9tera.<\/p>\n<p>&#8211; Cookies de an\u00e1lisis: son aquellas que, bien tratadas por nosotros o por terceros, nos permiten cuantificar el n\u00famero de usuarios y as\u00ed realizar la medici\u00f3n y an\u00e1lisis estad\u00edstico de la utilizaci\u00f3n que hacen los usuarios del servicio ofrecido. Por eso se analiza la navegaci\u00f3n a nuestra p\u00e1gina web con la finalidad de mejorar la oferta de productos o servicios que ofrecemos.<\/p>\n<p>&#8211; Cookies publicitarias: son aquellas que, bien tratadas por nosotros o per terceros, nos permiten gestionar de la forma m\u00e1s eficaz posible la oferta de los espacios publicitarios que hay en la p\u00e1gina web, adecuando el contenido del anuncio al contenido del servicio solicitado o al uso que realice de nuestra p\u00e1gina web. Para eso, podremos analizar sus h\u00e1bitos de navegaci\u00f3n en Internet y podremos mostrarle publicidad relacionada con su perfil de navegaci\u00f3n.<\/p>\n<p>&#8211; Cookies de publicidad comportamental: son aquellas que permiten la gesti\u00f3n, de la forma m\u00e1s eficaz posible, de los espacios publicitarios que, en su caso, el editor haya incluido en una p\u00e1gina web, aplicaci\u00f3n o plataforma desde la cual presta el servicio solicitado. Estas cookies almacenan informaci\u00f3n del comportamiento de los usuarios obtenida a trav\u00e9s de la observaci\u00f3n continuada de sus h\u00e1bitos de navegaci\u00f3n, lo cual permite desarrollar un perfil espec\u00edfico para mostrar publicidad en funci\u00f3n de este.<\/p>\n<p><strong>2. Cookies de terceros:<\/strong><\/p>\n<p>El web del Mercat de les Flors puede utilizar servicios de terceros que recopilar\u00e1n informaci\u00f3n con finalidades estad\u00edsticas y de uso del site por parte del usuario.<\/p>\n<p>En particular, este web utiliza Google Analytics, un servicio anal\u00edtico de web prestado por Google, Inc. con domicilio en Estados Unidos y sede central en 1600 Amphitheatre Parkway, Mountain View, California 94043. Para la prestaci\u00f3n de estos servicios, estos utilizan cookies que recopilan la informaci\u00f3n, incluida en la direcci\u00f3 IP del usuario, que ser\u00e1 transmitida, tratada y almacenada por Google en los t\u00e9rminos fijados en el web Google.com, incluyendo la posible transmisi\u00f3n de esta informaci\u00f3n a terceros por razones de exigencia legal o cuando estos terceros procesen informaci\u00f3n por cuenta de Google.<\/p>\n<p><b><strong>El usuario acepta expresamente, para la utilizaci\u00f3n de este website, el tratamiento de la informaci\u00f3n recabada en la forma y para las finalidades anteriormente mencionadas. Asimismo reconoce la posibilidad de no aceptar el tratamiento de estos datos o informaci\u00f3n rechazando el uso de cookies mediante la selecci\u00f3n de la configuraci\u00f3n apropiada a esta finalidad en su navegador, si bien esta opci\u00f3n de bloqueo de cookies puede impedir el pleno uso de todas las funcionalidades del website.<\/strong><\/b><\/p>\n<hr \/>\n<table>\n<tbody>\n<tr>\n<td><strong>Nombre Cookie\u00a0 \u00a0 \u00a0 \u00a0\u00a0<\/strong><\/td>\n<td><strong>Propietario\u00a0 \u00a0 \u00a0 \u00a0 \u00a0 \u00a0 \u00a0 \u00a0<\/strong><\/td>\n<td><strong>Utilizaci\u00f3n<\/strong><\/td>\n<td><strong>Tipo<\/strong><\/td>\n<\/tr>\n<tr>\n<td><span style=\"font-weight: 400;\">_ga<\/span><\/td>\n<td><span style=\"font-weight: 400;\">Google Inc.<\/span><\/td>\n<td><span style=\"font-weight: 400;\">Cookie de seguimiento Analytics<\/span><\/td>\n<td><span style=\"font-weight: 400;\">Sesi\u00f3n<\/span><\/td>\n<\/tr>\n<tr>\n<td><span style=\"font-weight: 400;\">_gld<\/span><span style=\"font-weight: 400;\">\u00a0<\/span><\/td>\n<td><\/td>\n<td><span style=\"font-weight: 400;\">Cookie de seguimiento Analytics<\/span><\/td>\n<td><span style=\"font-weight: 400;\">Sesi\u00f3n<\/span><\/td>\n<\/tr>\n<tr>\n<td><span style=\"font-weight: 400;\">Wp_logged_in<\/span><\/td>\n<td><\/td>\n<td><span style=\"font-weight: 400;\">Login de usuarios<\/span><\/td>\n<td><span style=\"font-weight: 400;\">Sesi\u00f3n<\/span><\/td>\n<\/tr>\n<tr>\n<td><span style=\"font-weight: 400;\">w-settings<\/span><\/td>\n<td><\/td>\n<td><span style=\"font-weight: 400;\">Configuraci\u00f3n entorno usuario<\/span><\/td>\n<td><span style=\"font-weight: 400;\">Sesi\u00f3n<\/span><\/td>\n<\/tr>\n<tr>\n<td><span style=\"font-weight: 400;\">csrf_cook<\/span><\/td>\n<td><\/td>\n<td><span style=\"font-weight: 400;\">Gesti\u00f3n del token de seguridad<\/span><\/td>\n<td><span style=\"font-weight: 400;\">Sesi\u00f3n<\/span><\/td>\n<\/tr>\n<tr>\n<td><span style=\"font-weight: 400;\">RTC_session<\/span><\/td>\n<td><\/td>\n<td><span style=\"font-weight: 400;\">Gesti\u00f3n de acceso intranet<\/span><\/td>\n<td><span style=\"font-weight: 400;\">Sesi\u00f3n<\/span><\/td>\n<\/tr>\n<tr>\n<td><span style=\"font-weight: 400;\">CookieConsent<\/span><\/td>\n<td><a href=\"https:\/\/www.google.com\/url?q=https:\/\/pixelme.me\/terms_privacy.html&amp;sa=D&amp;ust=1542629435397000&amp;usg=AFQjCNHphdPmqDdOHGspOmb9KHm0zSd7dw\" target=\"_blank\" rel=\"noopener\"><span style=\"font-weight: 400;\">pixelme.me <\/span><\/a><\/td>\n<td>Almacena el estado de consentimiento de la cookie del usuario para el dominio actual<\/td>\n<td><span style=\"font-weight: 400;\">HTTP Cookie<\/span><\/td>\n<\/tr>\n<tr>\n<td><span style=\"font-weight: 400;\">Sumo<\/span><\/td>\n<td>Sumo Inc<\/td>\n<td><a href=\"https:\/\/help.sumo.com\/hc\/en-us\/articles\/115004671147-How-Sumo-Cookies-Work\" target=\"_blank\" rel=\"noopener\">M\u00e1s informaci\u00f3n<\/a><\/td>\n<td><span style=\"font-weight: 400;\">Sesi\u00f3n<\/span><\/td>\n<\/tr>\n<\/tbody>\n<\/table>\n<hr \/>\n<p>El usuario puede permitir, bloquear o eliminar las cookies instaladas en su equipo mediante la configuraci\u00f3n de las opciones del navegador instalado en su ordenador:<\/p>\n<p><span style=\"color: #0000ff;\"><a style=\"color: #0000ff;\" href=\"https:\/\/support.google.com\/chrome\/answer\/95647?hl=es\">Chrome:\u00a0https:\/\/support.google.com\/chrome\/answer\/95647?hl=es<\/a><\/span><\/p>\n<p><span style=\"color: #0000ff;\"><a style=\"color: #0000ff;\" href=\"https:\/\/support.microsoft.com\/en-us\/help\/17442\/windows-internet-explorer-delete-manage-cookies#ie=ie-10\">Explorer:\u00a0https:\/\/support.microsoft.com\/en-us\/help\/17442\/windows-internet-explorer-delete-manage-cookies#ie=ie-10<\/a><\/span><\/p>\n<p><span style=\"color: #0000ff;\"><a style=\"color: #0000ff;\" href=\"https:\/\/support.mozilla.org\/es\/kb\/habilitar-y-deshabilitar-cookies-sitios-web-rastrear-preferencias?redirectlocale=es&amp;redirectslug=habilitar-y-deshabilitar-cookies-que-los-sitios-we\">Firefox:\u00a0https:\/\/support.mozilla.org\/es\/kb\/habilitar-y-deshabilitar-cookies-sitios-web-rastrear-preferencias?redirectlocale=es&amp;redirectslug=habilitar-y-deshabilitar-cookies-que-los-sitios-we<\/a><\/span><\/p>\n<p><span style=\"color: #0000ff;\"><a style=\"color: #0000ff;\" href=\"https:\/\/support.apple.com\/kb\/ph17191?locale=es_ES\">Safari:\u00a0https:\/\/support.apple.com\/kb\/ph17191?locale=es_ES<\/a><\/span><\/p>\n<p><span style=\"color: #0000ff;\"><a style=\"color: #0000ff;\" href=\"https:\/\/www.opera.com\/help\/tutorials\/security\/privacy\/\">Opera:\u00a0https:\/\/www.opera.com\/help\/tutorials\/security\/privacy\/<\/a><\/span><\/p>\n<p>&nbsp;<\/p>\n<p>Si tiene alguna duda sobre esta pol\u00edtica de cookies, puede contactar con el Departamento de Comunicaci\u00f3n del Mercat de les Flors (<a href=\"mailto:mercat@mercatflors.cat\"><span style=\"color: #0000ff;\">mercat@mercatflors.cat<\/span><\/a>).<\/p>\n","protected":false},"excerpt":{"rendered":"<p>\u00bfQu\u00e9 es una cookie? Cookie es un fichero que se [&hellip;]<\/p>\n","protected":false},"author":1,"featured_media":0,"parent":0,"menu_order":0,"comment_status":"open","ping_status":"open","template":"","meta":[],"_links":{"self":[{"href":"https:\/\/old.mercatflors.cat\/es\/wp-json\/wp\/v2\/pages\/10057\/"}],"collection":[{"href":"https:\/\/old.mercatflors.cat\/es\/wp-json\/wp\/v2\/pages\/"}],"about":[{"href":"https:\/\/old.mercatflors.cat\/es\/wp-json\/wp\/v2\/types\/page\/"}],"author":[{"embeddable":true,"href":"https:\/\/old.mercatflors.cat\/es\/wp-json\/wp\/v2\/users\/1\/"}],"replies":[{"embeddable":true,"href":"https:\/\/old.mercatflors.cat\/es\/wp-json\/wp\/v2\/comments\/?post=10057"}],"version-history":[{"count":0,"href":"https:\/\/old.mercatflors.cat\/es\/wp-json\/wp\/v2\/pages\/10057\/revisions\/"}],"wp:attachment":[{"href":"https:\/\/old.mercatflors.cat\/es\/wp-json\/wp\/v2\/media\/?parent=10057"}],"curies":[{"name":"wp","href":"https:\/\/api.w.org\/{rel}","templated":true}]}}