{"id":15435,"date":"2015-05-06T11:07:50","date_gmt":"2015-05-06T10:07:50","guid":{"rendered":"https:\/\/old.mercatflors.cat\/?page_id=15435"},"modified":"2015-05-06T17:20:14","modified_gmt":"2015-05-06T16:20:14","slug":"proyecto-tot-dansa-tots-dansen-2014-15","status":"publish","type":"page","link":"https:\/\/old.mercatflors.cat\/es\/proyecto-tot-dansa-tots-dansen-2014-15\/","title":{"rendered":"Proyecto TOT DANSA \/ TOTS DANSEN 2014-15"},"content":{"rendered":"<p>&nbsp;<\/p>\n<p>Proyecto en colaboraci\u00f3n: <strong>Institut d\u2019Educaci\u00f3 de Barcelona (IMEB), Institut del Teatre y Transversal<\/strong><\/p>\n<p>Tot Dansa y Tots Dansen son proyectos de pr\u00e1ctica art\u00edstica en el aula dirigidos a los centros de educaci\u00f3 secundaria y bachillerato p\u00fablicos con la colaboraci\u00f3n de otros equipamientos de la ciudad de Barcelona y de Catalunya. Se presenta como una herramienta educativa para el profesorado pero sobre todo se introduce como una vivencia y experiencia positiva, tanto personal com colectiva. La direcci\u00f3n art\u00edstica va a cargo de un core\u00f3grafo profesional escogido por concurso p\u00fablico.<\/p>\n<p><em>Tots Dansen<\/em> es un proyecto dirigido a escuelas de ense\u00f1anza secundaria que tiene por finalidad introduir, promover y dar a conocer el lenguaje del movimiento y la danza contempor\u00e1nea al p\u00fablico joven.\u00a0 Este proyecto naci\u00f3 como una extensi\u00f3n en el territorio catal\u00e1n del <em>Tot Dansa- Jornada Joven de Creaci\u00f3n Art\u00edstica: Danza Contempor\u00e1nea<\/em> de \u00e1mbito barcelon\u00e9s, organizado por el Mercat de les Flors, el Institut del Teatre y el Institut d\u2019Educaci\u00f3 de Barcelona (IMEB). Por su extensi\u00f3n a otras ciudades catalanas, se ha sumado al proyecto el Consorcio Transversal Red de Actividades Culturales. Este a\u00f1o <em>Tots Dansen<\/em> cuenta con la participaci\u00f3n de los teatros y municipios: Teatre Monumental de Matar\u00f3, Teatre Auditori de Granollers, Teatre Principal de Olot, Teatre-Auditori Sant Cugat y Teatre Principal de Vilanova i la Geltr\u00fa (estos dos \u00faltimos se han a\u00f1adido al proyecto este curso 15-16).<\/p>\n<p>Les l\u00edneas de trabajo son<\/p>\n<ul>\n<li>Formaci\u00f3n de profesores: la primera fase de este proyecto consiste en la formaci\u00f3n de los profesores que despu\u00e9s trabajar\u00e1n con los alumnos de las escuelas de secundaria.<\/li>\n<li>Trabajo en las escuelas: posteriormente los profesores de las escuelas introducen y trabajan propuestas de movimiento encaminadas hacia poder componer una coreograf\u00eda que responder\u00e1 al tema y a la m\u00fasica propuesta.<\/li>\n<li>La representaci\u00f3n del Tots Dansen: actuaci\u00f3n en los teatros de los municipios participantes de los alumnos de las escuelas de secundaria que participan en el proyecto.<\/li>\n<\/ul>\n","protected":false},"excerpt":{"rendered":"<p>&nbsp; Proyecto en colaboraci\u00f3n: Institut d\u2019Educaci\u00f3 de Barcelona (IMEB), Institut [&hellip;]<\/p>\n","protected":false},"author":1,"featured_media":15437,"parent":0,"menu_order":0,"comment_status":"open","ping_status":"open","template":"","meta":[],"_links":{"self":[{"href":"https:\/\/old.mercatflors.cat\/es\/wp-json\/wp\/v2\/pages\/15435\/"}],"collection":[{"href":"https:\/\/old.mercatflors.cat\/es\/wp-json\/wp\/v2\/pages\/"}],"about":[{"href":"https:\/\/old.mercatflors.cat\/es\/wp-json\/wp\/v2\/types\/page\/"}],"author":[{"embeddable":true,"href":"https:\/\/old.mercatflors.cat\/es\/wp-json\/wp\/v2\/users\/1\/"}],"replies":[{"embeddable":true,"href":"https:\/\/old.mercatflors.cat\/es\/wp-json\/wp\/v2\/comments\/?post=15435"}],"version-history":[{"count":0,"href":"https:\/\/old.mercatflors.cat\/es\/wp-json\/wp\/v2\/pages\/15435\/revisions\/"}],"wp:featuredmedia":[{"embeddable":true,"href":"https:\/\/old.mercatflors.cat\/es\/wp-json\/wp\/v2\/media\/15437\/"}],"wp:attachment":[{"href":"https:\/\/old.mercatflors.cat\/es\/wp-json\/wp\/v2\/media\/?parent=15435"}],"curies":[{"name":"wp","href":"https:\/\/api.w.org\/{rel}","templated":true}]}}