{"id":24230,"date":"2018-07-19T12:20:18","date_gmt":"2018-07-19T11:20:18","guid":{"rendered":"https:\/\/old.mercatflors.cat\/?page_id=24230\/"},"modified":"2018-07-19T12:20:18","modified_gmt":"2018-07-19T11:20:18","slug":"mercat-con","status":"publish","type":"page","link":"https:\/\/old.mercatflors.cat\/es\/mercat-con\/","title":{"rendered":"Mercat con&#8230;"},"content":{"rendered":"<p>El Mercat de les Flors expande sus actividades\u00a0y sale del edificio que le da nombre,\u00a0y se encamina a otros espacios no necesariamente teatrales ni de nuestra ciudad.<\/p>\n<p>Por un lado,\u00a0encontrar\u00e9is programaci\u00f3n del Mercat Expandido en dos museos de Barcelona, el MACBA -como parte de la constelaci\u00f3n de Boris Charmatz-\u00a0y el MNAC -con obras de Peter Stamer dentro\u00a0de la Biennal Ciutat Oberta y de Jordi Gal\u00ed-. Por otro lado,\u00a0la radicalidad de la core\u00f3grafa\u00a0y artista pl\u00e1stica irlandesa Oona Doherty se podr\u00e1 ver\u00a0en la Sala Hiroshima,\u00a0y el flamenco actualizado de Juan Carlos L\u00e9rida\u00a0deber\u00e1\u00a0dialogar\u00a0con las danzas de ra\u00edz tradicional\u00a0en la Fira Mediterr\u00e0nia de Manresa.<\/p>\n","protected":false},"excerpt":{"rendered":"<p>El Mercat de les Flors expande sus actividades\u00a0y sale del [&hellip;]<\/p>\n","protected":false},"author":1,"featured_media":0,"parent":0,"menu_order":0,"comment_status":"closed","ping_status":"closed","template":"","meta":[],"_links":{"self":[{"href":"https:\/\/old.mercatflors.cat\/es\/wp-json\/wp\/v2\/pages\/24230\/"}],"collection":[{"href":"https:\/\/old.mercatflors.cat\/es\/wp-json\/wp\/v2\/pages\/"}],"about":[{"href":"https:\/\/old.mercatflors.cat\/es\/wp-json\/wp\/v2\/types\/page\/"}],"author":[{"embeddable":true,"href":"https:\/\/old.mercatflors.cat\/es\/wp-json\/wp\/v2\/users\/1\/"}],"replies":[{"embeddable":true,"href":"https:\/\/old.mercatflors.cat\/es\/wp-json\/wp\/v2\/comments\/?post=24230"}],"version-history":[{"count":0,"href":"https:\/\/old.mercatflors.cat\/es\/wp-json\/wp\/v2\/pages\/24230\/revisions\/"}],"wp:attachment":[{"href":"https:\/\/old.mercatflors.cat\/es\/wp-json\/wp\/v2\/media\/?parent=24230"}],"curies":[{"name":"wp","href":"https:\/\/api.w.org\/{rel}","templated":true}]}}