{"id":3803,"date":"2012-09-26T17:05:31","date_gmt":"2012-09-26T17:05:31","guid":{"rendered":"https:\/\/old.mercatflors.cat\/?page_id=3803"},"modified":"2012-09-26T17:05:31","modified_gmt":"2012-09-26T17:05:31","slug":"en-gira","status":"publish","type":"page","link":"https:\/\/old.mercatflors.cat\/es\/en-gira\/","title":{"rendered":"En Gira"},"content":{"rendered":"<p>Una part importante de los espect\u00e1culos programados en el Mercat son coproducciones propias que tienen una vida en los escenarios m\u00e1s all\u00e1 de la propia temporada en nuestro Teatro. Aqu\u00ed ten\u00e9is la relaci\u00f3n de algunos de estos espect\u00e1culos que todav\u00eda est\u00e1n girando dentro y fuera de nuestro pa\u00eds. Tienes sus datos de contacto para conocer su calendario de actuaciones y para posibles contrataciones art\u00edstica.<\/p>\n","protected":false},"excerpt":{"rendered":"<p>Una part importante de los espect\u00e1culos programados en el Mercat [&hellip;]<\/p>\n","protected":false},"author":1,"featured_media":0,"parent":0,"menu_order":0,"comment_status":"open","ping_status":"open","template":"","meta":[],"_links":{"self":[{"href":"https:\/\/old.mercatflors.cat\/es\/wp-json\/wp\/v2\/pages\/3803\/"}],"collection":[{"href":"https:\/\/old.mercatflors.cat\/es\/wp-json\/wp\/v2\/pages\/"}],"about":[{"href":"https:\/\/old.mercatflors.cat\/es\/wp-json\/wp\/v2\/types\/page\/"}],"author":[{"embeddable":true,"href":"https:\/\/old.mercatflors.cat\/es\/wp-json\/wp\/v2\/users\/1\/"}],"replies":[{"embeddable":true,"href":"https:\/\/old.mercatflors.cat\/es\/wp-json\/wp\/v2\/comments\/?post=3803"}],"version-history":[{"count":0,"href":"https:\/\/old.mercatflors.cat\/es\/wp-json\/wp\/v2\/pages\/3803\/revisions\/"}],"wp:attachment":[{"href":"https:\/\/old.mercatflors.cat\/es\/wp-json\/wp\/v2\/media\/?parent=3803"}],"curies":[{"name":"wp","href":"https:\/\/api.w.org\/{rel}","templated":true}]}}