{"id":39431,"date":"2018-12-07T11:57:28","date_gmt":"2018-12-07T10:57:28","guid":{"rendered":"https:\/\/old.mercatflors.cat\/?page_id=39431"},"modified":"2020-02-12T14:13:56","modified_gmt":"2020-02-12T13:13:56","slug":"programacion-expandida","status":"publish","type":"page","link":"https:\/\/old.mercatflors.cat\/es\/programacion-expandida\/","title":{"rendered":"Programaci\u00f3n expandida"},"content":{"rendered":"<p>&nbsp;<\/p>\n<div data-url=\"https:\/\/issuu.com\/mercatflors\/docs\/mercat_expandida_10\" style=\"width: 500px; height: 340px;\" class=\"issuuembed\"><\/div>\n<p><script type=\"text\/javascript\" src=\"\/\/e.issuu.com\/embed.js\" async=\"true\"><\/script><\/p>\n<p><strong>Acompa\u00f1amos al p\u00fablico<\/strong><\/p>\n<p>Entre la investigaci\u00f3n, la pedagog\u00eda, la creaci\u00f3n y la escena, hacemos resonar la propia exhibici\u00f3n con un conjunto de propuestas paralelas dirigidas al espectador. Continuamos trabajando para una oferta amplia de actividad que expande la exhibici\u00f3n, poniendo al alcance del p\u00fablico una estructura de programa singular que se desarrolla a lo largo de la temporada en diferentes intensidades. Un programa repleto de las actividades que conforman nuestro acompa\u00f1amiento al espectador y que permite aproximarse y seguir la temporada en diferentes distancias y formatos: presentaciones, conferencias, creaciones videogr\u00e1ficas, talleres de cuerpo, ensayos abiertos y lecturas comentadas, organizados con la complicidad de los creadores residentes, asociados y de profesorado experto.<\/p>\n<h2><strong>Para adultos<\/strong><\/h2>\n<p><a href=\"https:\/\/old.mercatflors.cat\/es\/programacion-expandida\/taller-para-espectadores-activos-2019-20\/\"><span style=\"color: #0000ff;\"><strong>Propuestas para un taller del espectador<\/strong><\/span><\/a><\/p>\n<p><a href=\"https:\/\/old.mercatflors.cat\/es\/programacion-expandida\/una-hora-antes\/\"><span style=\"color: #0000ff;\"><strong>Una hora antes<\/strong><\/span><\/a><\/p>\n<p><a href=\"https:\/\/old.mercatflors.cat\/es\/programacion-expandida\/dramaturgias-del-debate\/\"><span style=\"color: #0000ff;\"><strong>Dramaturgias del debate<\/strong><\/span><\/a><\/p>\n<p><a href=\"https:\/\/old.mercatflors.cat\/es\/programacion-expandida\/conversaciones-despues-de-la-funcion\/\"><span style=\"color: #0000ff;\"><strong>Conversaciones despu\u00e9s de la funci\u00f3n<\/strong><\/span><\/a><\/p>\n<h2><strong>Para menores de 14 a\u00f1os y familias<\/strong><\/h2>\n<p><a href=\"https:\/\/old.mercatflors.cat\/es\/programacion-expandida\/una-horita-antes\/\"><span style=\"color: #0000ff;\"><strong>Una horita antes<\/strong><\/span><\/a><\/p>\n<p><a href=\"https:\/\/old.mercatflors.cat\/es\/programacion-expandida\/sabados-con-taller\/\"><span style=\"color: #0000ff;\"><strong>S\u00e1bados con taller<\/strong><\/span><\/a><\/p>\n<p><a href=\"https:\/\/old.mercatflors.cat\/es\/programacion-expandida\/vacaciones-con-taller\/\"><span style=\"color: #0000ff;\"><strong>Vacaciones con taller<\/strong><\/span><\/a><\/p>\n<p><iframe loading=\"lazy\" width=\"500\" height=\"281\" src=\"https:\/\/www.youtube.com\/embed\/A0kUNJ9UyyY?feature=oembed\" frameborder=\"0\" allow=\"accelerometer; autoplay; encrypted-media; gyroscope; picture-in-picture\" allowfullscreen><\/iframe><\/p>\n","protected":false},"excerpt":{"rendered":"<p>&nbsp; Acompa\u00f1amos al p\u00fablico Entre la investigaci\u00f3n, la pedagog\u00eda, la [&hellip;]<\/p>\n","protected":false},"author":1,"featured_media":42059,"parent":0,"menu_order":0,"comment_status":"closed","ping_status":"closed","template":"","meta":[],"_links":{"self":[{"href":"https:\/\/old.mercatflors.cat\/es\/wp-json\/wp\/v2\/pages\/39431\/"}],"collection":[{"href":"https:\/\/old.mercatflors.cat\/es\/wp-json\/wp\/v2\/pages\/"}],"about":[{"href":"https:\/\/old.mercatflors.cat\/es\/wp-json\/wp\/v2\/types\/page\/"}],"author":[{"embeddable":true,"href":"https:\/\/old.mercatflors.cat\/es\/wp-json\/wp\/v2\/users\/1\/"}],"replies":[{"embeddable":true,"href":"https:\/\/old.mercatflors.cat\/es\/wp-json\/wp\/v2\/comments\/?post=39431"}],"version-history":[{"count":0,"href":"https:\/\/old.mercatflors.cat\/es\/wp-json\/wp\/v2\/pages\/39431\/revisions\/"}],"wp:featuredmedia":[{"embeddable":true,"href":"https:\/\/old.mercatflors.cat\/es\/wp-json\/wp\/v2\/media\/42059\/"}],"wp:attachment":[{"href":"https:\/\/old.mercatflors.cat\/es\/wp-json\/wp\/v2\/media\/?parent=39431"}],"curies":[{"name":"wp","href":"https:\/\/api.w.org\/{rel}","templated":true}]}}