{"id":40811,"date":"2019-05-29T11:05:42","date_gmt":"2019-05-29T10:05:42","guid":{"rendered":"https:\/\/old.mercatflors.cat\/?page_id=40811"},"modified":"2019-06-04T10:10:40","modified_gmt":"2019-06-04T09:10:40","slug":"entradas-2018-2019","status":"publish","type":"page","link":"https:\/\/old.mercatflors.cat\/es\/entradas-2018-2019\/","title":{"rendered":"Entradas 2018-2019"},"content":{"rendered":"<h2>D\u00f3nde comprar tus entradas<\/h2>\n<p><span style=\"color: #000000;\">En taquillas<\/span> o\u00a0<span style=\"color: #0000ff;\"><strong><a style=\"color: #0000ff;\" href=\"https:\/\/es.patronbase.com\/_MercatFlors\/Productions?_ga=2.44651428.127998955.1529316292-793742697.1514453516\">aqu\u00ed<\/a><\/strong><\/span>. Si las compras per web, las podr\u00e1s imprimir en casa o descargar en el m\u00f3bil sin pasar por taquilla.<\/p>\n<p>Consulta <strong><span style=\"color: #0000ff;\"><a style=\"color: #0000ff;\" href=\"http:\/\/test.mercatflors.cat\/temporada-a-la-vista\/\">aqu\u00ed<\/a> <\/span><\/strong>toda la programaci\u00f3n.<\/p>\n<p>Si necesitas ayuda con la compra de entradas, ll\u00e1manos al 93 256 26 05 o escribe a <span style=\"color: #0000ff;\"><a style=\"color: #0000ff;\" href=\"mailto:publics@mercatflors.cat\">publics@mercatflors.cat<\/a><\/span><\/p>\n<h2>Taquillas del Mercat de les Flors<\/h2>\n<p>Lleida, 59. 08004 Barcelona<\/p>\n<p>Horario: a partir de 2 horas antes del inicio del espect\u00e1culo el d\u00eda de funci\u00f3n.<\/p>\n<h2>Taquillas Tiquet Rambles<\/h2>\n<p>Palau de la Virreina (La Rambla, 99. 08001 Barcelona)<\/p>\n<p>Horario: de lunes a domingo, de 10 a 20.30 h. Tel. 93 316 10 00.<\/p>\n<p>M\u00e1s informaci\u00f3n en\u00a0<span style=\"color: #0000ff;\"><a style=\"color: #0000ff;\" href=\"http:\/\/lameva.barcelona.cat\/tiquetrambles\/es\/\">Barcelona Cultura<\/a><\/span><\/p>\n<h2>PROGRAMA DE PUNTOS: PREMIAMOS TU FIDELIDAD<\/h2>\n<p>\u00a1Suscr\u00edbete antes de comprar tus entradas o tu abono!<\/p>\n<p>Conseguir\u00e1s puntos en tu cuenta personal autom\u00e1ticamente comprando entradas. Con el programa de puntos, a partir de tu primera compra, te ofrecemos un descuento para volver al Mercat. Podr\u00e1s consultar los puntos que hayas acumulado entrando en tu cuenta. Para canjearlos por Internet s\u00f3lo deber\u00e1s realizar la compra normalmente y, al final, el programa te ofrecer\u00e1 la posibilidad de pagar con puntos. Tambi\u00e9n podr\u00e1s pagar con puntos en taquilla. Los puntos caducan al final de la temporada.<\/p>\n<h2>Descuentos<\/h2>\n<p>Consulta <span style=\"color: #0000ff;\"><a style=\"color: #0000ff;\" href=\"https:\/\/old.mercatflors.cat\/es\/descuentos\/\">aqu\u00ed<\/a> <\/span>todos los descuentos disponibles.<\/p>\n<h2>Cambio de entradas<\/h2>\n<p>Puedes cambiar tu entrada hasta 48 horas antes del inicio del espect\u00e1culo. El cambio de entrada comporta un gasto de gesti\u00f3n de 1,5\u20ac.<\/p>\n<h2>Edad recomendada<\/h2>\n<p>No \u00e9s aconsejable la entrada de menores de 5 a\u00f1os a los espect\u00e1culos no destinados al p\u00fablico de 0 a 99 a\u00f1os. En cualquier caso, ser\u00e1 responsabilidad de los adultos que los acompa\u00f1en.<\/p>\n<h2>Acceso a la sala<\/h2>\n<p>En se\u00f1al de respeto a los artistas y al p\u00fablico, no se podr\u00e1 acceder a las salas una vez comenzado el espect\u00e1culo.<\/p>\n","protected":false},"excerpt":{"rendered":"<p>D\u00f3nde comprar tus entradas En taquillas o\u00a0aqu\u00ed. Si las compras [&hellip;]<\/p>\n","protected":false},"author":1,"featured_media":38867,"parent":0,"menu_order":0,"comment_status":"closed","ping_status":"closed","template":"","meta":[],"_links":{"self":[{"href":"https:\/\/old.mercatflors.cat\/es\/wp-json\/wp\/v2\/pages\/40811\/"}],"collection":[{"href":"https:\/\/old.mercatflors.cat\/es\/wp-json\/wp\/v2\/pages\/"}],"about":[{"href":"https:\/\/old.mercatflors.cat\/es\/wp-json\/wp\/v2\/types\/page\/"}],"author":[{"embeddable":true,"href":"https:\/\/old.mercatflors.cat\/es\/wp-json\/wp\/v2\/users\/1\/"}],"replies":[{"embeddable":true,"href":"https:\/\/old.mercatflors.cat\/es\/wp-json\/wp\/v2\/comments\/?post=40811"}],"version-history":[{"count":0,"href":"https:\/\/old.mercatflors.cat\/es\/wp-json\/wp\/v2\/pages\/40811\/revisions\/"}],"wp:featuredmedia":[{"embeddable":true,"href":"https:\/\/old.mercatflors.cat\/es\/wp-json\/wp\/v2\/media\/38867\/"}],"wp:attachment":[{"href":"https:\/\/old.mercatflors.cat\/es\/wp-json\/wp\/v2\/media\/?parent=40811"}],"curies":[{"name":"wp","href":"https:\/\/api.w.org\/{rel}","templated":true}]}}