{"id":40821,"date":"2019-05-29T11:27:23","date_gmt":"2019-05-29T10:27:23","guid":{"rendered":"https:\/\/old.mercatflors.cat\/?page_id=40821"},"modified":"2021-06-15T15:16:12","modified_gmt":"2021-06-15T14:16:12","slug":"cheques-regalo","status":"publish","type":"page","link":"https:\/\/old.mercatflors.cat\/es\/cheques-regalo\/","title":{"rendered":"Cheques regalo"},"content":{"rendered":"<h2>D\u00d3NDE COMPRAR LOS CHEQUES REGALO<\/h2>\n<p>En las taquillas o\u00a0<a href=\"https:\/\/es.patronbase.com\/_MercatFlors\/Productions?_ga=2.44651428.127998955.1529316292-793742697.1514453516\"><span style=\"color: #0000ff;\">aqu\u00ed<\/span><\/a>.<\/p>\n<p>Si necesitas ayuda con la compra de cheques regalo, ll\u00e1manos al 93 256 26 05 o escribe a\u00a0<span style=\"color: #0000ff;\"><a style=\"color: #0000ff;\" href=\"mailto:publics@mercatflors.cat\">publics@mercatflors.cat<\/a><\/span><\/p>\n<h2>TAQUILLAS DEL MERCAT DE LES FLORS<\/h2>\n<p>Lleida, 59. 08004 Barcelona<\/p>\n<p>Horario: a partir de 2 horas antes del inicio del espect\u00e1culo el d\u00eda de funci\u00f3n.<\/p>\n<h2>TAQUILLAS OFICINA CIUDADANA DE LA CULTURA (OCCU)<\/h2>\n<p>Palau de la Virreina (La Rambla, 99. 08001 Barcelona)<\/p>\n<p>Horario: de lunes a domingo, de 10 a 20.30h. Tel. 93 316 10 00.<\/p>\n<p>M\u00e1s informaci\u00f3n en\u00a0<span style=\"color: #0000ff;\"><a style=\"color: #0000ff;\" href=\"http:\/\/lameva.barcelona.cat\/tiquetrambles\/es\/\">Barcelona Cultura.<\/a><\/span><\/p>\n<h2>C\u00d3MO CANJEAR LOS CHEQUES REGALO<\/h2>\n<p><strong>Desde casa<\/strong><\/p>\n<p>Accede a tu cuenta y realiza la compra normalmente, al final, introduce el c\u00f3digo para canjear tu cheque regalo. El importe de tu regalo es como un cr\u00e9dito con el cual podr\u00e1s adquirir las entradas que quieras cuando quieras. Tu cheque tiene una validez de una temporada.<\/p>\n<p><strong>Presencialmente en las taquillas del Mercat de les Flors y Tiquet Rambles<\/strong><\/p>\n<p><em>Si el coste del producto adquirido es inferior al importe del Cheque Regalo, la diferencia quedar\u00e1 acumulada en la cuenta del cliente.<\/em><\/p>\n","protected":false},"excerpt":{"rendered":"<p>D\u00d3NDE COMPRAR LOS CHEQUES REGALO En las taquillas o\u00a0aqu\u00ed. Si [&hellip;]<\/p>\n","protected":false},"author":1,"featured_media":41474,"parent":0,"menu_order":0,"comment_status":"closed","ping_status":"closed","template":"","meta":[],"_links":{"self":[{"href":"https:\/\/old.mercatflors.cat\/es\/wp-json\/wp\/v2\/pages\/40821\/"}],"collection":[{"href":"https:\/\/old.mercatflors.cat\/es\/wp-json\/wp\/v2\/pages\/"}],"about":[{"href":"https:\/\/old.mercatflors.cat\/es\/wp-json\/wp\/v2\/types\/page\/"}],"author":[{"embeddable":true,"href":"https:\/\/old.mercatflors.cat\/es\/wp-json\/wp\/v2\/users\/1\/"}],"replies":[{"embeddable":true,"href":"https:\/\/old.mercatflors.cat\/es\/wp-json\/wp\/v2\/comments\/?post=40821"}],"version-history":[{"count":0,"href":"https:\/\/old.mercatflors.cat\/es\/wp-json\/wp\/v2\/pages\/40821\/revisions\/"}],"wp:featuredmedia":[{"embeddable":true,"href":"https:\/\/old.mercatflors.cat\/es\/wp-json\/wp\/v2\/media\/41474\/"}],"wp:attachment":[{"href":"https:\/\/old.mercatflors.cat\/es\/wp-json\/wp\/v2\/media\/?parent=40821"}],"curies":[{"name":"wp","href":"https:\/\/api.w.org\/{rel}","templated":true}]}}