{"id":40927,"date":"2019-06-03T10:38:41","date_gmt":"2019-06-03T09:38:41","guid":{"rendered":"https:\/\/old.mercatflors.cat\/?page_id=40927"},"modified":"2019-06-19T17:27:14","modified_gmt":"2019-06-19T16:27:14","slug":"taller-para-espectadores-activos","status":"publish","type":"page","link":"https:\/\/old.mercatflors.cat\/es\/programacion-expandida\/taller-para-espectadores-activos\/","title":{"rendered":"Taller para espectadores activos"},"content":{"rendered":"<h2>Taller para espectadores activos Temporada 2018\/2019<\/h2>\n<p>Un hilo conductor tramado con la propia programaci\u00f3n de la temporada y alrededor de las compa\u00f1\u00edas y creadores. Un hilo que trenza conferencias, seguimiento de procesos, asistencia a ensayos y espect\u00e1culos, conversaciones con los creadores y pr\u00e1cticas que nos aproximan y hacen vivir los particulares universos creativos.<\/p>\n<p><strong>Informaci\u00f3n pr\u00e1ctica<\/strong>: Cada m\u00f3dulo es independiente e incluye: presentaciones, conferencias, pel\u00edculas, experiencias pr\u00e1cticas, ensayos abiertos \/ lecturas comentadas. El espectador puede escoger asistir a 1, 2 o 3 m\u00f3dulos.<\/p>\n<p><strong>1 m\u00f3dulo: 10\u20ac, 2 m\u00f3dulos: 17\u20ac, 3 m\u00f3dulos: 22\u20ac<\/strong> [La inscripci\u00f3n a las actividades por separado cuesta 3\u20ac.<\/p>\n<p>Los m\u00f3dulos 2 y 3 tienen el reconocimiento acad\u00e9mico como actividad dirigida a los alumnos de grado de la Facultad de Geograf\u00eda e Historia de la UB.\u00a0<a href=\"https:\/\/es.patronbase.com\/_MercatFlors\/Seasons\/View?season_id=M2I3\"><span style=\"color: #0000ff;\"><strong>TE PUEDES INSCRIBIR A LOS DOS M\u00d3DULOS AQU\u00cd POR 17\u20ac<\/strong><\/span><\/a><\/p>\n<p>&#8230;&#8230;&#8230;&#8230;&#8230;&#8230;&#8230;&#8230;&#8230;&#8230;&#8230;&#8230;&#8230;&#8230;&#8230;&#8230;&#8230;&#8230;&#8230;&#8230;&#8230;&#8230;&#8230;&#8230;&#8230;&#8230;&#8230;&#8230;&#8230;&#8230;&#8230;&#8230;&#8230;&#8230;&#8230;&#8230;&#8230;&#8230;&#8230;&#8230;&#8230;&#8230;&#8230;&#8230;&#8230;&#8230;&#8230;&#8230;&#8230;&#8230;&#8230;&#8230;&#8230;&#8230;&#8230;&#8230;&#8230;&#8230;&#8230;&#8230;&#8230;&#8230;&#8230;&#8230;&#8230;&#8230;&#8230;&#8230;&#8230;<\/p>\n<p><strong>M\u00d3DULO 1<\/strong><\/p>\n<p><strong>5 de octubre \u2013 19 de enero<\/strong><strong><br \/>\n<\/strong><\/p>\n<ul>\n<li><strong>Conferencia inaugural<\/strong> <em>Desbordando la danza<\/em> a cargo de VICTORIA P\u00c9REZ ROYO, investigadora, editora y profesora de est\u00e9tica y teor\u00eda de las Artes de la Universidad de Zaragoza. <strong>Viernes 5 de octubre a las 18h. <\/strong>Sala PB. <a href=\"https:\/\/es.patronbase.com\/_MercatFlors\/Seats\/NumSeats?prod_id=432&amp;perf_id=1&amp;section_id=M&amp;action=&amp;seat_type_id=BUT\">Adquiere tu entrada<\/a><\/li>\n<li><strong>Conferencia<\/strong> <em>Memoria de una obra y juegos coreogr\u00e1ficos: Merce Cunningham\/Boris Charmatz<\/em>, a cargo de ISABELLE LAUNAY (profesora en el departamento de danza de la Universidad de Par\u00eds 8, en Historia y Est\u00e9tica de la danza contempor\u00e1nea). <strong>Mi\u00e9rcoles 24 de octubre a las 18:30h.<\/strong> Auditorio del Institut del Teatre. <a href=\"https:\/\/es.patronbase.com\/_MercatFlors\/Seats\/NumSeats?prod_id=433&amp;perf_id=1&amp;section_id=M&amp;action=&amp;seat_type_id=BUT\">Adquiere tu entrada<\/a><\/li>\n<li><strong>Ensayo abierto<\/strong> durante la residencia de creaci\u00f3n de ROSER L\u00d3PEZ ESPINOSA. <strong>Mi\u00e9rcoles 28 de noviembre, de 17:30h a 19:30h. <\/strong>Graner.\u00a0Actividad exclusiva para los inscritos al taller<\/li>\n<li><strong>Pel\u00edcula <\/strong><em>Before we go, <\/em>de JORGE LE\u00d3N, 2014, 82\u2019. Un film con Meg Stuart, Beno\u00eet Lachambre y Simone Aughterlony. <strong>Jueves 8 de noviembre a lea 18h<\/strong>. Sala OM. <a href=\"https:\/\/es.patronbase.com\/_MercatFlors\/Seats\/NumSeats?prod_id=434&amp;perf_id=1&amp;section_id=M&amp;action=&amp;seat_type_id=BUT\">Adquiere tu entrada<\/a><\/li>\n<li><strong>Experiencia pr\u00e1ctica<\/strong> de un proceso de creaci\u00f3n, <em>Protocol#10<\/em>, a cargo del colectivo EMP\u00cdRIC (Sonia Fern\u00e1ndez Lage y Anna Roman\u00ed) y los artistas<strong> Anna Hierro, Pere Jou, S\u00f2nia G\u00f3mez, Jordi Oriol, Joana Serra. <\/strong>Con la colaboraci\u00f3n de Agost Produccions. <strong>S\u00e1bado 19 de enero de 10h a 19h<\/strong>. Sala PB. <a href=\"https:\/\/es.patronbase.com\/_MercatFlors\/Seats\/NumSeats?prod_id=435&amp;perf_id=1&amp;section_id=M&amp;action=&amp;seat_type_id=BUT\">Adquiere tu entrada<\/a><\/li>\n<\/ul>\n<p><strong>M\u00d3DULO 2<\/strong><\/p>\n<p><strong>25 de enero \u2013 29 de marzo<\/strong><\/p>\n<ul>\n<li><strong>Conferencia<\/strong> sobre el trabajo de Marlene Monteiro Freitas a cargo de ROBERTO FRATINI. <strong>Viernes 25 de enero a las 18h. <\/strong><span style=\"color: #0000ff;\"><a style=\"color: #0000ff;\" href=\"https:\/\/es.patronbase.com\/_MercatFlors\/Seats\/NumSeats?prod_id=444&amp;perf_id=1&amp;section_id=M&amp;action=&amp;seat_type_id=BUT\">Adquiere tu entrada<\/a><\/span><\/li>\n<li><strong>Experiencia pr\u00e1ctica<\/strong>: taller de Gaga (lenguaje de movimiento creado por Ohad Naharin) con ARIADNA MONTFORT (bailarina y core\u00f3grafa. Imparte clases, cursos y talleres de gaga internacionalmente desde 2008). Sesi\u00f3n destinada a todo tipo de p\u00fablico independientemente de su entrenamiento f\u00edsico.<strong> S\u00e1bado 16 de febrero de 12h a 13h<\/strong>. Institut del Teatre. <span style=\"color: #0000ff;\"><a style=\"color: #0000ff;\" href=\"https:\/\/es.patronbase.com\/_MercatFlors\/Seats\/NumSeats?prod_id=449&amp;perf_id=1&amp;section_id=M&amp;action=&amp;seat_type_id=BUT\">Inscr\u00edbete<\/a><\/span><\/li>\n<li><strong>Pel\u00edcula<\/strong> <em>Out of Focus,<\/em> de TOMER HEYMANN sobre el trabajo de Ohad Naharin. <strong>Viernes 22 de febrero a las 18h<\/strong>. Sala PB. <span style=\"color: #0000ff;\"><a style=\"color: #0000ff;\" href=\"https:\/\/es.patronbase.com\/_MercatFlors\/Seats\/NumSeats?prod_id=445&amp;perf_id=1&amp;section_id=M&amp;action=&amp;seat_type_id=BUT\">Adquiere tu entrada<\/a><\/span><\/li>\n<li><strong>Ensayo abierto<\/strong> durante la residencia de creaci\u00f3n de <em>Flamingos<\/em> de ALBERT QUESADA (Proyecto C\u00e9lula). Sala MAC. <strong>Viernes <\/strong><strong>1 de marzo de 18:30h a 20h<\/strong><\/li>\n<li><strong>Pel\u00edcula<\/strong> <em>Achterland,<\/em> de ANNE TERESA DE KEERSMAEKER i HERMANN VAN EYKEN, 1994, 84\u2019. Adaptaci\u00f3 cinematogr\u00e0fica de la pe\u00e7a del 1990 amb el c\u00e0sting original. <strong>Viernes 29 de marzo a las 18h<\/strong>. Sala PB. <span style=\"color: #0000ff;\"><a style=\"color: #0000ff;\" href=\"https:\/\/es.patronbase.com\/_MercatFlors\/Seats\/NumSeats?prod_id=447&amp;perf_id=1&amp;section_id=M&amp;action=&amp;seat_type_id=BUT\">Adquiere tu entrada <\/a><\/span><\/li>\n<\/ul>\n<p><strong>M\u00d3DULO 3<\/strong><\/p>\n<p><strong>16 de abril \u2013 1 de junio<\/strong><\/p>\n<ul>\n<li><strong>Metodolog\u00edas pr\u00e1cticas<\/strong><em>. DATA. Sobre el acto de bailar<\/em>, de LIPI HERN\u00c1NDEZ (bailarina, core\u00f3grafa e investigadora en el \u00e1mbito del cuerpo y el movimiento, profesora en el Institut del Teatre)<strong>. <\/strong>Sesi\u00f3n para no profesionales.<strong> Martes 9 de abril de 18:30h a 20:30h. Sala MAC<\/strong>.\u00a0<a href=\"https:\/\/es.patronbase.com\/_MercatFlors\/Seats\/NumSeats?prod_id=483&amp;perf_id=1&amp;section_id=M&amp;action=&amp;seat_type_id=BUT\"><span style=\"color: #0000ff;\">Adquiere tu entrada<\/span><\/a><\/li>\n<li><strong>Conferencia <\/strong><em>Dansza y provocaci\u00f3n. Una<\/em> <em>aproximaci\u00f3n al trabajo de La Ribot<\/em>* a cargo de la Dra. MAGDA POLO <strong>a las 18h<\/strong> y <em>vernissage<\/em> de celebraci\u00f3n del estreno de la Constelaci\u00f3n LA RIBOT de 1993 a 2014 <strong>(despu\u00e9s de la obra <em>Panoramix<\/em>)<\/strong>. <strong>Mi\u00e9rcoles 24 de abril.<\/strong> Espais del Mercat de les Flors.\u00a0<a href=\"https:\/\/es.patronbase.com\/_MercatFlors\/Seats\/NumSeats?prod_id=490&amp;perf_id=1&amp;section_id=M&amp;action=&amp;seat_type_id=BUT\"><span style=\"color: #0000ff;\">Adquiere tu entrada<\/span><\/a><\/li>\n<li><strong>Acci\u00f3n conferencia <\/strong><em>Piezas, arquitecturas y fetiches<\/em><strong>. <\/strong>Un recorrido sobre la obra de La Ribot a cargo de JAIME CONDE-SALAZAR (cr\u00edtico de danza, licenciado en Historia del arte (Universidad Complutense), MA in Performance Studies NY University). <strong>Jueves 25 de abril a las 19h<\/strong>. Sala PB.\u00a0<a href=\"https:\/\/es.patronbase.com\/_MercatFlors\/Seats\/NumSeats?prod_id=484&amp;perf_id=1&amp;section_id=M&amp;action=&amp;seat_type_id=BUT\"><span style=\"color: #0000ff;\">Adquiere tu entrada<\/span><\/a><\/li>\n<li><strong>Debate post funci\u00f3n <\/strong><em>Dramaturgias del debate<\/em><strong> sobre <em>Tordre<\/em><\/strong> de Rachid Ouramdane, a cargo de AGOST PRODUCCIONS.<strong> S\u00e1bado 4 de mayo<\/strong><strong> despu\u00e9s de la funci\u00f3n*.<\/strong> Foyer del Mercat de les Flors<\/li>\n<li><strong>Ensayo abierto<\/strong> durante\u00a0 la residencia de JES\u00daS RUBIO GAMO. Semana del 14 al 16 de mayo. <strong>D\u00eda por confirmar, a las 18:30h<\/strong>. Sala PB<\/li>\n<li><strong>Experiencia pr\u00e1ctica<\/strong> con ESCARLATA CIRCUS. Taller sobre el payaso. <strong>Martes 28 de mayo de 18:30h a 20h<\/strong>. Sala MAC.\u00a0<a href=\"https:\/\/es.patronbase.com\/_MercatFlors\/Errors\/SoldOutProd?prod_id=487\"><span style=\"color: #0000ff;\">Adquiere tu entrada<\/span><\/a><\/li>\n<li><strong>Pel\u00edculas<\/strong> Constelaci\u00f3n ESCARLATA CIRCUS. <strong>S\u00e1bado 1 de junio y domingo 2 de junio a las 19h<\/strong>. Sala SG.\u00a0<a href=\"https:\/\/es.patronbase.com\/_MercatFlors\/Seats\/NumSeats?prod_id=489&amp;perf_id=1&amp;section_id=M&amp;action=&amp;seat_type_id=BUT\"><span style=\"color: #0000ff;\">Adquiere tu entrada<\/span><\/a><\/li>\n<\/ul>\n<p><a href=\"https:\/\/es.patronbase.com\/_MercatFlorsEs\/Seasons\/View?season_id=MOD3\"><span style=\"color: #0000ff;\">Consigue aqu\u00ed tu PACK de todo el M\u00d3DULO 3 por s\u00f3lo 10\u20ac<\/span><\/a><\/p>\n<p>*Ser\u00e1 necesario adquirir una entrada para asistir a la funci\u00f3n.<\/p>\n","protected":false},"excerpt":{"rendered":"<p>Taller para espectadores activos Temporada 2018\/2019 Un hilo conductor tramado [&hellip;]<\/p>\n","protected":false},"author":1,"featured_media":39021,"parent":39431,"menu_order":0,"comment_status":"closed","ping_status":"closed","template":"","meta":[],"_links":{"self":[{"href":"https:\/\/old.mercatflors.cat\/es\/wp-json\/wp\/v2\/pages\/40927\/"}],"collection":[{"href":"https:\/\/old.mercatflors.cat\/es\/wp-json\/wp\/v2\/pages\/"}],"about":[{"href":"https:\/\/old.mercatflors.cat\/es\/wp-json\/wp\/v2\/types\/page\/"}],"author":[{"embeddable":true,"href":"https:\/\/old.mercatflors.cat\/es\/wp-json\/wp\/v2\/users\/1\/"}],"replies":[{"embeddable":true,"href":"https:\/\/old.mercatflors.cat\/es\/wp-json\/wp\/v2\/comments\/?post=40927"}],"version-history":[{"count":0,"href":"https:\/\/old.mercatflors.cat\/es\/wp-json\/wp\/v2\/pages\/40927\/revisions\/"}],"up":[{"embeddable":true,"href":"https:\/\/old.mercatflors.cat\/es\/wp-json\/wp\/v2\/pages\/39431\/"}],"wp:featuredmedia":[{"embeddable":true,"href":"https:\/\/old.mercatflors.cat\/es\/wp-json\/wp\/v2\/media\/39021\/"}],"wp:attachment":[{"href":"https:\/\/old.mercatflors.cat\/es\/wp-json\/wp\/v2\/media\/?parent=40927"}],"curies":[{"name":"wp","href":"https:\/\/api.w.org\/{rel}","templated":true}]}}