{"id":40931,"date":"2019-06-03T10:46:25","date_gmt":"2019-06-03T09:46:25","guid":{"rendered":"https:\/\/old.mercatflors.cat\/?page_id=40931"},"modified":"2019-10-09T10:44:58","modified_gmt":"2019-10-09T09:44:58","slug":"una-hora-antes","status":"publish","type":"page","link":"https:\/\/old.mercatflors.cat\/es\/programacion-expandida\/una-hora-antes\/","title":{"rendered":"Una hora antes"},"content":{"rendered":"<p>&nbsp;<\/p>\n<h2><strong>Una Hora Antes<\/strong><\/h2>\n<p>Actividad para estar m\u00e1s informados de todo lo que pasa en el escenario. De la mano de profesionales del sector, bailarines, core\u00f3grafos y te\u00f3ricos tendremos las voces e historias m\u00e1s \u00edntimas y cercanas, para desvelarnos detalles, referencias y contextos de la compa\u00f1\u00eda y del creador.\u00a0<strong>Los s\u00e1bados de funci\u00f3n seg\u00fan programa, a las 19 h<\/strong>. Gratuito. Actividad coordinada por BdDansa_Explicadansa.<\/p>\n<p><strong>Christian Rizzo \/ ICI-CCN Montpellier<\/strong> &#8211; <em>une maison<\/em>. Con Cl\u00e0udia Brufau. S\u00e1bado, 5 de 0ctubre.<\/p>\n<p><strong>Pep Ramis \/ Mal Pelo<\/strong> \u2013 <em>The Mountain, the Truth &amp; the Paradise<\/em>. Con Maria Mu\u00f1oz. S\u00e1bado, 26 de octubre.<\/p>\n<p><strong>Albert Quesada<\/strong> \u2013 <em>Flamingos<\/em>. Con Mireia de Querol. S\u00e1bado, 9 de noviembre.<\/p>\n<p><strong>Societat Doctor Alonso<\/strong> \u2013 <em>Contrakant<\/em> \u2013 S\u00e1bado, 7 de marzo.<\/p>\n<p><strong>Andr\u00e9s Corchero<\/strong> \u2013 <em>Abs\u00e8ncies<\/em>. S\u00e1bado, 18 de enero.<\/p>\n<p><strong>C\u00eda. Daniel Abreu<\/strong> \u2013 <em>La desnudez<\/em>. S\u00e1bado, 1 de febrero.<\/p>\n<p><strong>Kukai Dantza &amp; Sharon Fridman<\/strong> \u2013 <em>Erritu<\/em>. S\u00e1bado, 22 de febrero.<\/p>\n<p><strong>Lia Rodrigues Companhia de Dan\u00e7as<\/strong> \u2013 <em>Para que o c\u00e9u nao caia<\/em>. S\u00e1bado, 28 de marzo.<\/p>\n<p><strong>Marina Mascarell &amp; Sk\u00e5nes Dansteater <\/strong>&#8211;\u00a0<em>Second Landscape<\/em>. S\u00e1bado, 25 de abril.<\/p>\n<p><strong>Robyn Orlin i Albert Khoza<\/strong> &#8211; <em>And so you see&#8230;<\/em> S\u00e1bado, 16 de mayo.<\/p>\n","protected":false},"excerpt":{"rendered":"<p>&nbsp; Una Hora Antes Actividad para estar m\u00e1s informados de [&hellip;]<\/p>\n","protected":false},"author":1,"featured_media":44398,"parent":39431,"menu_order":0,"comment_status":"closed","ping_status":"closed","template":"","meta":[],"_links":{"self":[{"href":"https:\/\/old.mercatflors.cat\/es\/wp-json\/wp\/v2\/pages\/40931\/"}],"collection":[{"href":"https:\/\/old.mercatflors.cat\/es\/wp-json\/wp\/v2\/pages\/"}],"about":[{"href":"https:\/\/old.mercatflors.cat\/es\/wp-json\/wp\/v2\/types\/page\/"}],"author":[{"embeddable":true,"href":"https:\/\/old.mercatflors.cat\/es\/wp-json\/wp\/v2\/users\/1\/"}],"replies":[{"embeddable":true,"href":"https:\/\/old.mercatflors.cat\/es\/wp-json\/wp\/v2\/comments\/?post=40931"}],"version-history":[{"count":0,"href":"https:\/\/old.mercatflors.cat\/es\/wp-json\/wp\/v2\/pages\/40931\/revisions\/"}],"up":[{"embeddable":true,"href":"https:\/\/old.mercatflors.cat\/es\/wp-json\/wp\/v2\/pages\/39431\/"}],"wp:featuredmedia":[{"embeddable":true,"href":"https:\/\/old.mercatflors.cat\/es\/wp-json\/wp\/v2\/media\/44398\/"}],"wp:attachment":[{"href":"https:\/\/old.mercatflors.cat\/es\/wp-json\/wp\/v2\/media\/?parent=40931"}],"curies":[{"name":"wp","href":"https:\/\/api.w.org\/{rel}","templated":true}]}}