{"id":40936,"date":"2019-06-03T10:48:54","date_gmt":"2019-06-03T09:48:54","guid":{"rendered":"https:\/\/old.mercatflors.cat\/?page_id=40936"},"modified":"2020-03-06T11:21:26","modified_gmt":"2020-03-06T10:21:26","slug":"dramaturgias-del-debate","status":"publish","type":"page","link":"https:\/\/old.mercatflors.cat\/es\/programacion-expandida\/dramaturgias-del-debate\/","title":{"rendered":"Dramaturgias del debate"},"content":{"rendered":"<p>&nbsp;<\/p>\n<h2><strong>Dramaturgias del Debate<\/strong><\/h2>\n<p>Una serie de versiones, subversiones o perversiones de los encuentros entre p\u00fablico y artistas. En cada sesi\u00f3n se activar\u00e1 un juego dial\u00e9ctico diferente, una pauta de conversaci\u00f3n, con el objetivo de hablar sobre el espect\u00e1culo que se ha visto de una forma distendida, propiciando m\u00e1s la interrelaci\u00f3n entre el p\u00fablico. No todos los juegos contemplan la presencia de los artistas en el debate. Un proyecto de Agost Produccions y Roberto Fratini. Gratuito.<\/p>\n<p><strong>Quim Bigas<\/strong> \u2013 <em>Despla\u00e7ament variable,\u00a0<\/em><strong>conducida por Manel Alcob\u00e9<\/strong><em>.<\/em>\u00a0S\u00e1bado, 19 de octubre.<\/p>\n<p><strong>GN|MC Guy Nader i Maria Campos<\/strong> \u2013 <em>Set of sets, <\/em><strong>conducida por Fito Conesa<\/strong><em>.<\/em>\u00a0Viernes, 25 de octubre.<\/p>\n<p><strong>Albert Quesada<\/strong> \u2013 <em>Flamingos,\u00a0<\/em><strong>conducida por Fito Conesa<\/strong>.\u00a0Viernes, 8 de noviembre.<\/p>\n<p><strong>Roger Bernat<\/strong> \u2013 <em>La consagraci\u00f3 de la primavera<\/em>, <strong>conducida por \u00d3scar Cornago y Roberto Fratini<\/strong>. S\u00e1bado, 29 de febrero.<\/p>\n<p><strong>La Intrusa<\/strong> \u2013<em> It\u2019s a wrap<\/em>, <strong>conducida por Fito Conesa<\/strong>. Viernes, 13 de marzo.<\/p>\n<p><strong>Lia Rodrigues<\/strong> \u2013 <em>Furia<\/em>. , <strong>conducida por Oriol Puig Taul\u00e9<\/strong>. S\u00e1bado, 4 de abril.<\/p>\n<p><strong>Marina Mascarell &amp; Sk\u00e5nes Dansteater<\/strong> \u2013 <em>Second Landscape<\/em>, <strong>conducci\u00f3n por determinar<\/strong>.\u00a0Viernes, 24 de abril.<\/p>\n<p><strong>Bruno Beltr\u00e3o<\/strong> \u2013 <em>Inoah<\/em>, <strong>conducci\u00f3n por determinar<\/strong>. S\u00e1bado, 9 de mayo.<\/p>\n","protected":false},"excerpt":{"rendered":"<p>&nbsp; Dramaturgias del Debate Una serie de versiones, subversiones o [&hellip;]<\/p>\n","protected":false},"author":1,"featured_media":45711,"parent":39431,"menu_order":0,"comment_status":"closed","ping_status":"closed","template":"","meta":[],"_links":{"self":[{"href":"https:\/\/old.mercatflors.cat\/es\/wp-json\/wp\/v2\/pages\/40936\/"}],"collection":[{"href":"https:\/\/old.mercatflors.cat\/es\/wp-json\/wp\/v2\/pages\/"}],"about":[{"href":"https:\/\/old.mercatflors.cat\/es\/wp-json\/wp\/v2\/types\/page\/"}],"author":[{"embeddable":true,"href":"https:\/\/old.mercatflors.cat\/es\/wp-json\/wp\/v2\/users\/1\/"}],"replies":[{"embeddable":true,"href":"https:\/\/old.mercatflors.cat\/es\/wp-json\/wp\/v2\/comments\/?post=40936"}],"version-history":[{"count":0,"href":"https:\/\/old.mercatflors.cat\/es\/wp-json\/wp\/v2\/pages\/40936\/revisions\/"}],"up":[{"embeddable":true,"href":"https:\/\/old.mercatflors.cat\/es\/wp-json\/wp\/v2\/pages\/39431\/"}],"wp:featuredmedia":[{"embeddable":true,"href":"https:\/\/old.mercatflors.cat\/es\/wp-json\/wp\/v2\/media\/45711\/"}],"wp:attachment":[{"href":"https:\/\/old.mercatflors.cat\/es\/wp-json\/wp\/v2\/media\/?parent=40936"}],"curies":[{"name":"wp","href":"https:\/\/api.w.org\/{rel}","templated":true}]}}