{"id":40942,"date":"2019-06-03T10:51:18","date_gmt":"2019-06-03T09:51:18","guid":{"rendered":"https:\/\/old.mercatflors.cat\/?page_id=40942"},"modified":"2019-09-05T08:47:28","modified_gmt":"2019-09-05T07:47:28","slug":"conversaciones-despues-de-la-funcion","status":"publish","type":"page","link":"https:\/\/old.mercatflors.cat\/es\/programacion-expandida\/conversaciones-despues-de-la-funcion\/","title":{"rendered":"Conversaciones despu\u00e9s de la funci\u00f3n"},"content":{"rendered":"<p>&nbsp;<\/p>\n<h2><strong>Conversaciones despu\u00e9s de la funci\u00f3n<\/strong><\/h2>\n<p>Al terminar la funci\u00f3n invitamos a algunos de los core\u00f3grafos de la temporada a compartir un rato con su p\u00fablico. <strong>Los viernes despu\u00e9s de la funci\u00f3n<\/strong>\u00a0(excepto Raquel Klein). Actividad gratuita.<\/p>\n<p><strong>Quim Bigas con Ana Buitrago<\/strong>\u00a0\u2013 <em>Despla\u00e7ament variable<\/em>. Viernes, 18 de octubre.<\/p>\n<p><strong>Olga Pericet<\/strong> \u2013 <em>Un cuerpo infinito<\/em>. Viernes, 1 de noviembre.<\/p>\n<p><strong>Societat Doctor Alonso con Ernesto Collado \u2013 <\/strong><em>Sobre la bellesa<\/em>. Viernes, 29 de noviembre.<\/p>\n<p><strong>Raquel Klein <\/strong>\u2013 <em>Wu Wei<\/em>. Viernes, 25 de enero.<\/p>\n<p><strong>Roser L\u00f3pez Espinosa<\/strong> &#8211; <em>Noviembre<\/em>. Viernes, 6 de marzo.<\/p>\n<p><strong>Lia Rodrigues<\/strong> &#8211; <em>Para que o c\u00e9u n\u00e3o caia (Para que el cielo no caiga)<\/em>. Viernes, 27 de marzo.<\/p>\n","protected":false},"excerpt":{"rendered":"<p>&nbsp; Conversaciones despu\u00e9s de la funci\u00f3n Al terminar la funci\u00f3n [&hellip;]<\/p>\n","protected":false},"author":1,"featured_media":39083,"parent":39431,"menu_order":0,"comment_status":"closed","ping_status":"closed","template":"","meta":[],"_links":{"self":[{"href":"https:\/\/old.mercatflors.cat\/es\/wp-json\/wp\/v2\/pages\/40942\/"}],"collection":[{"href":"https:\/\/old.mercatflors.cat\/es\/wp-json\/wp\/v2\/pages\/"}],"about":[{"href":"https:\/\/old.mercatflors.cat\/es\/wp-json\/wp\/v2\/types\/page\/"}],"author":[{"embeddable":true,"href":"https:\/\/old.mercatflors.cat\/es\/wp-json\/wp\/v2\/users\/1\/"}],"replies":[{"embeddable":true,"href":"https:\/\/old.mercatflors.cat\/es\/wp-json\/wp\/v2\/comments\/?post=40942"}],"version-history":[{"count":0,"href":"https:\/\/old.mercatflors.cat\/es\/wp-json\/wp\/v2\/pages\/40942\/revisions\/"}],"up":[{"embeddable":true,"href":"https:\/\/old.mercatflors.cat\/es\/wp-json\/wp\/v2\/pages\/39431\/"}],"wp:featuredmedia":[{"embeddable":true,"href":"https:\/\/old.mercatflors.cat\/es\/wp-json\/wp\/v2\/media\/39083\/"}],"wp:attachment":[{"href":"https:\/\/old.mercatflors.cat\/es\/wp-json\/wp\/v2\/media\/?parent=40942"}],"curies":[{"name":"wp","href":"https:\/\/api.w.org\/{rel}","templated":true}]}}