{"id":40947,"date":"2019-06-03T10:52:58","date_gmt":"2019-06-03T09:52:58","guid":{"rendered":"https:\/\/old.mercatflors.cat\/?page_id=40947"},"modified":"2020-03-02T17:40:15","modified_gmt":"2020-03-02T16:40:15","slug":"una-horita-antes","status":"publish","type":"page","link":"https:\/\/old.mercatflors.cat\/es\/programacion-expandida\/una-horita-antes\/","title":{"rendered":"Una horita antes"},"content":{"rendered":"<p>&nbsp;<\/p>\n<h2><strong>Una Horita Antes<\/strong><strong>\u00a0<\/strong><\/h2>\n<p>Para los espectadores inquietos de <strong>TALLA \u00daNICA<\/strong>. Propuestas visuales y de juego en la entrada del espect\u00e1culo para sumergirse en el imaginario de la pieza esc\u00e9nica. Grandes y peque\u00f1os son bienvenidos en estas experiencias de percepci\u00f3n y reflexi\u00f3n de formatos diversos. Coordinadas y conducidas por Magdalena Garz\u00f3n, artista y pedagoga de la danza &#8211; con la colaboraci\u00f3n de Oriol Corral, escen\u00f3grafo. Al hall y el foyer del Mercat. Actividad gratuita.<\/p>\n<p><strong>Quim Gir\u00f3n<\/strong> &#8211; <em>Nu 23\u00e8 Circ d\u2019Hivern<\/em>. Todos los d\u00edas de funci\u00f3n.<\/p>\n<p><strong>Big Bouncers<\/strong> \u2013 <em>Jungla<\/em>. Todos los d\u00edas de funci\u00f3n.<\/p>\n<p><strong>Aracaladanza<\/strong> \u2013 <em>Play<\/em>. Todos los d\u00edas de funci\u00f3n.<\/p>\n<p><strong>Fernanda Fragateiro i Aldara Bizarro<\/strong> \u2013 <em>Caixa per guardar el buit<\/em>. Todos los d\u00edas de funci\u00f3n.<\/p>\n<p><strong>MiraMir\u00f3<\/strong> \u2013 <em>Baal<\/em>. Todos los d\u00edas de funci\u00f3n.<\/p>\n","protected":false},"excerpt":{"rendered":"<p>&nbsp; Una Horita Antes\u00a0 Para los espectadores inquietos de TALLA [&hellip;]<\/p>\n","protected":false},"author":1,"featured_media":42833,"parent":39431,"menu_order":0,"comment_status":"closed","ping_status":"closed","template":"","meta":[],"_links":{"self":[{"href":"https:\/\/old.mercatflors.cat\/es\/wp-json\/wp\/v2\/pages\/40947\/"}],"collection":[{"href":"https:\/\/old.mercatflors.cat\/es\/wp-json\/wp\/v2\/pages\/"}],"about":[{"href":"https:\/\/old.mercatflors.cat\/es\/wp-json\/wp\/v2\/types\/page\/"}],"author":[{"embeddable":true,"href":"https:\/\/old.mercatflors.cat\/es\/wp-json\/wp\/v2\/users\/1\/"}],"replies":[{"embeddable":true,"href":"https:\/\/old.mercatflors.cat\/es\/wp-json\/wp\/v2\/comments\/?post=40947"}],"version-history":[{"count":0,"href":"https:\/\/old.mercatflors.cat\/es\/wp-json\/wp\/v2\/pages\/40947\/revisions\/"}],"up":[{"embeddable":true,"href":"https:\/\/old.mercatflors.cat\/es\/wp-json\/wp\/v2\/pages\/39431\/"}],"wp:featuredmedia":[{"embeddable":true,"href":"https:\/\/old.mercatflors.cat\/es\/wp-json\/wp\/v2\/media\/42833\/"}],"wp:attachment":[{"href":"https:\/\/old.mercatflors.cat\/es\/wp-json\/wp\/v2\/media\/?parent=40947"}],"curies":[{"name":"wp","href":"https:\/\/api.w.org\/{rel}","templated":true}]}}