{"id":40953,"date":"2019-06-03T10:54:15","date_gmt":"2019-06-03T09:54:15","guid":{"rendered":"https:\/\/old.mercatflors.cat\/?page_id=40953"},"modified":"2019-09-25T15:00:06","modified_gmt":"2019-09-25T14:00:06","slug":"sabados-con-taller","status":"publish","type":"page","link":"https:\/\/old.mercatflors.cat\/es\/programacion-expandida\/sabados-con-taller\/","title":{"rendered":"S\u00e1bados con taller"},"content":{"rendered":"<p>&nbsp;<\/p>\n<h2><strong>S\u00e1bados con Taller<\/strong><\/h2>\n<p>Proponemos a ni\u00f1as y ni\u00f1os de 7 a 10 a\u00f1os seguir la temporada con ocho talleres para disfrutar del Mercat de les Flors. Conviviremos y dialogaremos con los artistas y podremos conocer el teatro por dentro: \u00bfqu\u00e9 se hace?, \u00bfc\u00f3mo son los espacios?, \u00bfc\u00f3mo trabajan los creadores y bailarines?<\/p>\n<p><strong>Linn Johansson<\/strong>. De 7 a 10 a\u00f1os. 19 de octubre de 2019, de 10 a 13h, Sala SG.<\/p>\n<p><strong>Quim Bigas<\/strong>. De 7 a 10 a\u00f1os. 9 de noviembre de 2019, de 10 a 13h, Sala SG.<\/p>\n<p><strong>Quim Gir\u00f3n<\/strong>. De 7 a 10 a\u00f1os. 25 de enero de 2020, de 10 a 13h, Sala SG.<\/p>\n<p><strong>Catalina Carrasco (alrededor del espect\u00e1culo MiraMir\u00f3)<\/strong>. 29 de febrero de 2020, de 7 a 10 a\u00f1os. De 10 a 13h, Sala SG.<\/p>\n<p><strong>Alrededor del espect\u00e1culo Oscyl<\/strong>. 21 de marzo de 2020, de 7 a 10 a\u00f1os. De 10 a 13h, Sala OM.<\/p>\n<p><strong>Viviane Calvitti &#8211; Diversidad Funcional<\/strong>. 25 de abril de 2020, de 7 a 10 a\u00f1os. De 10 a 13h, Sala PB.<\/p>\n<p><strong>Diego Sinniger<\/strong>. 9 de mayo de 2020, de 7 a 10 a\u00f1os. De 10 a 13h, Sala SG.<\/p>\n","protected":false},"excerpt":{"rendered":"<p>&nbsp; S\u00e1bados con Taller Proponemos a ni\u00f1as y ni\u00f1os de [&hellip;]<\/p>\n","protected":false},"author":1,"featured_media":42842,"parent":39431,"menu_order":0,"comment_status":"closed","ping_status":"closed","template":"","meta":[],"_links":{"self":[{"href":"https:\/\/old.mercatflors.cat\/es\/wp-json\/wp\/v2\/pages\/40953\/"}],"collection":[{"href":"https:\/\/old.mercatflors.cat\/es\/wp-json\/wp\/v2\/pages\/"}],"about":[{"href":"https:\/\/old.mercatflors.cat\/es\/wp-json\/wp\/v2\/types\/page\/"}],"author":[{"embeddable":true,"href":"https:\/\/old.mercatflors.cat\/es\/wp-json\/wp\/v2\/users\/1\/"}],"replies":[{"embeddable":true,"href":"https:\/\/old.mercatflors.cat\/es\/wp-json\/wp\/v2\/comments\/?post=40953"}],"version-history":[{"count":0,"href":"https:\/\/old.mercatflors.cat\/es\/wp-json\/wp\/v2\/pages\/40953\/revisions\/"}],"up":[{"embeddable":true,"href":"https:\/\/old.mercatflors.cat\/es\/wp-json\/wp\/v2\/pages\/39431\/"}],"wp:featuredmedia":[{"embeddable":true,"href":"https:\/\/old.mercatflors.cat\/es\/wp-json\/wp\/v2\/media\/42842\/"}],"wp:attachment":[{"href":"https:\/\/old.mercatflors.cat\/es\/wp-json\/wp\/v2\/media\/?parent=40953"}],"curies":[{"name":"wp","href":"https:\/\/api.w.org\/{rel}","templated":true}]}}