{"id":40956,"date":"2019-06-03T10:55:01","date_gmt":"2019-06-03T09:55:01","guid":{"rendered":"https:\/\/old.mercatflors.cat\/?page_id=40956"},"modified":"2020-03-05T15:46:20","modified_gmt":"2020-03-05T14:46:20","slug":"vacaciones-con-taller","status":"publish","type":"page","link":"https:\/\/old.mercatflors.cat\/es\/programacion-expandida\/vacaciones-con-taller\/","title":{"rendered":"Vacaciones con taller"},"content":{"rendered":"<p>&nbsp;<\/p>\n<h2>Talleres de Navidad y Semana Santa<\/h2>\n<p>Durante las vacaciones de Navidad y Semana Santa initamos a ni\u00f1as y ni\u00f1os a hacer una pr\u00e1ctica de cuerpo en el Mercat de les Flors. Conviviremos con los artistas y podremos conocer el equipamiento por dentro: \u00bfqu\u00e9 se hace? \u00bfC\u00f3mo son los espacios? \u00bfC\u00f3mo trabajan los creadores y bailarinas\/es? \u00a0Promoveremos el di\u00e1logo entre todos los \u201cresidentes\u201d peque\u00f1os y grandes, artistas y peque\u00f1os.<\/p>\n<h2>Navidad<\/h2>\n<p><a href=\"https:\/\/old.mercatflors.cat\/es\/activitat\/los-secretos-del-circo-vacaciones-con-taller\/\"><strong>Escuela de Circo Rogelio Rivel (de 6 a 12 a\u00f1os)<\/strong> &#8211; 2, 3 y 4 de enero de 2020, de 10 a 13h en la Sala PB<\/a><\/p>\n<p><a href=\"https:\/\/old.mercatflors.cat\/es\/activitat\/los-secretos-del-circo-vacaciones-con-taller\/\"><img decoding=\"async\" loading=\"lazy\" class=\"alignnone size-medium wp-image-44845\" src=\"https:\/\/old.mercatflors.cat\/wp-content\/uploads\/2019\/10\/Foto-taller-Nadal_350x200-350x200.jpg\" alt=\"\" width=\"350\" height=\"200\" srcset=\"https:\/\/old.mercatflors.cat\/wp-content\/uploads\/2019\/10\/Foto-taller-Nadal_350x200.jpg 350w, https:\/\/old.mercatflors.cat\/wp-content\/uploads\/2019\/10\/Foto-taller-Nadal_350x200-223x127.jpg 223w\" sizes=\"(max-width: 350px) 100vw, 350px\" \/><\/a><\/p>\n<p><a href=\"https:\/\/old.mercatflors.cat\/es\/activitat\/los-secretos-del-circo-vacaciones-con-taller\/\"><span style=\"color: #0000ff;\">M\u00e1s info e inscripciones aqu\u00ed<\/span><\/a><\/p>\n<h2>Semana Santa<\/h2>\n<p><a href=\"https:\/\/old.mercatflors.cat\/es\/activitat\/taller-de-semana-santa-proyecto-laberintos-movimiento-juego-y-creatividad\/\"><strong>Cristina Mart\u00ed (de 6 a 8 a\u00f1os)<\/strong> &#8211; 6, 7 y 8 de abril de 2020, de 10 a 13h en la Sala SG<\/a><\/p>\n<p><a href=\"https:\/\/old.mercatflors.cat\/es\/activitat\/taller-de-semana-santa-proyecto-laberintos-movimiento-juego-y-creatividad\/\"><img decoding=\"async\" loading=\"lazy\" class=\"alignnone size-medium wp-image-45105\" src=\"https:\/\/old.mercatflors.cat\/wp-content\/uploads\/2019\/12\/taller-setmana-santa-cristi-1-350x200.jpg\" alt=\"\" width=\"350\" height=\"200\" srcset=\"https:\/\/old.mercatflors.cat\/wp-content\/uploads\/2019\/12\/taller-setmana-santa-cristi-1.jpg 350w, https:\/\/old.mercatflors.cat\/wp-content\/uploads\/2019\/12\/taller-setmana-santa-cristi-1-223x127.jpg 223w\" sizes=\"(max-width: 350px) 100vw, 350px\" \/><\/a><\/p>\n<p><a href=\"https:\/\/old.mercatflors.cat\/es\/activitat\/taller-de-semana-santa-proyecto-laberintos-movimiento-juego-y-creatividad\/\"><span style=\"color: #0000ff;\">M\u00e1s info e inscripciones aqu\u00ed<\/span><\/a><\/p>\n<p><a href=\"https:\/\/old.mercatflors.cat\/es\/activitat\/taller-de-semana-santa-el-juego-como-interaccion-del-espacio\/\"><strong>Manel Salas (de 9 a 12 a\u00f1os)<\/strong> &#8211; 6, 7 y 8 de abril de 2020, de 10 a 13h en el Institut del Teatre<\/a><\/p>\n<p><a href=\"https:\/\/old.mercatflors.cat\/es\/activitat\/taller-de-semana-santa-el-juego-como-interaccion-del-espacio\/\"><img decoding=\"async\" loading=\"lazy\" class=\"alignnone size-medium wp-image-45112\" src=\"https:\/\/old.mercatflors.cat\/wp-content\/uploads\/2019\/12\/taller-manel-salas-1-350x200.jpg\" alt=\"\" width=\"350\" height=\"200\" srcset=\"https:\/\/old.mercatflors.cat\/wp-content\/uploads\/2019\/12\/taller-manel-salas-1.jpg 350w, https:\/\/old.mercatflors.cat\/wp-content\/uploads\/2019\/12\/taller-manel-salas-1-223x127.jpg 223w\" sizes=\"(max-width: 350px) 100vw, 350px\" \/><\/a><\/p>\n<p><a href=\"https:\/\/old.mercatflors.cat\/es\/activitat\/taller-de-semana-santa-el-juego-como-interaccion-del-espacio\/\"><span style=\"color: #0000ff;\">M\u00e1s info e inscripciones aqu\u00ed<\/span><\/a><\/p>\n","protected":false},"excerpt":{"rendered":"<p>&nbsp; Talleres de Navidad y Semana Santa Durante las vacaciones [&hellip;]<\/p>\n","protected":false},"author":1,"featured_media":42839,"parent":39431,"menu_order":0,"comment_status":"closed","ping_status":"closed","template":"","meta":[],"_links":{"self":[{"href":"https:\/\/old.mercatflors.cat\/es\/wp-json\/wp\/v2\/pages\/40956\/"}],"collection":[{"href":"https:\/\/old.mercatflors.cat\/es\/wp-json\/wp\/v2\/pages\/"}],"about":[{"href":"https:\/\/old.mercatflors.cat\/es\/wp-json\/wp\/v2\/types\/page\/"}],"author":[{"embeddable":true,"href":"https:\/\/old.mercatflors.cat\/es\/wp-json\/wp\/v2\/users\/1\/"}],"replies":[{"embeddable":true,"href":"https:\/\/old.mercatflors.cat\/es\/wp-json\/wp\/v2\/comments\/?post=40956"}],"version-history":[{"count":0,"href":"https:\/\/old.mercatflors.cat\/es\/wp-json\/wp\/v2\/pages\/40956\/revisions\/"}],"up":[{"embeddable":true,"href":"https:\/\/old.mercatflors.cat\/es\/wp-json\/wp\/v2\/pages\/39431\/"}],"wp:featuredmedia":[{"embeddable":true,"href":"https:\/\/old.mercatflors.cat\/es\/wp-json\/wp\/v2\/media\/42839\/"}],"wp:attachment":[{"href":"https:\/\/old.mercatflors.cat\/es\/wp-json\/wp\/v2\/media\/?parent=40956"}],"curies":[{"name":"wp","href":"https:\/\/api.w.org\/{rel}","templated":true}]}}