{"id":41203,"date":"2019-06-20T11:10:57","date_gmt":"2019-06-20T10:10:57","guid":{"rendered":"https:\/\/old.mercatflors.cat\/?page_id=41203"},"modified":"2019-07-09T12:35:10","modified_gmt":"2019-07-09T11:35:10","slug":"abonos-2019-20","status":"publish","type":"page","link":"https:\/\/old.mercatflors.cat\/es\/abonos-2019-20\/","title":{"rendered":"ABONOS 2019-20"},"content":{"rendered":"<h2>ABONOS<\/h2>\n<p><strong>Abono 4: <\/strong>4 espect\u00e1culos de cualquier precio a elegir, 20% de descuento. Abono personal e\u00a0intransferible. Descuento del 15% para entradas adicionales.<span style=\"color: #0000ff;\"><a style=\"color: #0000ff;\" href=\"https:\/\/es.patronbase.com\/_MercatFlorsEs\/Seasons\/View?season_id=ABO4\">\u00a0\u00a1<strong>Cons\u00edguelo aqu\u00ed!<\/strong><\/a><\/span><\/p>\n<p><strong>Abono 6 o +: <\/strong>a partir de 6 espect\u00e1culos de cualquier precio a elegir, 30% de descuento. Abono personal e\u00a0intransferible. Descuento del 30% para entradas adicionales. \u00a1<span style=\"color: #0000ff;\"><a style=\"color: #0000ff;\" href=\"https:\/\/es.patronbase.com\/_MercatFlorsEs\/Seasons\/View?season_id=ABO6\"><strong>Cons\u00edguelo aqu\u00ed!<\/strong><\/a><\/span><\/p>\n<p><strong>Abono 10 o +: <\/strong>a partir de 10 espect\u00e1culos de cualquier\u00a0precio\u00a0a elegir, 40% de descuento. Abono\u00a0personal e\u00a0intransferible. Descuento del 40% para entradas adicionales. \u00a1<span style=\"color: #0000ff;\"><a style=\"color: #0000ff;\" href=\"https:\/\/es.patronbase.com\/_MercatFlorsEs\/Seasons\/View?season_id=AB10\"><strong>Cons\u00edguelo aqu\u00ed!<\/strong><\/a><\/span><\/p>\n<p><strong>Abono Talla \u00danica<\/strong>: a partir de 3 espect\u00e1culos de la programaci\u00f3n familiar, TALLA \u00daNICA, entradas a 8\u20ac (adulto y\u00a0menor de 14 a\u00f1os). Se debe adquirir un abono para cada miembro de la familia. \u00a1<span style=\"color: #0000ff;\"><a style=\"color: #0000ff;\" href=\"https:\/\/es.patronbase.com\/_MercatFlorsEs\/Seasons\/View?season_id=TUA\"><strong>Cons\u00edguelo aqu\u00ed!<\/strong><\/a><\/span><\/p>\n<p><em>Los abonos no son siempre aplicables a los espect\u00e1culos de festivales y\u00a0ciclos externos o co-organizados con otras entidades.<\/em><\/p>\n<h2>Ventajas de ser abonado del Mercat<\/h2>\n<ul>\n<li>Flexibilidad a la hora de escoger los espect\u00e1culos incluidos en el abono<\/li>\n<li>Acceso privilegiado i gratuito a las actividades de la programaci\u00f3n expandida y del Taller para Espectadores Activos (excepto talleres pr\u00e1cticos)<\/li>\n<li>Descuentos para talleres pr\u00e1cticos<\/li>\n<li>Podr\u00e1s acceder a otros descuentos y promociones puntuales en el Mercat o con otras entidades colaboradoras<\/li>\n<li>Recibir\u00e1s informaci\u00f3n peri\u00f3dica de la programaci\u00f3n y actividades del Mercat<\/li>\n<li>Descuentos permanentes en el TNC y en el Teatre Lliure<\/li>\n<\/ul>\n<p><span style=\"color: #0000ff;\"><a style=\"color: #0000ff;\" href=\"https:\/\/old.mercatflors.cat\/es\/programacion-expandida\/\">Consulta el calendario de actividades de la programaci\u00f3n expandida en la web para completar tu visita en el Mercat<\/a><\/span><\/p>\n<h2>PACKS CONSTELACIONES Y CICLOS<\/h2>\n<p>Para sumergirse en el universo particular de un artista o un grupo de artistas (haz click en cada Pack para ver los espect\u00e1culos que lo\u00a0forman):<\/p>\n<p><span style=\"color: #0000ff;\"><a style=\"color: #0000ff;\" href=\"https:\/\/es.patronbase.com\/_MercatFlorsEs\/Seasons\/View?season_id=COLR\"><strong>PACK CONSTELACI\u00d3N LIA RODRIGUES<\/strong>: descuento del 40% para m\u00ednimo 2 espect\u00e1culos de la constelaci\u00f3n<\/a><\/span><\/p>\n<p><span style=\"color: #0000ff;\"><a style=\"color: #0000ff;\" href=\"https:\/\/es.patronbase.com\/_MercatFlorsEs\/Seasons\/View?season_id=CSDA\"><strong>PACK CONSTELACI\u00d3N SOCIETAT DOCTOR ALONSO<\/strong>: descuento del 40% para m\u00ednimo 2 espect\u00e1culos de la constelaci\u00f3n<\/a><\/span><\/p>\n<p><span style=\"color: #0000ff;\"><a style=\"color: #0000ff;\" href=\"https:\/\/es.patronbase.com\/_MercatFlorsEs\/Seasons\/View?season_id=CIAM\"><strong>PACK CIRC D\u2019ARA MATEIX<\/strong>: descuento del 40% para m\u00ednimo 2 espect\u00e1culos del ciclo<\/a><\/span><\/p>\n<h2>D\u00f3nde comprar tu abono<\/h2>\n<p>En taquillas o\u00a0<strong><a href=\"https:\/\/es.patronbase.com\/_MercatFlors\/Productions?_ga=2.44651428.127998955.1529316292-793742697.1514453516\"><span style=\"color: #0000ff;\">aqu\u00ed<\/span><\/a><\/strong>.<\/p>\n<p>Consulta\u00a0<a href=\"https:\/\/old.mercatflors.cat\/es\/temporada-vista\/\"><strong><span style=\"color: #0000ff;\">aqu\u00ed<\/span>\u00a0<\/strong><\/a>toda la programaci\u00f3n.<\/p>\n<p><span style=\"color: #0000ff;\"><a style=\"color: #0000ff;\" href=\"https:\/\/old.mercatflors.cat\/es\/programacion-expandida\/\">Consulta el calendario de actividades de la programaci\u00f3n expandida en la web para completar tu visita en el Mercat.<\/a><\/span><\/p>\n<p>Si necesitas ayuda con\u00a0la compra de tu abono o quieres adquirir abonos para m\u00e1s de una persona, ll\u00e1manos\u00a0al 93 256 26 05 o escribe a <span style=\"color: #0000ff;\"><a style=\"color: #0000ff;\" href=\"mailto:publics@mercatflors.cat\">publics@mercatflors.cat<\/a><\/span><\/p>\n<h2>TAQUILLAS DEL MERCAT DE LES FLORS<\/h2>\n<p>Lleida, 59. 08004 Barcelona<\/p>\n<p>Horario:\u00a0a partir de 2 horas antes y hasta 30 minutos antes del inicio del espect\u00e1culo, los d\u00edas de funci\u00f3n.<\/p>\n<h2>TAQUILLAS TIQUET RAMBLES<\/h2>\n<p>Palau de la Virreina (La Rambla, 99. 08001 Barcelona)<\/p>\n<p>Horario: de lunes a domingo de 10 a 20.30h. Tel. 93 316 10 00.<\/p>\n<p>M\u00e1s informaci\u00f3n a\u00a0<span style=\"color: #0000ff;\"><a style=\"color: #0000ff;\" href=\"http:\/\/lameva.barcelona.cat\/tiquetrambles\/es\/\">Barcelona Cultura<\/a><\/span><\/p>\n<h2>PROGRAMA DE PUNTOS: PREMIAMOS\u00a0TU FIDELIDAD<\/h2>\n<p>\u00a1Suscr\u00edbete antes de comprar tus entradas o tu abono!<\/p>\n<p>Conseguir\u00e1s puntos en tu cuenta personal autom\u00e1ticamente comprando entradas. Con el programa de puntos, a partir de tu primera compra, te ofrecemos un descuento para volver al Mercat. Podr\u00e1s consultar los puntos que hayas acumulado entrando en tu cuenta.\u00a0Para canjearlos por Internet s\u00f3lo deber\u00e1s realizar la compra normalmente y, al final, el programa te ofrecer\u00e1 la posibilidad de pagar con puntos. Tambi\u00e9n podr\u00e1s pagar con puntos en taquilla. Los puntos caducan al final de la temporada.<\/p>\n","protected":false},"excerpt":{"rendered":"<p>ABONOS Abono 4: 4 espect\u00e1culos de cualquier precio a elegir, [&hellip;]<\/p>\n","protected":false},"author":1,"featured_media":41708,"parent":0,"menu_order":0,"comment_status":"closed","ping_status":"closed","template":"","meta":[],"_links":{"self":[{"href":"https:\/\/old.mercatflors.cat\/es\/wp-json\/wp\/v2\/pages\/41203\/"}],"collection":[{"href":"https:\/\/old.mercatflors.cat\/es\/wp-json\/wp\/v2\/pages\/"}],"about":[{"href":"https:\/\/old.mercatflors.cat\/es\/wp-json\/wp\/v2\/types\/page\/"}],"author":[{"embeddable":true,"href":"https:\/\/old.mercatflors.cat\/es\/wp-json\/wp\/v2\/users\/1\/"}],"replies":[{"embeddable":true,"href":"https:\/\/old.mercatflors.cat\/es\/wp-json\/wp\/v2\/comments\/?post=41203"}],"version-history":[{"count":0,"href":"https:\/\/old.mercatflors.cat\/es\/wp-json\/wp\/v2\/pages\/41203\/revisions\/"}],"wp:featuredmedia":[{"embeddable":true,"href":"https:\/\/old.mercatflors.cat\/es\/wp-json\/wp\/v2\/media\/41708\/"}],"wp:attachment":[{"href":"https:\/\/old.mercatflors.cat\/es\/wp-json\/wp\/v2\/media\/?parent=41203"}],"curies":[{"name":"wp","href":"https:\/\/api.w.org\/{rel}","templated":true}]}}