{"id":42196,"date":"2019-06-25T14:54:34","date_gmt":"2019-06-25T13:54:34","guid":{"rendered":"https:\/\/old.mercatflors.cat\/?page_id=42196"},"modified":"2019-10-03T09:33:10","modified_gmt":"2019-10-03T08:33:10","slug":"map-to-the-stars","status":"publish","type":"page","link":"https:\/\/old.mercatflors.cat\/es\/map-to-the-stars\/","title":{"rendered":"Map to the Stars"},"content":{"rendered":"<p>&nbsp;<\/p>\n<h2><strong>Map to the Stars, la <\/strong><strong>nueva herramienta digital del Mercat de les Flors para llevar la danza las escuelas<\/strong><\/h2>\n<p>A partir del curso 2019-2020, el <strong>Mercat de les Flors <\/strong>pone a disposici\u00f3n de toda la comunidad educativa, y gratuitamente, esta aplicaci\u00f3n para tabletas y tel\u00e9fonos inteligentes, fruto de la colaboraci\u00f3n con entidades culturales europeas.<\/p>\n<p>El maestro encontrar\u00e1 propuestas did\u00e1cticas (con juegos y v\u00eddeos explicativos para hacer mover los alumnos, ayudarles a concentrarse y relajarse) vinculadas a diversas \u00e1reas de conocimiento acad\u00e9micas y que potencian el conocimiento del cuerpo y la creatividad. Adem\u00e1s, <strong>Map to the Stars<\/strong> tambi\u00e9n promueve el intercambio entre las escuelas de aqu\u00ed y las de Francia, Italia y los Pa\u00edses Bajos que participan en el proyecto.<\/p>\n<p><strong>Map to the Stars<\/strong> est\u00e1 dirigida a los maestros de primaria y de todas las especialidades, y no es necesario tener conocimientos previos de danza. Sin embargo, el <strong>Mercat de les Flors <\/strong>organiza seminarios gratuitos de 5 horas para profundizar y acompa\u00f1ar al maestro en el uso de esta herramienta digital.<\/p>\n<p>Para descargar la aplicaci\u00f3n y consultar las fechas del pr\u00f3ximo seminario s\u00f3lo hace falta enviar un mensaje a: <span style=\"color: #0000ff;\"><a style=\"color: #0000ff;\" href=\"mailto:aulaicreacio@mercatflors.cat\">aulaicreacio@mercatflors.cat<\/a><\/span>.<\/p>\n<p><iframe loading=\"lazy\" width=\"500\" height=\"281\" src=\"https:\/\/www.youtube.com\/embed\/SdHRVrpQu1k?feature=oembed\" frameborder=\"0\" allow=\"accelerometer; autoplay; encrypted-media; gyroscope; picture-in-picture\" allowfullscreen><\/iframe><\/p>\n<p><iframe loading=\"lazy\" width=\"500\" height=\"281\" src=\"https:\/\/www.youtube.com\/embed\/5hxx8zOn4c8?feature=oembed\" frameborder=\"0\" allow=\"accelerometer; autoplay; encrypted-media; gyroscope; picture-in-picture\" allowfullscreen><\/iframe><\/p>\n<p>&nbsp;<\/p>\n<p><strong>\u00bfC\u00f3mo funciona Map to the Stars?<\/strong><\/p>\n<p><u>1 &#8211; Descarga y entrada<\/u><\/p>\n<p><strong>Map to the Stars<\/strong> est\u00e1 disponible para Android y iOS, y se puede descargar en las plataformas de Google Play y App Store.<\/p>\n<p>Previamente, es necesario rellenar un formulario, que facilita los servicios pedag\u00f3gicos del <strong>Mercat de les Flors<\/strong>, con los datos de la escuela y del grupo clase con el que se desea entrar en la aplicaci\u00f3n. Esto genera un perfil privado, con un usuario y contrase\u00f1a, que deben utilizarse la primera vez que se entra en la aplicaci\u00f3n.<\/p>\n<p><u>2 &#8211; Funcionamiento<\/u><\/p>\n<p>Una vez dentro, se puede navegar por las diferentes propuestas did\u00e1cticas, que est\u00e1n ordenadas por tem\u00e1tica (arte, geograf\u00eda, matem\u00e1ticas&#8230;), por duraci\u00f3n (corta, media y larga) y por complejidad (baja, media y alta). Tambi\u00e9n puede verse el listado completo.<\/p>\n<p>Todas las propuestas pueden hacerse de manera aislada, si bien hay algunas con el mismo t\u00edtulo y un n\u00famero que est\u00e1n vinculadas y aconsejamos hacer en el orden pautado.<\/p>\n<p><u>3 &#8211; \u00bfQu\u00e9 contiene cada propuesta did\u00e1ctica?<\/u><\/p>\n<p>Cada propuesta se divide en 3 partes, precedidas de una presentaci\u00f3n con los objetivos de aprendizaje y las caracter\u00edsticas de la actividad:<\/p>\n<ol>\n<li>El <strong>calentamiento<\/strong> pone las bases din\u00e1micas del ejercicio.<\/li>\n<li>El <strong>ejercicio principal<\/strong> se estructura en diferentes partes, y contiene v\u00eddeos explicativos y una rueda para jugar.<\/li>\n<li>La <strong>relajaci\u00f3n<\/strong> recoge la energ\u00eda del grupo.<\/li>\n<\/ol>\n<p>Despu\u00e9s de este recorrido, hay preparadas dos actividades de cierre que se pueden realizar consecutivamente:<\/p>\n<ol>\n<li>Un <strong>reto<\/strong> a hacer o enviar a otro grupo.<\/li>\n<li>Las <strong>reflexiones<\/strong> sobre la actividad llevada a cabo y que sirven para que los alumnos sean responsables de su aprendizaje. El maestro tambi\u00e9n puede utilizar estas reflexiones para evaluar la actividad.<\/li>\n<\/ol>\n<p><u>4 &#8211; Duraci\u00f3n de las propuestas<\/u><\/p>\n<p>Cada propuesta tiene una duraci\u00f3n estimada, si bien el maestro es libre de detenerse en aquella parte que considere oportuna, ya sea porque la encuentra m\u00e1s interesante o porque le requiere un poco m\u00e1s de esfuerzo, por lo que una sola propuesta did\u00e1ctica puede desdoblarse en varias sesiones. Asimismo, cada propuesta es un trabajo de exploraci\u00f3n que permite volver a \u00e9l tantas veces como se desee.<\/p>\n<p>Tambi\u00e9n hay unas propuestas especialmente cortas, llamadas Pop-up, que duran alrededor de 15 minutos y tienen por finalidad insertarse en otras actividades, ya sea previamente a una propuesta did\u00e1ctica de <strong>Map to the Stars<\/strong> o bien dentro de las actividades acad\u00e9micas regulares de la escuela para poner a los ni\u00f1os en contacto con su cuerpo, estimular la imaginaci\u00f3n o simplemente cambiar la energ\u00eda del grupo. Por ello, estas actividades m\u00e1s cortas no plantean retos ni reflexiones.<\/p>\n<p><u>5 &#8211; Los retos, la galer\u00eda y el mapa<\/u><\/p>\n<p>Cada propuesta did\u00e1ctica contiene un reto que resume la actividad y se puede proponer a otro grupo: que lo grabe o lo fotograf\u00ede y lo env\u00ede. De este modo, se estimula el intercambio entre escuelas, la comunicaci\u00f3n y el inter\u00e9s mutuo.<\/p>\n<p>Desde la pantalla principal de la aplicaci\u00f3n se puede acceder a un mapa y en una galer\u00eda. El mapa muestra todos los perfiles de los usuarios con su localizaci\u00f3n real. En la galer\u00eda se guardan todos los retos que hayan sido grabados o fotografiados, con el autor y la fecha de creaci\u00f3n.<\/p>\n<p><u>6 &#8211; Maleta de herramientas y glosario<\/u><\/p>\n<p>Antes de empezar, en la pantalla principal encontrar\u00e1s una maleta de herramientas que da las gu\u00edas del trabajo corporal que propone <strong>Map to the Stars<\/strong>, y que no son otras que las que facilita la danza.<\/p>\n<p>Asimismo, desde el interior de cualquier propuesta, puede accederse a un glosario a trav\u00e9s del icono de libro que se encuentra en la parte superior derecha, con todos aquellos t\u00e9rminos que son espec\u00edficos a la danza y pueden resultar extra\u00f1os al empezar a trabajar.<\/p>\n<p><u>7 &#8211; Derechos de imagen<\/u><\/p>\n<p>El uso de <strong>Map to the Stars<\/strong> est\u00e1 restringido al \u00e1mbito escolar. Como tal, al enviar un reto que implique grabar o fotografiar a los ni\u00f1os, ser\u00e1 necesario tener la autorizaci\u00f3n firmada por los padres o tutores respecto al uso de los derechos de imagen.<\/p>\n<p><u>8 &#8211; Para saber m\u00e1s<\/u><\/p>\n<p>El <strong>Mercat de les Flors<\/strong> organiza seminarios gratuitos de 5 horas (divididos en dos d\u00edas entre semana o en un solo d\u00eda de fin de semana) para profundizar y acompa\u00f1ar al maestro en el uso de esta herramienta digital. Consulta los servicios educativos para saber las fechas del pr\u00f3ximo seminario.<\/p>\n<p><span style=\"color: #0000ff;\"><a style=\"color: #0000ff;\" href=\"mailto:aulaicreacio@mercatflors.cat\">aulaicreacio@mercatflors.cat<\/a><\/span><\/p>\n<p><strong>Partners:<\/strong><\/p>\n<p><span style=\"color: #0000ff;\"><a style=\"color: #0000ff;\" href=\"http:\/\/www.ballet-de-marseille.com\/fr\/\">BNM \u2013 Ballet National de Marseille (Marsella, Francia)<\/a><\/span><\/p>\n<p><span style=\"color: #0000ff;\"><a style=\"color: #0000ff;\" href=\"http:\/\/www.ickamsterdam.com\/\">ICK (Amsterdam, Pa\u00edses Bajos)<\/a><\/span><\/p>\n<p><span style=\"color: #0000ff;\"><a style=\"color: #0000ff;\" href=\"https:\/\/old.mercatflors.cat\/\">Mercat de les Flors-Casa de la Danza (Barcelona, Espa\u00f1a)<\/a><\/span><\/p>\n<p><span style=\"color: #0000ff;\"><a style=\"color: #0000ff;\" href=\"https:\/\/www.mdbr.it\/\">Explora -Il Museo dei Bambini di Roma (Roma, Italia)<\/a><\/span><\/p>\n<p><strong>Consultores externos:<\/strong> SILK Fluegge (Linz, Austria) (SILK), Manuvo Europe SAS (Avignon, Francia) (Manuvo)<\/p>\n<p><strong>Proyecto con el soporte de<\/strong>\u00a0la <span style=\"color: #0000ff;\"><a style=\"color: #0000ff;\" href=\"https:\/\/ec.europa.eu\/programmes\/creative-europe\/node_fr\">Uni\u00f3n Europea-Creative Europe<\/a><\/span><\/p>\n<p>&nbsp;<\/p>\n<p><strong>\u00bfQuieres saber c\u00f3mo se cre\u00f3?<\/strong><\/p>\n<p>&nbsp;<\/p>\n<div class=\"text\"><\/div>\n","protected":false},"excerpt":{"rendered":"<p>&nbsp; Map to the Stars, la nueva herramienta digital del [&hellip;]<\/p>\n","protected":false},"author":1,"featured_media":42183,"parent":0,"menu_order":0,"comment_status":"closed","ping_status":"closed","template":"","meta":[],"_links":{"self":[{"href":"https:\/\/old.mercatflors.cat\/es\/wp-json\/wp\/v2\/pages\/42196\/"}],"collection":[{"href":"https:\/\/old.mercatflors.cat\/es\/wp-json\/wp\/v2\/pages\/"}],"about":[{"href":"https:\/\/old.mercatflors.cat\/es\/wp-json\/wp\/v2\/types\/page\/"}],"author":[{"embeddable":true,"href":"https:\/\/old.mercatflors.cat\/es\/wp-json\/wp\/v2\/users\/1\/"}],"replies":[{"embeddable":true,"href":"https:\/\/old.mercatflors.cat\/es\/wp-json\/wp\/v2\/comments\/?post=42196"}],"version-history":[{"count":0,"href":"https:\/\/old.mercatflors.cat\/es\/wp-json\/wp\/v2\/pages\/42196\/revisions\/"}],"wp:featuredmedia":[{"embeddable":true,"href":"https:\/\/old.mercatflors.cat\/es\/wp-json\/wp\/v2\/media\/42183\/"}],"wp:attachment":[{"href":"https:\/\/old.mercatflors.cat\/es\/wp-json\/wp\/v2\/media\/?parent=42196"}],"curies":[{"name":"wp","href":"https:\/\/api.w.org\/{rel}","templated":true}]}}