{"id":43334,"date":"2019-07-22T15:06:03","date_gmt":"2019-07-22T14:06:03","guid":{"rendered":"https:\/\/old.mercatflors.cat\/?page_id=43334"},"modified":"2019-07-22T15:08:53","modified_gmt":"2019-07-22T14:08:53","slug":"aerowaves","status":"publish","type":"page","link":"https:\/\/old.mercatflors.cat\/es\/aerowaves\/","title":{"rendered":"Aerowaves"},"content":{"rendered":"<p>&nbsp;<\/p>\n<p><strong>Aerowaves<\/strong> es un centro de descubrimiento de danza en Europa que identifica las obras m\u00e1s prometedoras de artistas emergentes de danza y las promueve a trav\u00e9s de representaciones transfronterizas. La red de Aerowaves, que cuenta con socios de 33 pa\u00edses, permite a estos core\u00f3grafos m\u00e1s j\u00f3venes llevar la nueva danza a un nuevo p\u00fablico.<\/p>\n<p><a href=\"https:\/\/aerowaves.org\/\"><img decoding=\"async\" loading=\"lazy\" class=\"alignnone wp-image-34835 size-medium\" src=\"https:\/\/old.mercatflors.cat\/wp-content\/uploads\/2015\/12\/logo-aerowaves-350x91.png\" alt=\"\" width=\"350\" height=\"91\" srcset=\"https:\/\/old.mercatflors.cat\/wp-content\/uploads\/2015\/12\/logo-aerowaves-350x91.png 350w, https:\/\/old.mercatflors.cat\/wp-content\/uploads\/2015\/12\/logo-aerowaves.png 596w\" sizes=\"(max-width: 350px) 100vw, 350px\" \/><img decoding=\"async\" loading=\"lazy\" class=\"alignnone size-medium wp-image-34395\" src=\"https:\/\/old.mercatflors.cat\/wp-content\/uploads\/2015\/09\/eu_flag_creative_europe_co_funded_pos_rgb_right-350x87.jpg\" alt=\"\" width=\"350\" height=\"87\" srcset=\"https:\/\/old.mercatflors.cat\/wp-content\/uploads\/2015\/09\/eu_flag_creative_europe_co_funded_pos_rgb_right-350x87.jpg 350w, https:\/\/old.mercatflors.cat\/wp-content\/uploads\/2015\/09\/eu_flag_creative_europe_co_funded_pos_rgb_right-790x198.jpg 790w\" sizes=\"(max-width: 350px) 100vw, 350px\" \/><\/a><\/p>\n<p>&nbsp;<\/p>\n","protected":false},"excerpt":{"rendered":"<p>&nbsp; Aerowaves es un centro de descubrimiento de danza en [&hellip;]<\/p>\n","protected":false},"author":1,"featured_media":31361,"parent":0,"menu_order":0,"comment_status":"closed","ping_status":"closed","template":"","meta":[],"_links":{"self":[{"href":"https:\/\/old.mercatflors.cat\/es\/wp-json\/wp\/v2\/pages\/43334\/"}],"collection":[{"href":"https:\/\/old.mercatflors.cat\/es\/wp-json\/wp\/v2\/pages\/"}],"about":[{"href":"https:\/\/old.mercatflors.cat\/es\/wp-json\/wp\/v2\/types\/page\/"}],"author":[{"embeddable":true,"href":"https:\/\/old.mercatflors.cat\/es\/wp-json\/wp\/v2\/users\/1\/"}],"replies":[{"embeddable":true,"href":"https:\/\/old.mercatflors.cat\/es\/wp-json\/wp\/v2\/comments\/?post=43334"}],"version-history":[{"count":0,"href":"https:\/\/old.mercatflors.cat\/es\/wp-json\/wp\/v2\/pages\/43334\/revisions\/"}],"wp:featuredmedia":[{"embeddable":true,"href":"https:\/\/old.mercatflors.cat\/es\/wp-json\/wp\/v2\/media\/31361\/"}],"wp:attachment":[{"href":"https:\/\/old.mercatflors.cat\/es\/wp-json\/wp\/v2\/media\/?parent=43334"}],"curies":[{"name":"wp","href":"https:\/\/api.w.org\/{rel}","templated":true}]}}