{"id":43364,"date":"2019-08-08T14:43:28","date_gmt":"2019-08-08T13:43:28","guid":{"rendered":"https:\/\/old.mercatflors.cat\/?page_id=43364"},"modified":"2020-11-05T14:18:19","modified_gmt":"2020-11-05T13:18:19","slug":"proyectos-internacionales","status":"publish","type":"page","link":"https:\/\/old.mercatflors.cat\/es\/proyectos-internacionales\/","title":{"rendered":"Proyectos internacionales"},"content":{"rendered":"<h2><strong>CIRCUSNEXT<\/strong><\/h2>\n<p>Plataforma de festivales, casas de creaci\u00f3n y teatros de diecisiete pa\u00edses de Europa que tienen el objetivo de apoyar y visibilizar a artistas de circo emergentes y singulares que, durante dos a\u00f1os, desarrollan y capitanean un proyecto art\u00edstico con la intenci\u00f3n de transformar las estrategias de todo el equipo involucrado. El Mercat de les Flors junto con la\u00a0Central del Circ\u00a0van de la mano como socios en esta red<\/p>\n<div class=\"content\">\n<p><a href=\"https:\/\/www.circusnext.eu\"><span style=\"color: #0000ff;\">www.circusnext.eu<\/span><\/a><\/p>\n<p>&nbsp;<\/p>\n<h2><strong>AEROWAVES<\/strong><\/h2>\n<div>Red de conocimiento e impulso a la danza que, desde 1996, elige una veintena de artistas j\u00f3venes para encontrarse y ser programados aen los teatros de los socios a lo largo de la temporada. Con el apoyo de la plataforma Creative Europe<\/div>\n<div><\/div>\n<div><a href=\"https:\/\/aerowaves.org\"><span style=\"color: #0000ff;\">www.aerowaves.org<\/span><\/a><\/div>\n<div><\/div>\n<div><\/div>\n<div><\/div>\n<h2><strong>EDN (EUROPEAN DANCEHOUSE NET)<\/strong><\/h2>\n<\/div>\n<p>Red de casas de la danza europeas que comparten la visi\u00f3n de un espacio cultural y creativo sin fronteras. Su trabajo se orienta a la promoci\u00f3n de intercambios art\u00edsticos y en proponer acciones para hacer m\u00e1s sostenible y robusto el sector de la danza. El Mercat de les Flors es miembro activo de la red y ha estado en uno de los \u00faltimos encuentros internacionales organizados por\u00a0EDN<\/p>\n<p>&nbsp;<\/p>\n<p><a href=\"https:\/\/www.ednetwork.eu\/activities\/encounter-in-south-africa\"><span style=\"color: #0000ff;\">www.ednetwork.eu\/activities\/encounter-in-south-africa<\/span><\/a><\/p>\n<p><a href=\"https:\/\/www.ednetwork.eu\/\"><span style=\"color: #0000ff;\">www.ednetwork.eu\/<\/span><\/a><\/p>\n<p>&nbsp;<\/p>\n<div><\/div>\n<div>\n<h2><strong>DOPODO (DANCE ON, PASS ON, DREAM ON)<\/strong><\/h2>\n<\/div>\n<div>Proyecto europeo para generar estrategias para poner en valor la edad, la memoria del cuerpo y el conocimiento, tanto en el escenario como en la sociedad, y contrarrestar las nociones preconcebidas sobre qu\u00e9 significa hacerse mayor. La segunda edici\u00f3n de este proyecto en la cual entra el Mercat de les Flors empezar\u00e1 a partir de septiembre del 2020<\/div>\n<div><\/div>\n<div><a href=\"https:\/\/dopodo.eu\"><span style=\"color: #0000ff;\">www.dopodo.eu<\/span><\/a><\/div>\n<div><\/div>\n<div><\/div>\n<h2><strong>Residencias de intercambio con Hong Kong<\/strong><\/h2>\n<div>\n<div class=\"content\">\n<p>Adem\u00e1s de espacios de encuentro, experimentaci\u00f3n y crecimiento para artistas catalanes y chinos. El proyecto con\u00a0West\u00a0Kowloon\u00a0de Hong Kong es de tres a\u00f1os de duraci\u00f3n e involucra a los core\u00f3grafos Raquel\u00a0Klein\u00a0y Javier Guerrero por parte de Barcelona, adem\u00e1s de\u00a0Rebecca\u00a0Wong\u00a0y Mou Wei\u00a0de Hong Kong. El 2021 empezamos el tercer tramo de esta aventura<\/p>\n<p>&nbsp;<\/p>\n<h2><strong>Residencias de intercambio con Taipei<\/strong><\/h2>\n<p>NTCH\u00a0de Taipei y el Mercat de les Flors inician este a\u00f1o un proyecto de intercambio de residencias de artistas. Roser\u00a0Lopez\u00a0Espinosa viaja a Taipei en diciembre del 2020 para conocer un poco los bailarines y creadores de la comunidad de la danza de la ciudad , y la artista taiwanesa Lin\u00a0I-Chin\u00a0se encontrar\u00e1 con artistas de la comunidad catalana la primavera-verano del 2021<\/p>\n<\/div>\n<\/div>\n<p>&nbsp;<\/p>\n<p>&nbsp;<\/p>\n","protected":false},"excerpt":{"rendered":"<p>CIRCUSNEXT Plataforma de festivales, casas de creaci\u00f3n y teatros de [&hellip;]<\/p>\n","protected":false},"author":1,"featured_media":0,"parent":0,"menu_order":0,"comment_status":"closed","ping_status":"closed","template":"","meta":[],"_links":{"self":[{"href":"https:\/\/old.mercatflors.cat\/es\/wp-json\/wp\/v2\/pages\/43364\/"}],"collection":[{"href":"https:\/\/old.mercatflors.cat\/es\/wp-json\/wp\/v2\/pages\/"}],"about":[{"href":"https:\/\/old.mercatflors.cat\/es\/wp-json\/wp\/v2\/types\/page\/"}],"author":[{"embeddable":true,"href":"https:\/\/old.mercatflors.cat\/es\/wp-json\/wp\/v2\/users\/1\/"}],"replies":[{"embeddable":true,"href":"https:\/\/old.mercatflors.cat\/es\/wp-json\/wp\/v2\/comments\/?post=43364"}],"version-history":[{"count":0,"href":"https:\/\/old.mercatflors.cat\/es\/wp-json\/wp\/v2\/pages\/43364\/revisions\/"}],"wp:attachment":[{"href":"https:\/\/old.mercatflors.cat\/es\/wp-json\/wp\/v2\/media\/?parent=43364"}],"curies":[{"name":"wp","href":"https:\/\/api.w.org\/{rel}","templated":true}]}}