{"id":43559,"date":"2019-08-05T12:09:22","date_gmt":"2019-08-05T11:09:22","guid":{"rendered":"https:\/\/old.mercatflors.cat\/?page_id=43559"},"modified":"2019-09-30T15:13:28","modified_gmt":"2019-09-30T14:13:28","slug":"map-to-the-stars-red","status":"publish","type":"page","link":"https:\/\/old.mercatflors.cat\/es\/map-to-the-stars-red\/","title":{"rendered":"Map to the Stars"},"content":{"rendered":"<h2><strong>Acercamos la danza a las escuelas a trav\u00e9s de las nuevas tecnolog\u00edas<\/strong><\/h2>\n<p>A partir del curso 2019-2020, el Mercat de les Flors pone a disposici\u00f3n de toda la comunidad educativa una aplicaci\u00f3n para llevar la danza a las escuelas. Map to the Stars es una herramienta digital gratuita para tabletas y tel\u00e9fonos inteligentes dirigida a los maestros de primaria, concretamente a los de 3\u00ba, 4\u00ba y 5\u00ba. A trav\u00e9s de una serie de propuestas did\u00e1cticas con vinculaciones a diversas \u00e1reas de conocimiento acad\u00e9micas, el maestro encontrar\u00e1 direcciones, juegos y tutoriales de v\u00eddeo para hacer mover, concentrar y relajar a sus alumnos, sin que necesite tener conocimientos de danza previos. Adem\u00e1s, Map to the Stars tambi\u00e9n promueve el contacto entre las diferentes escuelas europeas que participan en el proyecto.<\/p>\n<p>Para obtener esta aplicaci\u00f3n (disponible para Android y iOS), hace falta enviar un mail a los servicios eduativos del Mercat de les Flors: <a href=\"mailto:aulaicreacio@mercatflors.cat\">aulaicreacio@mercatflors.cat<\/a>.<\/p>\n<p><span style=\"color: #0000ff;\"><a style=\"color: #0000ff;\" href=\"https:\/\/old.mercatflors.cat\/es\/map-to-the-stars\/\">Leer m\u00e1s<\/a><\/span><\/p>\n","protected":false},"excerpt":{"rendered":"<p>Acercamos la danza a las escuelas a trav\u00e9s de las [&hellip;]<\/p>\n","protected":false},"author":1,"featured_media":42183,"parent":0,"menu_order":0,"comment_status":"closed","ping_status":"closed","template":"","meta":[],"_links":{"self":[{"href":"https:\/\/old.mercatflors.cat\/es\/wp-json\/wp\/v2\/pages\/43559\/"}],"collection":[{"href":"https:\/\/old.mercatflors.cat\/es\/wp-json\/wp\/v2\/pages\/"}],"about":[{"href":"https:\/\/old.mercatflors.cat\/es\/wp-json\/wp\/v2\/types\/page\/"}],"author":[{"embeddable":true,"href":"https:\/\/old.mercatflors.cat\/es\/wp-json\/wp\/v2\/users\/1\/"}],"replies":[{"embeddable":true,"href":"https:\/\/old.mercatflors.cat\/es\/wp-json\/wp\/v2\/comments\/?post=43559"}],"version-history":[{"count":0,"href":"https:\/\/old.mercatflors.cat\/es\/wp-json\/wp\/v2\/pages\/43559\/revisions\/"}],"wp:featuredmedia":[{"embeddable":true,"href":"https:\/\/old.mercatflors.cat\/es\/wp-json\/wp\/v2\/media\/42183\/"}],"wp:attachment":[{"href":"https:\/\/old.mercatflors.cat\/es\/wp-json\/wp\/v2\/media\/?parent=43559"}],"curies":[{"name":"wp","href":"https:\/\/api.w.org\/{rel}","templated":true}]}}