{"id":46774,"date":"2020-05-27T17:22:00","date_gmt":"2020-05-27T16:22:00","guid":{"rendered":"https:\/\/old.mercatflors.cat\/?page_id=46774"},"modified":"2022-04-04T13:04:11","modified_gmt":"2022-04-04T12:04:11","slug":"dancing-museums","status":"publish","type":"page","link":"https:\/\/old.mercatflors.cat\/es\/dancing-museums\/","title":{"rendered":"Dancing Museums"},"content":{"rendered":"<p>&nbsp;<\/p>\n<p>Dancing Museums es un proyecto europeo de investigaci\u00f3n de acci\u00f3n dise\u00f1ado para fomentar y mantener colaboraciones a largo plazo entre organizaciones de danza, museos, universidades y comunidades locales con el fin de desarrollar programas art\u00edsticos y culturales inspiradores y duraderos en los que las personas de estas comunidades quieran involucrarse. El Mercat de les Flors es una de las estructuras que participa en la segunda edici\u00f3n del\u00a0Dancing Museums, y propone a la <a href=\"https:\/\/www.fmirobcn.org\/en\/\"><span style=\"color: #0000ff;\">Fundaci\u00f3 Mir\u00f3<\/span><\/a>\u00a0y al artista <a href=\"https:\/\/quimbigas.com\/\"><span style=\"color: #0000ff;\">Quim Bigas<\/span><\/a> la participaci\u00f3n y complicidad en este proyecto.<\/p>\n<p>Bigas ha estado trabajando en el proyecto en el periodo 2019-2021 en un marco de residencias e investigaci\u00f3n en la Fundaci\u00f3 Joan Mir\u00f3.<\/p>\n<p><strong>The Democracy of Beings &#8211;\u00a0Dancing Museums #2 al Mercat de les Flors con el artista Quim Bigas:<\/strong><\/p>\n<p><iframe loading=\"lazy\" width=\"500\" height=\"281\" src=\"https:\/\/www.youtube.com\/embed\/T_h1j32-wJ8?feature=oembed\" frameborder=\"0\" allow=\"accelerometer; autoplay; clipboard-write; encrypted-media; gyroscope; picture-in-picture\" allowfullscreen><\/iframe><\/p>\n<p><iframe loading=\"lazy\" width=\"500\" height=\"281\" src=\"https:\/\/www.youtube.com\/embed\/qCoeVwg6IxU?feature=oembed\" frameborder=\"0\" allow=\"accelerometer; autoplay; clipboard-write; encrypted-media; gyroscope; picture-in-picture\" allowfullscreen><\/iframe><\/p>\n<p><iframe loading=\"lazy\" width=\"500\" height=\"281\" src=\"https:\/\/www.youtube.com\/embed\/lX8l7SJOHgA?feature=oembed\" frameborder=\"0\" allow=\"accelerometer; autoplay; clipboard-write; encrypted-media; gyroscope; picture-in-picture\" allowfullscreen><\/iframe><\/p>\n<p>Web del proyecto &#8211; <span style=\"color: #0000ff;\"><a style=\"color: #0000ff;\" href=\"https:\/\/www.dancingmuseums.com\/\">https:\/\/www.dancingmuseums.com\/<\/a><\/span><\/p>\n<p>Otras organizaciones que participan en el proyecto en el \u00e1mbito de la danza:<\/p>\n<p><span style=\"color: #0000ff;\"><a style=\"color: #0000ff;\" href=\"https:\/\/www.alabriqueterie.com\/fr\/a-l-international\">La Briqueterie<\/a><\/span><\/p>\n<p><span style=\"color: #0000ff;\"><a style=\"color: #0000ff;\" href=\"https:\/\/tanecpraha.org\/en\/dancing-museums\">Tanec Praha<\/a><\/span><\/p>\n<p><span style=\"color: #0000ff;\"><a style=\"color: #0000ff;\" href=\"http:\/\/dansateliers.nl\/en\/project\/dancing-museums-ii\/\">Dansateliers<\/a><\/span><\/p>\n<p><a href=\"https:\/\/www.dance4.co.uk\/\"><span style=\"color: #0000ff;\">Dance4<\/span><\/a><\/p>\n<p><a href=\"http:\/\/www.comune.bassano.vi.it\/\"><span style=\"color: #0000ff;\">Comune di Bassano del Grappa<\/span><\/a><\/p>\n<p><img decoding=\"async\" loading=\"lazy\" class=\"alignright wp-image-46770\" src=\"https:\/\/old.mercatflors.cat\/wp-content\/uploads\/2020\/05\/logosbeneficairescreativeeuroperight_es_1-350x72.jpg\" alt=\"\" width=\"250\" height=\"51\" srcset=\"https:\/\/old.mercatflors.cat\/wp-content\/uploads\/2020\/05\/logosbeneficairescreativeeuroperight_es_1-350x72.jpg 350w, https:\/\/old.mercatflors.cat\/wp-content\/uploads\/2020\/05\/logosbeneficairescreativeeuroperight_es_1-768x158.jpg 768w, https:\/\/old.mercatflors.cat\/wp-content\/uploads\/2020\/05\/logosbeneficairescreativeeuroperight_es_1-790x162.jpg 790w, https:\/\/old.mercatflors.cat\/wp-content\/uploads\/2020\/05\/logosbeneficairescreativeeuroperight_es_1.jpg 1134w\" sizes=\"(max-width: 250px) 100vw, 250px\" \/><\/p>\n","protected":false},"excerpt":{"rendered":"<p>&nbsp; Dancing Museums es un proyecto europeo de investigaci\u00f3n de [&hellip;]<\/p>\n","protected":false},"author":1,"featured_media":46751,"parent":0,"menu_order":0,"comment_status":"closed","ping_status":"closed","template":"","meta":[],"_links":{"self":[{"href":"https:\/\/old.mercatflors.cat\/es\/wp-json\/wp\/v2\/pages\/46774\/"}],"collection":[{"href":"https:\/\/old.mercatflors.cat\/es\/wp-json\/wp\/v2\/pages\/"}],"about":[{"href":"https:\/\/old.mercatflors.cat\/es\/wp-json\/wp\/v2\/types\/page\/"}],"author":[{"embeddable":true,"href":"https:\/\/old.mercatflors.cat\/es\/wp-json\/wp\/v2\/users\/1\/"}],"replies":[{"embeddable":true,"href":"https:\/\/old.mercatflors.cat\/es\/wp-json\/wp\/v2\/comments\/?post=46774"}],"version-history":[{"count":0,"href":"https:\/\/old.mercatflors.cat\/es\/wp-json\/wp\/v2\/pages\/46774\/revisions\/"}],"wp:featuredmedia":[{"embeddable":true,"href":"https:\/\/old.mercatflors.cat\/es\/wp-json\/wp\/v2\/media\/46751\/"}],"wp:attachment":[{"href":"https:\/\/old.mercatflors.cat\/es\/wp-json\/wp\/v2\/media\/?parent=46774"}],"curies":[{"name":"wp","href":"https:\/\/api.w.org\/{rel}","templated":true}]}}