{"id":50105,"date":"2021-02-17T12:19:39","date_gmt":"2021-02-17T11:19:39","guid":{"rendered":"https:\/\/old.mercatflors.cat\/?page_id=50105"},"modified":"2022-07-19T13:05:21","modified_gmt":"2022-07-19T12:05:21","slug":"mapa-de-ball","status":"publish","type":"page","link":"https:\/\/old.mercatflors.cat\/es\/mapa-de-ball\/","title":{"rendered":"Mapadeball"},"content":{"rendered":"<p>&nbsp;<\/p>\n<p>Con el objetivo de acercar el lenguaje del movimiento y la danza de creaci\u00f3n contempor\u00e1nea al alumnado joven de secundaria de Catalunya, Mapadeball-partituras coreogr\u00e1ficas se presenta como una herramienta educativa y vivencia positiva alrededor de la escena y el proceso creativo de la misma. Es un proyecto liderado por core\u00f3grafos profesionales y con la participaci\u00f3n de bailarines locales que act\u00faan de mediadores con los centros educativos participantes.<\/p>\n<p>Es un programa propio que sigue los par\u00e1metros del ya consolidado Tots Dansen Catalunya, y est\u00e1 organizado por el Mercat de les Flors y Xarxa Transversal, con el apoyo del Departament de Cultura de la Generalitat de Catalunya.<\/p>\n<p>El proyecto ha tenido en sus diversas ediciones una buena acogida por parte de los centros educativos de las ciudades, y la participaci\u00f3n en n\u00famero de institutos y profesorado implicados ha tenido un incremento muy notable.<\/p>\n<p>Este a\u00f1o participan en Mapadeball m\u00e1s de 2.225 alumnas\/os y 54 profesores\/as de 28 institutos de secundaria de 7 ciudades de Catalunya, que recibir\u00e1n de 14 bailarines locales las partituras esc\u00e9nicas de los core\u00f3grafos S\u00f2nia G\u00f3mez, Constanza Brncic y Jo\u00e3o C. Lima.<\/p>\n","protected":false},"excerpt":{"rendered":"<p>&nbsp; Con el objetivo de acercar el lenguaje del movimiento [&hellip;]<\/p>\n","protected":false},"author":1,"featured_media":50113,"parent":0,"menu_order":0,"comment_status":"closed","ping_status":"closed","template":"","meta":[],"_links":{"self":[{"href":"https:\/\/old.mercatflors.cat\/es\/wp-json\/wp\/v2\/pages\/50105\/"}],"collection":[{"href":"https:\/\/old.mercatflors.cat\/es\/wp-json\/wp\/v2\/pages\/"}],"about":[{"href":"https:\/\/old.mercatflors.cat\/es\/wp-json\/wp\/v2\/types\/page\/"}],"author":[{"embeddable":true,"href":"https:\/\/old.mercatflors.cat\/es\/wp-json\/wp\/v2\/users\/1\/"}],"replies":[{"embeddable":true,"href":"https:\/\/old.mercatflors.cat\/es\/wp-json\/wp\/v2\/comments\/?post=50105"}],"version-history":[{"count":0,"href":"https:\/\/old.mercatflors.cat\/es\/wp-json\/wp\/v2\/pages\/50105\/revisions\/"}],"wp:featuredmedia":[{"embeddable":true,"href":"https:\/\/old.mercatflors.cat\/es\/wp-json\/wp\/v2\/media\/50113\/"}],"wp:attachment":[{"href":"https:\/\/old.mercatflors.cat\/es\/wp-json\/wp\/v2\/media\/?parent=50105"}],"curies":[{"name":"wp","href":"https:\/\/api.w.org\/{rel}","templated":true}]}}