{"id":54965,"date":"2022-05-06T12:30:36","date_gmt":"2022-05-06T11:30:36","guid":{"rendered":"https:\/\/old.mercatflors.cat\/?page_id=54965"},"modified":"2022-11-21T10:36:59","modified_gmt":"2022-11-21T09:36:59","slug":"proyecto-tot-dansa","status":"publish","type":"page","link":"https:\/\/old.mercatflors.cat\/es\/proyecto-tot-dansa\/","title":{"rendered":"Proyecto TOT DANSA"},"content":{"rendered":"<p>&nbsp;<\/p>\n<h2>Tot Dansa es un proyecto educativo impulsado y organizado por el Instituto de Cultura del Ayuntamiento de Barcelona (ICUB), el Mercat de les Flors y el Institut del Teatre.<\/h2>\n<p>Tiene como objetivo principal fomentar y dar a conocer la <strong>danza contempor\u00e1nea<\/strong> en el territorio. El proyecto acerca esta especialidad art\u00edstica al alumnado de centros p\u00fablicos de ense\u00f1anza secundaria y de bachillerato de la ciudad de Barcelona. Se convierte en un proceso de aprendizaje y conexi\u00f3n para el alumnado y para el profesorado implicado, una herramienta formativa y educativa, un espacio \u00fanico de expresi\u00f3n a partir de experiencias y propuestas diversas.<\/p>\n<p>Tot Dansa propone una experiencia vital y humana mediante la pr\u00e1ctica art\u00edstica. Los valores que se desprenden de la danza son la excusa perfecta para que el profesorado acompa\u00f1e el alumnado en la desinhibici\u00f3n necesaria del movimiento, controle la gestualidad dentro de un espacio determinado y genere un trabajo de creaci\u00f3n que requiere el compromiso de todo el mundo.<\/p>\n<p>El profesorado recibe una formaci\u00f3n especializada en el Institut del Teatre, que transmite al alumnado que participa en el proyecto en los propios centros educativos. Junto al equipo profesional, construyen movimiento tras movimiento, escena tras escena, para generar una coreograf\u00eda \u00fanica y conjunta que se muestra al Mercat de les Flors, un espacio de referencia internacional de la danza contempor\u00e1nea de la ciudad.<\/p>\n<p>La complicidad entre las instituciones que lo lideran, el <strong>Instituto de Cultura del Ayuntamiento de Barcelona<\/strong>, el <strong>Mercat de les Flors<\/strong> y la <strong>Escuela Superior de Danza del Institut del Teatre<\/strong>, son la garant\u00eda de su calidad art\u00edstica y pedag\u00f3gica.<\/p>\n<p>Lee la noticia sobre la resoluci\u00f3n del\u00a0concurso p\u00fablico por la direcci\u00f3n art\u00edstica del TOT DANSA 2023 <a href=\"https:\/\/old.mercatflors.cat\/es\/actualidad\/silvia-sant-funk-y-monica-muntaner-ganan-el-concurso-publico-para-la-direccion-artistica-del-tot-dansa-2023\/\"><span style=\"color: #0000ff;\">AQU\u00cd<\/span><\/a><\/p>\n<p><a href=\"https:\/\/www.institutdelteatre.cat\/\"><img decoding=\"async\" loading=\"lazy\" class=\"alignleft wp-image-14768 \" src=\"https:\/\/old.mercatflors.cat\/wp-content\/uploads\/2015\/03\/logo-it-e1432568310724.png\" alt=\"logo it\" width=\"150\" height=\"46\" \/><\/a><img decoding=\"async\" loading=\"lazy\" class=\"alignnone wp-image-56790 size-full\" src=\"https:\/\/old.mercatflors.cat\/wp-content\/uploads\/2022\/09\/LohoICUB_150x53.jpg\" alt=\"\" width=\"150\" height=\"53\" \/><a href=\"https:\/\/www.mercatflors.cat\"><img decoding=\"async\" loading=\"lazy\" class=\"alignleft wp-image-15717 size-full\" src=\"https:\/\/old.mercatflors.cat\/wp-content\/uploads\/2015\/05\/logo-Mercat-positiu-e1432568372441.jpg\" alt=\"logo Mercat positiu\" width=\"75\" height=\"77\" \/><\/a><\/p>\n<p><strong>+ INFO:<\/strong><br \/>\nAyuntamiento-Educaci\u00f3n: <span style=\"color: #0000ff;\"><a style=\"color: #0000ff;\" href=\"https:\/\/ajuntament.barcelona.cat\/educacio\/ca\/tot-dansa\">https:\/\/ajuntament.barcelona.cat\/educacio\/ca\/tot-dansa<\/a><\/span><br \/>\nAyuntamiento-Cultura: <a href=\"https:\/\/www.barcelona.cat\/barcelonacultura\/ca\/recomanem\/programes-cultura-educacio-2021\"><span style=\"color: #0000ff;\">https:\/\/www.barcelona.cat\/barcelonacultura\/ca\/recomanem\/programes-cultura-educacio-2021<\/span><\/a><\/p>\n<p>&nbsp;<\/p>\n<p><a href=\"https:\/\/old.mercatflors.cat\/es\/proyecto-tot-dansa-2022\/\"><span style=\"color: #0000ff;\"><strong>CONSULTA M\u00c1S INFORMACI\u00d3N SOBRE TOT DANSA 2022<\/strong><\/span><\/a><\/p>\n<p>&nbsp;<\/p>\n<p><strong>Aqu\u00ed algunos v\u00eddeos de las experiencias de a\u00f1os anteriores:<\/strong><\/p>\n<p><iframe loading=\"lazy\" width=\"500\" height=\"281\" src=\"https:\/\/www.youtube.com\/embed\/d1aATJa2F9c?feature=oembed\" frameborder=\"0\" allow=\"accelerometer; autoplay; clipboard-write; encrypted-media; gyroscope; picture-in-picture\" allowfullscreen title=\"Arrenca el Tot Dansa 21\"><\/iframe><\/p>\n<p><iframe loading=\"lazy\" width=\"500\" height=\"281\" src=\"https:\/\/www.youtube.com\/embed\/aCl7deJWWv4?feature=oembed\" frameborder=\"0\" allow=\"accelerometer; autoplay; clipboard-write; encrypted-media; gyroscope; picture-in-picture\" allowfullscreen title=\"TOT DANSA. Curs 2015-2016.\"><\/iframe><\/p>\n","protected":false},"excerpt":{"rendered":"<p>&nbsp; Tot Dansa es un proyecto educativo impulsado y organizado [&hellip;]<\/p>\n","protected":false},"author":1,"featured_media":56817,"parent":0,"menu_order":0,"comment_status":"closed","ping_status":"closed","template":"template-blocs-grocs.php","meta":[],"_links":{"self":[{"href":"https:\/\/old.mercatflors.cat\/es\/wp-json\/wp\/v2\/pages\/54965\/"}],"collection":[{"href":"https:\/\/old.mercatflors.cat\/es\/wp-json\/wp\/v2\/pages\/"}],"about":[{"href":"https:\/\/old.mercatflors.cat\/es\/wp-json\/wp\/v2\/types\/page\/"}],"author":[{"embeddable":true,"href":"https:\/\/old.mercatflors.cat\/es\/wp-json\/wp\/v2\/users\/1\/"}],"replies":[{"embeddable":true,"href":"https:\/\/old.mercatflors.cat\/es\/wp-json\/wp\/v2\/comments\/?post=54965"}],"version-history":[{"count":0,"href":"https:\/\/old.mercatflors.cat\/es\/wp-json\/wp\/v2\/pages\/54965\/revisions\/"}],"wp:featuredmedia":[{"embeddable":true,"href":"https:\/\/old.mercatflors.cat\/es\/wp-json\/wp\/v2\/media\/56817\/"}],"wp:attachment":[{"href":"https:\/\/old.mercatflors.cat\/es\/wp-json\/wp\/v2\/media\/?parent=54965"}],"curies":[{"name":"wp","href":"https:\/\/api.w.org\/{rel}","templated":true}]}}