{"id":55989,"date":"2022-06-22T17:20:54","date_gmt":"2022-06-22T16:20:54","guid":{"rendered":"https:\/\/old.mercatflors.cat\/?page_id=55989"},"modified":"2023-03-02T11:06:41","modified_gmt":"2023-03-02T10:06:41","slug":"abonos-y-entradas-2022-23","status":"publish","type":"page","link":"https:\/\/old.mercatflors.cat\/es\/abonos-y-entradas-2022-23\/","title":{"rendered":"Abonos y entradas 2022-23"},"content":{"rendered":"<p>&nbsp;<\/p>\n<h2><strong>ABONOS\u00a0 <\/strong><\/h2>\n<p><strong>Abono 10 o +: &#8211; 40%<\/strong> a partir de 10 espect\u00e1culos. <a href=\"https:\/\/es.patronbase.com\/_MercatFlorsEs\/Seasons\/View?season_id=1023\"><span style=\"color: #0000ff;\">Cons\u00edguelo aqu\u00ed!<\/span><\/a><\/p>\n<p>_____________________________________________________<\/p>\n<p><strong>Abono 6 o +: &#8211; 30%<\/strong> a partir de 6 espect\u00e1culos. <a href=\"https:\/\/es.patronbase.com\/_MercatFlorsEs\/Seasons\/View?season_id=623\"><span style=\"color: #0000ff;\">Cons\u00edguelo aqu\u00ed!<\/span><\/a><\/p>\n<p>_____________________________________________________<\/p>\n<p><strong>Abono 4: &#8211; 20<\/strong> <strong>%<\/strong> para 4 espect\u00e1culos. <a href=\"https:\/\/es.patronbase.com\/_MercatFlorsEs\/Seasons\/View?season_id=423\"><span style=\"color: #0000ff;\">Cons\u00edguelo aqu\u00ed!<\/span><\/a><\/p>\n<p>_____________________________________________________<\/p>\n<p><strong>Abono Talla \u00danica<\/strong>: <strong>&#8211; 40%<\/strong> para los adultos y <strong>&#8211; 50%<\/strong> para los menores a partir de 3 espect\u00e1culos de la programaci\u00f3n familiar TALLA \u00daNICA.\u00a0<a href=\"https:\/\/es.patronbase.com\/_MercatFlorsEs\/Seasons\/View?season_id=TU23\"><span style=\"color: #0000ff;\">Cons\u00edguelo aqu\u00ed!<\/span><\/a><\/p>\n<p>_____________________________________________________<\/p>\n<p><strong>Packs<\/strong>: <strong>&#8211; 30%<\/strong> a partir de 2 espect\u00e1culos de un mismo ciclo o de un mismo artista<\/p>\n<p><strong>VENTAJAS<\/strong><\/p>\n<p><strong>Descuentos<\/strong><\/p>\n<ul>\n<li>\u00b7 Hasta un 40% de ahorro<\/li>\n<li>\u00b7 Descuentos para entradas adicionales: Abono 10: 40% \/ Abono 6: 30% \/ Abonos 4 y Talla \u00fanica: 15%<\/li>\n<li>\u00b7 Descuentos para los talleres pr\u00e1cticos<\/li>\n<li>\u00b7 Acceso a otros descuentos y promociones puntuales en el Mercat o con otras entidades colaboradoras<\/li>\n<li>\u00b7 Descuentos permanentes en el TNC y en el Teatre Lliure<\/li>\n<\/ul>\n<p>_____________________________________________________________________________<\/p>\n<p><strong>Flexibilidad<\/strong><\/p>\n<ul>\n<li>\u00b7 Flexibilidad a la hora de elegir cualquier espect\u00e1culo de la temporada del Mercat de les Flors (<em>s\u00f3lo algunos<\/em> <em>espect\u00e1culos de festivales y ciclos externos o coorganitzados con otras entidades quedan excluidos de los abonos)<\/em><\/li>\n<li>\u00b7 Flexibilidad en los cambios de entradas<\/li>\n<\/ul>\n<p>_____________________________________________________________________________<\/p>\n<p><strong>Actividades y servicios exclusivos<\/strong><\/p>\n<ul>\n<li>\u00b7 Atenci\u00f3n personalizada y reserva preferente<\/li>\n<li>\u00b7 Acceso exclusivo a ensayos abiertos<\/li>\n<li>\u00b7 Acceso privilegiado y gratuito a las actividades de la programaci\u00f3n expandida (excepto talleres pr\u00e1cticos)<\/li>\n<li>\u00b7 Informaci\u00f3n peri\u00f3dica sobre la programaci\u00f3n y actividades del Mercat<\/li>\n<\/ul>\n<p>Consulta el calendario de actividades de la programaci\u00f3n expandida en la web para completar tu visita en el Mercat.<\/p>\n<p>Si necesitas ayuda con la elecci\u00f3n o la compra de tu abono o quieres adquirir abonos para m\u00e1s de una persona, ll\u00e1manos al 93 256 26 05 o escribe a <span style=\"color: #0000ff;\"><a style=\"color: #0000ff;\" href=\"mailto:publics@mercatflors.cat\">publics@mercatflors.cat<\/a><\/span><\/p>\n<h2><strong>Men\u00fas para abonos de 4, 6 o 10 espect\u00e1culos<\/strong><\/h2>\n<p><a href=\"https:\/\/old.mercatflors.cat\/propostes-guia-per-menus-abonaments\/\">D\u00e9jate guiar y ven en familia, solo\/a o en grupo.\u00a0<strong>Haz click aqu\u00ed para m\u00e1s informaci\u00f3n<\/strong><\/a><\/p>\n<h2><strong>EMBAJADORES<\/strong><\/h2>\n<p>Hazte Embajador del Mercat recomend\u00e1ndonos a familia, amigos, alumnos, compa\u00f1eros de trabajo, &#8230;<\/p>\n<p><strong>VENTAJAS<\/strong><\/p>\n<p><strong>_____________________________________________________________________________<\/strong><\/p>\n<p><strong>Descuento<\/strong><\/p>\n<ul>\n<li>\u00b7 &#8211; 30% para venir acompa\u00f1ado al Mercat<\/li>\n<\/ul>\n<p>_____________________________________________________________________________<\/p>\n<p><strong>Flexibilidad<\/strong><\/p>\n<ul>\n<li>\u00b7 Flexibilidad a la hora de reservar y confirmar entradas para grupos grandes o reducidos<\/li>\n<\/ul>\n<p>_____________________________________________________________________________<\/p>\n<p><strong>Servicios exclusivos<\/strong><\/p>\n<ul>\n<li>\u00b7 Atenci\u00f3n personalizada y reserva preferente llamando al 93 256 26 05 o escribiendo a <a href=\"mailto:publics@mercatflors.cat\">publics@mercatflors.cat<\/a><\/li>\n<li>\u00b7 Invitaciones a ensayos abiertos<\/li>\n<li>\u00b7 Informaci\u00f3n peri\u00f3dica sobre la programaci\u00f3n y actividades del Mercat<\/li>\n<\/ul>\n<p>&nbsp;<\/p>\n<h2><strong>PROGRAMA DE PUNTOS: PREMIAMOS LA FIDELIDAD<\/strong><\/h2>\n<p>Subscr\u00edbete antes de comprar tus entradas o tu abono para conseguir puntos a tu cuenta personal.<\/p>\n<p>Con el programa de puntos, a partir de tu primera compra, acumulas puntos que te permiten volver al Mercat con un descuento!<\/p>\n<p>Podr\u00e1s consultar los puntos que hayas acumulado entrando a tu cuenta. Para canjearlos por internet, s\u00f3lo deber\u00e1s realizar la compra normalmente, y al final, el programa te ofrecer\u00e1 la posibilidad de pagar con puntos. Tambi\u00e9n podr\u00e1s pagar con puntos en taquilla<\/p>\n<p>&nbsp;<\/p>\n<h2><strong>DESCUENTOS\u00a0 <\/strong><\/h2>\n<p><strong>-50%<\/strong><\/p>\n<ul>\n<li>\u00b7 Menores de 14 a\u00f1os<\/li>\n<li>\u00b7 Titulares de la Tarjeta de discapacidad + acompa\u00f1ante<\/li>\n<li>\u00b7 Parados<\/li>\n<li>\u00b7 Familias numerosas, monoparentales o de acogida<\/li>\n<\/ul>\n<p>S\u00f3lo en taquilla: APDC, ACPDC, APCC, AAPDC, Institut del Teatre<\/p>\n<p><strong>_____________________________________________________________________________\u00a0\u00a0 <\/strong><\/p>\n<p><strong>-30%<\/strong><\/p>\n<ul>\n<li>\u00b7 Embajadores<\/li>\n<li>\u00b7 Grupos a partir de 8 personas<\/li>\n<\/ul>\n<p><strong>_____________________________________________________________________________<\/strong><\/p>\n<p><strong>&#8211; 15%<\/strong><\/p>\n<ul>\n<li>\u00b7 Tarjeta Rosa<\/li>\n<li>\u00b7 Vecinos de Poble Sec<\/li>\n<li>\u00b7 Carnet de Biblioteques (s\u00f3lo en taquilla)<\/li>\n<li>\u00b7 Abonados al Teatre Lliure y al TNC<\/li>\n<li>\u00b7 Amigos de la Danza del APdC<\/li>\n<\/ul>\n<p>_____________________________________________________________________________________<\/p>\n<p><strong>J\u00d3VENES 10\u20ac<\/strong><\/p>\n<p>Tarifa plana <strong><em>Viernes j\u00f3venes<\/em><\/strong> para las funciones de los viernes para menores de 30 a\u00f1os<\/p>\n<ul>\n<li>\u00b7 15% para el resto de los d\u00edas<\/li>\n<\/ul>\n<p>_____________________________________________________________________________<\/p>\n<p><em>El precio m\u00ednimo una vez aplicado el descuento no podr\u00e1 ser inferior a 8\u20ac.<\/em><\/p>\n<p><em>Los descuentos se aplicar\u00e1n a los espect\u00e1culos de 28\u20ac, 25\u20ac, 22\u20ac, 18\u20ac, 16\u20ac, 12\u20ac y 10\u20ac y no ser\u00e1n acumulables con los abonos u otros descuentos o promociones. <\/em><\/p>\n<p><em>Las entradas con descuento requerir\u00e1n la presentaci\u00f3n de la acreditaci\u00f3n correspondiente para acceder a la sala. En caso de no poderlo acreditar el usuario deber\u00e1 abonar la diferencia con el precio normal.<\/em><\/p>\n<h2><strong>COMPRA DE ENTRADAS Y ABONOS <\/strong><\/h2>\n<p><u>En la web del Mercat <\/u><\/p>\n<p>Compra tus entradas y abonos f\u00e1cilmente, sin colas ni comisiones. Las podr\u00e1s imprimir en casa o descargar en el m\u00f3vil sin pasar por taquilla.<\/p>\n<p><u>Taquillas Oficina Ciutadana de la Cultura (OCCU)<\/u><\/p>\n<p>Palau de la Virreina, La Rambla 99, de lunes a domingo de 10h a 20:30h. Tel: 93 316 10 00.<\/p>\n<p><u>Taquillas Mercat de les Flors<\/u><\/p>\n<p>Lleida, 59, 08004 Barcelona , a partir de 2 horas antes del inicio de la funci\u00f3n.<\/p>\n<p><strong>Cambio de entradas<\/strong><\/p>\n<p>Puedes cambiar tu entrada hasta 48 horas antes del inicio del espect\u00e1culo. El cambio de entrada comporta un coste de gesti\u00f3n de 1,5\u20ac.<\/p>\n<h2><strong>ATENCI\u00d3N AL P\u00daBLICO<\/strong><\/h2>\n<p><strong>93 256 26 05 de lunes a viernes de 10h a 14h\u00a0 <\/strong><span style=\"color: #0000ff;\"><a style=\"color: #0000ff;\" href=\"mailto:publics@mercatflors.cat\"><strong>publics@mercatflors.cat<\/strong><\/a><strong> \u00a0<\/strong><\/span><\/p>\n<p><strong>Edad recomendada<\/strong><\/p>\n<p>No es aconsejable la entrada de menores de 5 a\u00f1os a los espect\u00e1culos no destinados a p\u00fablico de 0 a 99 a\u00f1os. En cualquier caso ser\u00e1 responsabilidad de los adultos que les acompa\u00f1en<\/p>\n<p><a href=\"https:\/\/old.mercatflors.cat\/es\/descuentos\/\"><span style=\"color: #0000ff;\">Consulta aqu\u00ed el detalle de precios y descuentos<\/span><\/a><\/p>\n","protected":false},"excerpt":{"rendered":"<p>&nbsp; ABONOS\u00a0 Abono 10 o +: &#8211; 40% a partir [&hellip;]<\/p>\n","protected":false},"author":1,"featured_media":55384,"parent":0,"menu_order":0,"comment_status":"closed","ping_status":"closed","template":"","meta":[],"_links":{"self":[{"href":"https:\/\/old.mercatflors.cat\/es\/wp-json\/wp\/v2\/pages\/55989\/"}],"collection":[{"href":"https:\/\/old.mercatflors.cat\/es\/wp-json\/wp\/v2\/pages\/"}],"about":[{"href":"https:\/\/old.mercatflors.cat\/es\/wp-json\/wp\/v2\/types\/page\/"}],"author":[{"embeddable":true,"href":"https:\/\/old.mercatflors.cat\/es\/wp-json\/wp\/v2\/users\/1\/"}],"replies":[{"embeddable":true,"href":"https:\/\/old.mercatflors.cat\/es\/wp-json\/wp\/v2\/comments\/?post=55989"}],"version-history":[{"count":0,"href":"https:\/\/old.mercatflors.cat\/es\/wp-json\/wp\/v2\/pages\/55989\/revisions\/"}],"wp:featuredmedia":[{"embeddable":true,"href":"https:\/\/old.mercatflors.cat\/es\/wp-json\/wp\/v2\/media\/55384\/"}],"wp:attachment":[{"href":"https:\/\/old.mercatflors.cat\/es\/wp-json\/wp\/v2\/media\/?parent=55989"}],"curies":[{"name":"wp","href":"https:\/\/api.w.org\/{rel}","templated":true}]}}