{"id":56190,"date":"2022-07-01T13:49:45","date_gmt":"2022-07-01T12:49:45","guid":{"rendered":"https:\/\/old.mercatflors.cat\/?page_id=56190"},"modified":"2022-07-01T14:41:23","modified_gmt":"2022-07-01T13:41:23","slug":"menus-de-temporada-2022-23","status":"publish","type":"page","link":"https:\/\/old.mercatflors.cat\/es\/menus-de-temporada-2022-23\/","title":{"rendered":"Men\u00fas de temporada"},"content":{"rendered":"<p>&nbsp;<\/p>\n<ul>\n<li><a href=\"https:\/\/old.mercatflors.cat\/es\/ciclesifestivals\/para-venir-en-familia-2022-23\/\"><strong>PARA VENIR EN FAMILIA<\/strong>Dansa, instal\u00b7lacions, objecte, coreografia<\/a><\/li>\n<li><a href=\"https:\/\/old.mercatflors.cat\/es\/ciclesifestivals\/si-dices-que-no-sabes-de-danza-2022-23\/\"><strong>SI DICES QUE NO SABES DE DANZA<\/strong>Estr\u00e9nate, un men\u00fa para empezar a descubrir la danza con mucha danza<\/a><\/li>\n<li><a href=\"https:\/\/old.mercatflors.cat\/es\/ciclesifestivals\/si-te-gusta-sentirte-dentro-2022-23\/\"><strong>SI TE GUSTA SENTIRTE DENTRO<\/strong>Te proponemos distancias cortas y propuestas muy variadas<\/a><\/li>\n<li><a href=\"https:\/\/old.mercatflors.cat\/es\/ciclesifestivals\/si-no-solo-quieres-ver-danza-2022-23\/\"><strong>SI NO S\u00d3LO QUIERES VER DANZA<\/strong>danza y&#8230;, danza con&#8230;, danza o&#8230;, no danza&#8230;, desde la&#8230;<\/a><\/li>\n<li><a href=\"https:\/\/old.mercatflors.cat\/es\/ciclesifestivals\/estrenos-imprescindibles-de-esta-temporada-2022-23\/\"><strong>ESTRENOS IMPRESCINDIBLES DE ESTA TEMPORADA<\/strong><\/a><\/li>\n<li><a href=\"https:\/\/old.mercatflors.cat\/es\/ciclesifestivals\/km0-mdlf-en-coproduccion-con-denominacion-de-origen-2022-23\/\"><strong>KM0\/MDLF en coproducci\u00f3n con Denominaci\u00f3n de Origen<\/strong>Si quieres conocer una buena y variada cosecha propia<\/a><\/li>\n<li><a href=\"https:\/\/old.mercatflors.cat\/es\/ciclesifestivals\/de-impacto-platos-fuertes-de-la-temporada-2022-23\/\"><strong>DE IMPACTO<\/strong>Platos fuertes de la temporada para paladares exigentes<\/a><\/li>\n<li><a href=\"https:\/\/old.mercatflors.cat\/es\/ciclesifestivals\/experiencias-singulares-2022-23\/\"><strong>EXPERIENCIAS SINGULARES<\/strong>M\u00e1s all\u00e1 del nombre. Para los m\u00e1s curiosos<\/a><\/li>\n<\/ul>\n","protected":false},"excerpt":{"rendered":"<p>&nbsp; PARA VENIR EN FAMILIADansa, instal\u00b7lacions, objecte, coreografia SI DICES [&hellip;]<\/p>\n","protected":false},"author":1,"featured_media":55481,"parent":0,"menu_order":0,"comment_status":"closed","ping_status":"closed","template":"template-blocs-grocs.php","meta":[],"_links":{"self":[{"href":"https:\/\/old.mercatflors.cat\/es\/wp-json\/wp\/v2\/pages\/56190\/"}],"collection":[{"href":"https:\/\/old.mercatflors.cat\/es\/wp-json\/wp\/v2\/pages\/"}],"about":[{"href":"https:\/\/old.mercatflors.cat\/es\/wp-json\/wp\/v2\/types\/page\/"}],"author":[{"embeddable":true,"href":"https:\/\/old.mercatflors.cat\/es\/wp-json\/wp\/v2\/users\/1\/"}],"replies":[{"embeddable":true,"href":"https:\/\/old.mercatflors.cat\/es\/wp-json\/wp\/v2\/comments\/?post=56190"}],"version-history":[{"count":0,"href":"https:\/\/old.mercatflors.cat\/es\/wp-json\/wp\/v2\/pages\/56190\/revisions\/"}],"wp:featuredmedia":[{"embeddable":true,"href":"https:\/\/old.mercatflors.cat\/es\/wp-json\/wp\/v2\/media\/55481\/"}],"wp:attachment":[{"href":"https:\/\/old.mercatflors.cat\/es\/wp-json\/wp\/v2\/media\/?parent=56190"}],"curies":[{"name":"wp","href":"https:\/\/api.w.org\/{rel}","templated":true}]}}