{"id":57643,"date":"2022-11-28T15:36:59","date_gmt":"2022-11-28T14:36:59","guid":{"rendered":"https:\/\/old.mercatflors.cat\/?page_id=57643"},"modified":"2023-03-03T16:32:47","modified_gmt":"2023-03-03T15:32:47","slug":"oferta-de-trabajo-tecnico-maquinista","status":"publish","type":"page","link":"https:\/\/old.mercatflors.cat\/es\/oferta-de-trabajo-tecnico-maquinista\/","title":{"rendered":"Oferta de Trabajo T\u00c9CNICO MAQUINISTA"},"content":{"rendered":"<p><strong>Denominaci\u00f3n del puesto:<\/strong> T\u00e9cnico maquinista (Exp. F22-263)<br \/>\n<strong>Sistema de selecci\u00f3n:<\/strong> Concurso de m\u00e9ritos<br \/>\n<strong>Grupo y Subgrupo:<\/strong> C \/ C1<br \/>\n<strong>Categor\u00eda:<\/strong> T\u00e9cnico Auxiliar<br \/>\n<strong>Nivel:<\/strong> 16<br \/>\n<strong>N\u00famero de plazas:<\/strong> 1<br \/>\n<strong>Jornada:<\/strong> Completa<br \/>\n<strong>Fecha de publicaci\u00f3n:<\/strong> 24 de noviembre de 2022<br \/>\n<strong>Fecha l\u00edmite presentaci\u00f3n solicitudes:<\/strong> 27 de diciembre de 2022 a las 23:59<\/p>\n<p>Documentos:<\/p>\n<p><a href=\"https:\/\/old.mercatflors.cat\/wp-content\/uploads\/2022\/11\/Fitxa-T\u00c8CNIC-MAQUINISTA.pdf\"><span style=\"color: #0000ff;\">Ficha del lugar de trabajo<\/span><\/a><\/p>\n<p><a href=\"https:\/\/old.mercatflors.cat\/wp-content\/uploads\/2022\/11\/F22-263-T\u00e8cnic-Maquinista-Bases-espec\u00edfiques.pdf\"><span style=\"color: #0000ff;\">Bases espec\u00edficas de la oferta<\/span><\/a><\/p>\n<p><a href=\"https:\/\/old.mercatflors.cat\/mdlfrrhh\/oferta\/et22_tecnic_maquinista\/\"><span style=\"color: #0000ff;\">Formulario<\/span><\/a><\/p>\n<p><span style=\"color: #0000ff;\"><a style=\"color: #0000ff;\" href=\"https:\/\/old.mercatflors.cat\/wp-content\/uploads\/2023\/01\/TMQ-Relaci\u00f3-PROVISIONAL-dadmesos-i-exclosos.pdf\">Listado de admitidos y excluidos provisional<\/a><\/span><\/p>\n<p><span style=\"color: #0000ff;\"><a style=\"color: #0000ff;\" href=\"https:\/\/old.mercatflors.cat\/wp-content\/uploads\/2023\/02\/TMQ-Puntuaci\u00f3-provisional-de-Valoraci\u00f3-de-M\u00e8rits.pdf\">Puntuaci\u00f3n provisional de Valoraci\u00f3n de M\u00e9ritos<\/a><\/span><\/p>\n<p><a href=\"https:\/\/old.mercatflors.cat\/wp-content\/uploads\/2023\/03\/TMQ-Puntuaci\u00f3-definitiva-VM-i-Proposta-contrataci\u00f3.pdf\"><span style=\"color: #0000ff;\">Propuesta de contrataci\u00f3n\/span><\/a><\/p>\n","protected":false},"excerpt":{"rendered":"<p>Denominaci\u00f3n del puesto: T\u00e9cnico maquinista (Exp. F22-263) Sistema de selecci\u00f3n: [&hellip;]<\/p>\n","protected":false},"author":1,"featured_media":0,"parent":0,"menu_order":0,"comment_status":"closed","ping_status":"closed","template":"","meta":[],"_links":{"self":[{"href":"https:\/\/old.mercatflors.cat\/es\/wp-json\/wp\/v2\/pages\/57643\/"}],"collection":[{"href":"https:\/\/old.mercatflors.cat\/es\/wp-json\/wp\/v2\/pages\/"}],"about":[{"href":"https:\/\/old.mercatflors.cat\/es\/wp-json\/wp\/v2\/types\/page\/"}],"author":[{"embeddable":true,"href":"https:\/\/old.mercatflors.cat\/es\/wp-json\/wp\/v2\/users\/1\/"}],"replies":[{"embeddable":true,"href":"https:\/\/old.mercatflors.cat\/es\/wp-json\/wp\/v2\/comments\/?post=57643"}],"version-history":[{"count":0,"href":"https:\/\/old.mercatflors.cat\/es\/wp-json\/wp\/v2\/pages\/57643\/revisions\/"}],"wp:attachment":[{"href":"https:\/\/old.mercatflors.cat\/es\/wp-json\/wp\/v2\/media\/?parent=57643"}],"curies":[{"name":"wp","href":"https:\/\/api.w.org\/{rel}","templated":true}]}}