{"id":57713,"date":"2022-12-12T11:50:15","date_gmt":"2022-12-12T10:50:15","guid":{"rendered":"https:\/\/old.mercatflors.cat\/?page_id=57713"},"modified":"2023-02-20T11:43:53","modified_gmt":"2023-02-20T10:43:53","slug":"oferta-de-trabajo-tecnico-especialista-de-escenario","status":"publish","type":"page","link":"https:\/\/old.mercatflors.cat\/es\/oferta-de-trabajo-tecnico-especialista-de-escenario\/","title":{"rendered":"Oferta de Trabajo T\u00c9CNICO ESPECIALISTA DE ESCENARIO"},"content":{"rendered":"<p><strong>Denominaci\u00f3n puesto:<\/strong>\u00a0Especialidades T\u00c9CNICO ESPECIALISTA DE ESCENARIO:<br \/>\n\u2022 T\u00c9CNICO MAQUINISTA<br \/>\n\u2022 T\u00c9CNICO LUMINOT\u00c9CNICO<br \/>\n\u2022 T\u00c9CNICO DE SONIDO Y VIDEO<br \/>\n\u2022 PRODUCCI\u00d3N EJECUTIVA<br \/>\n\u2022 REGIDOR ESCENARIO<br \/>\n<strong>Condicionante:<\/strong> Contrato TEMPORAL para proyectos temporada 22-23 en el CMF<br \/>\n<strong>Tipolog\u00eda:<\/strong> T\u00c9CNICO AUXILIAR<br \/>\n<strong>Fecha de incorporaci\u00f3n:<\/strong> A la finalizaci\u00f3n del proceso de selecci\u00f3n y en funci\u00f3n de los proyectos requeridos<br \/>\n<strong>Jornada Laboral:<\/strong> Jornada Completa (mediana de 37,5 horas semanales)<br \/>\n<strong>Fecha de publicaci\u00f3n:<\/strong> 12 de diciembre de 2022<br \/>\n<strong>Fecha l\u00edmite presentaci\u00f3n de candidaturas:<\/strong> 27 de diciembre de 2022 a las 14:00 horas<\/p>\n<p><strong>Contacto:<\/strong>\u00a0<span style=\"color: #0000ff;\"><a style=\"color: #0000ff;\" href=\"mailto:rrhh@mercatflors.cat\">rrhh@mercatflors.cat<\/a><\/span><\/p>\n<p><strong>Documentos:<\/strong><\/p>\n<p><span style=\"color: #0000ff;\"><a style=\"color: #0000ff;\" href=\"https:\/\/old.mercatflors.cat\/wp-content\/uploads\/2022\/12\/OF-DE-TREBALL-Tecnic_escenari_Temp-22-23.pdf\">Bases de la oferta<\/a><\/span><\/p>\n<p>Formularios de inscripci\u00f3n:\u00a0<span style=\"color: #0000ff;\"><a style=\"color: #0000ff;\" href=\"https:\/\/old.mercatflors.cat\/mdlfrrhh\/oferta\/tecnic_esp-_maquinaria_t22-23\/\">T\u00c9CNICO MAQUINISTA<\/a><\/span>,\u00a0<span style=\"color: #0000ff;\"><a style=\"color: #0000ff;\" href=\"https:\/\/old.mercatflors.cat\/mdlfrrhh\/oferta\/tecnic_esp._LUMINOTECNIA_T22-23\/\">T\u00c9CNICO LUMINOT\u00c9CNICO<\/a><\/span>,\u00a0<span style=\"color: #0000ff;\"><a style=\"color: #0000ff;\" href=\"https:\/\/old.mercatflors.cat\/mdlfrrhh\/oferta\/tecnic_esp-_audiovideo_t22-23\/\">T\u00c9CNICO DE SONIDO Y VIDEO<\/a><\/span>,\u00a0<span style=\"color: #0000ff;\"><a style=\"color: #0000ff;\" href=\"https:\/\/old.mercatflors.cat\/mdlfrrhh\/oferta\/tecnic_esp._PROD._EXECUTIVA_T22-23\/\">PRODUCCI\u00d3N EJECUTIVA<\/a><\/span>\u00a0y\u00a0<span style=\"color: #0000ff;\"><a style=\"color: #0000ff;\" href=\"https:\/\/old.mercatflors.cat\/mdlfrrhh\/oferta\/tecnic_esp._REG._ESCENARI_T22-23\/\">REGIDOR DE ESCENARIO<\/a><\/span><\/p>\n<p><span style=\"color: #0000ff;\"><a style=\"color: #0000ff;\" href=\"https:\/\/old.mercatflors.cat\/wp-content\/uploads\/2023\/01\/5-Relaci\u00f3-PROVISIONAL-dadmesos-i-exclosos.pdf\">Relaci\u00f3n PROVISIONAL de admitidos y excluidos<\/a><\/span><\/p>\n<p><span style=\"color: #0000ff;\"><a style=\"color: #0000ff;\" href=\"https:\/\/old.mercatflors.cat\/wp-content\/uploads\/2023\/01\/6-Relaci\u00f3-DEFINITVA-dadmesos-i-exclosos.pdf\">Relaci\u00f3n DEFINITIVA de admitidos y excluidos<\/a><\/span><\/p>\n<p><span style=\"color: #0000ff;\"><a style=\"color: #0000ff;\" href=\"https:\/\/old.mercatflors.cat\/wp-content\/uploads\/2023\/02\/7-Resultat-i-Puntuaci\u00f3-Prova-Oposici\u00f3.pdf\">Resultado y Puntuaci\u00f3n Prueva Oposici\u00f3n<\/a><\/span><\/p>\n<p><span style=\"color: #0000ff;\"><a style=\"color: #0000ff;\" href=\"https:\/\/old.mercatflors.cat\/wp-content\/uploads\/2023\/02\/7-Puntuaci\u00f3-Valoraci\u00f3-de-M\u00e8rits-i-convocat\u00f2ria-entrevista.pdf\">Puntuaci\u00f3n Valoraci\u00f3n de M\u00e9ritos y convocatoria entrevista<\/a><\/span><\/p>\n<p><span style=\"color: #0000ff;\"><a style=\"color: #0000ff;\" href=\"https:\/\/old.mercatflors.cat\/wp-content\/uploads\/2023\/02\/9-Resultats-prova-catal\u00e0.pdf\">Resultados prueba catal\u00e1n<\/a><\/span><\/p>\n<p><span style=\"color: #0000ff;\"><a style=\"color: #0000ff;\" href=\"https:\/\/old.mercatflors.cat\/wp-content\/uploads\/2023\/02\/10-Valoraci\u00f3-entrevista-i-puntuaci\u00f3-final.pdf\">Valoraci\u00f3n entrevista y puntuaci\u00f3n final<\/a><\/span><\/p>\n","protected":false},"excerpt":{"rendered":"<p>Denominaci\u00f3n puesto:\u00a0Especialidades T\u00c9CNICO ESPECIALISTA DE ESCENARIO: \u2022 T\u00c9CNICO MAQUINISTA \u2022 [&hellip;]<\/p>\n","protected":false},"author":1,"featured_media":0,"parent":0,"menu_order":0,"comment_status":"closed","ping_status":"closed","template":"","meta":[],"_links":{"self":[{"href":"https:\/\/old.mercatflors.cat\/es\/wp-json\/wp\/v2\/pages\/57713\/"}],"collection":[{"href":"https:\/\/old.mercatflors.cat\/es\/wp-json\/wp\/v2\/pages\/"}],"about":[{"href":"https:\/\/old.mercatflors.cat\/es\/wp-json\/wp\/v2\/types\/page\/"}],"author":[{"embeddable":true,"href":"https:\/\/old.mercatflors.cat\/es\/wp-json\/wp\/v2\/users\/1\/"}],"replies":[{"embeddable":true,"href":"https:\/\/old.mercatflors.cat\/es\/wp-json\/wp\/v2\/comments\/?post=57713"}],"version-history":[{"count":0,"href":"https:\/\/old.mercatflors.cat\/es\/wp-json\/wp\/v2\/pages\/57713\/revisions\/"}],"wp:attachment":[{"href":"https:\/\/old.mercatflors.cat\/es\/wp-json\/wp\/v2\/media\/?parent=57713"}],"curies":[{"name":"wp","href":"https:\/\/api.w.org\/{rel}","templated":true}]}}