{"id":736,"date":"2011-09-12T15:18:25","date_gmt":"2011-09-12T15:18:25","guid":{"rendered":"https:\/\/old.mercatflors.cat\/?page_id=736"},"modified":"2019-07-22T15:11:16","modified_gmt":"2019-07-22T14:11:16","slug":"el-mercat-es-miembro-de","status":"publish","type":"page","link":"https:\/\/old.mercatflors.cat\/es\/el-mercat\/el-mercat-es-miembro-de\/","title":{"rendered":"El Mercat es miembro de&#8230;"},"content":{"rendered":"<ul>\n<li><a href=\"https:\/\/old.mercatflors.cat\/es\/edn-european-dancehouse-network\/\"><strong>EDN European Dancehouse Network<\/strong>Una red que promueve y apoya el desarrollo profesional de los artistas de danza<\/a><\/li>\n<li><a href=\"https:\/\/old.mercatflors.cat\/es\/red-de-teatros\/\"><strong>La Red\u00a0de Teatros<\/strong>La Red Espa\u00f1ola de Teatros, Auditorios, Circuitos y Festivales de Titularidad P\u00fablica forma un conjunto de m\u00e1s de 450 espacios esc\u00e9nicos p\u00fablicos<\/a><\/li>\n<li><a href=\"https:\/\/old.mercatflors.cat\/es\/aerowaves\/\"><strong>Aerowaves<\/strong>Centro de descubrimiento de danza en Europa que identifica las obras m\u00e1s prometedoras de artistas emergentes y las promueve a trav\u00e9s de representaciones transfronterizas<\/a><\/li>\n<\/ul>\n","protected":false},"excerpt":{"rendered":"<p>EDN European Dancehouse NetworkUna red que promueve y apoya el [&hellip;]<\/p>\n","protected":false},"author":1,"featured_media":0,"parent":711,"menu_order":0,"comment_status":"open","ping_status":"open","template":"template-blocs-grocs.php","meta":[],"_links":{"self":[{"href":"https:\/\/old.mercatflors.cat\/es\/wp-json\/wp\/v2\/pages\/736\/"}],"collection":[{"href":"https:\/\/old.mercatflors.cat\/es\/wp-json\/wp\/v2\/pages\/"}],"about":[{"href":"https:\/\/old.mercatflors.cat\/es\/wp-json\/wp\/v2\/types\/page\/"}],"author":[{"embeddable":true,"href":"https:\/\/old.mercatflors.cat\/es\/wp-json\/wp\/v2\/users\/1\/"}],"replies":[{"embeddable":true,"href":"https:\/\/old.mercatflors.cat\/es\/wp-json\/wp\/v2\/comments\/?post=736"}],"version-history":[{"count":0,"href":"https:\/\/old.mercatflors.cat\/es\/wp-json\/wp\/v2\/pages\/736\/revisions\/"}],"up":[{"embeddable":true,"href":"https:\/\/old.mercatflors.cat\/es\/wp-json\/wp\/v2\/pages\/711\/"}],"wp:attachment":[{"href":"https:\/\/old.mercatflors.cat\/es\/wp-json\/wp\/v2\/media\/?parent=736"}],"curies":[{"name":"wp","href":"https:\/\/api.w.org\/{rel}","templated":true}]}}