{"id":746,"date":"2011-09-12T15:26:33","date_gmt":"2011-09-12T15:26:33","guid":{"rendered":"https:\/\/old.mercatflors.cat\/?page_id=746"},"modified":"2023-06-10T10:42:00","modified_gmt":"2023-06-10T09:42:00","slug":"ofertas-de-trabajo","status":"publish","type":"page","link":"https:\/\/old.mercatflors.cat\/es\/el-mercat\/ofertas-de-trabajo\/","title":{"rendered":"Ofertas de trabajo y otras convocatorias"},"content":{"rendered":"<p>&nbsp;<\/p>\n<ul>\n<li><a href=\"https:\/\/old.mercatflors.cat\/es\/el-mercat\/ofertas-de-trabajo\/ampliacion-bolsa-de-trabajo-maquinista\/\"><strong>Ampliaci\u00f3n Bolsa de trabajo &#8211; MAQUINISTA<\/strong><\/a><\/li>\n<li><a href=\"https:\/\/old.mercatflors.cat\/es\/oferta-de-trabajo-gestion-juridica-oferta-publica\/\"><strong>Gesti\u00f3n Jur\u00eddica (oferta p\u00fablica)<\/strong><\/a><\/li>\n<li><a href=\"https:\/\/old.mercatflors.cat\/es\/oferta-de-trabajo-gestion-juridica-2\/\"><strong>Gesti\u00f3n Jur\u00eddica<\/strong>PROCEDIMIENTO RESUELTO<\/a><\/li>\n<li><a href=\"https:\/\/old.mercatflors.cat\/es\/oferta-de-trabajo-tecnico-especialista-de-escenario\/\"><strong>T\u00e9cnico especialista de escenario<\/strong>PROCEDIMIENTO RESUELTO<\/a><\/li>\n<li><a href=\"https:\/\/old.mercatflors.cat\/es\/oferta-de-trabajo-tecnico-web-y-comunicacion-audiovisual\/\"><strong>T\u00e9cnico web y comunicaci\u00f3n audiovisual<\/strong>PROCEDIMIENTO RESUELTO<\/a><\/li>\n<\/ul>\n<p><span style=\"color: #0000ff;\"><a style=\"color: #0000ff;\" href=\"https:\/\/old.mercatflors.cat\/informacio-basica-sobre-la-proteccio-de-dades\/\" target=\"_top\">Informaci\u00f3n b\u00e1sica sobre la protecci\u00f3n de datos<\/a><\/span><\/p>\n","protected":false},"excerpt":{"rendered":"<p>&nbsp; Ampliaci\u00f3n Bolsa de trabajo &#8211; MAQUINISTA Gesti\u00f3n Jur\u00eddica (oferta [&hellip;]<\/p>\n","protected":false},"author":1,"featured_media":0,"parent":711,"menu_order":0,"comment_status":"open","ping_status":"open","template":"template-blocs-grocs.php","meta":[],"_links":{"self":[{"href":"https:\/\/old.mercatflors.cat\/es\/wp-json\/wp\/v2\/pages\/746\/"}],"collection":[{"href":"https:\/\/old.mercatflors.cat\/es\/wp-json\/wp\/v2\/pages\/"}],"about":[{"href":"https:\/\/old.mercatflors.cat\/es\/wp-json\/wp\/v2\/types\/page\/"}],"author":[{"embeddable":true,"href":"https:\/\/old.mercatflors.cat\/es\/wp-json\/wp\/v2\/users\/1\/"}],"replies":[{"embeddable":true,"href":"https:\/\/old.mercatflors.cat\/es\/wp-json\/wp\/v2\/comments\/?post=746"}],"version-history":[{"count":0,"href":"https:\/\/old.mercatflors.cat\/es\/wp-json\/wp\/v2\/pages\/746\/revisions\/"}],"up":[{"embeddable":true,"href":"https:\/\/old.mercatflors.cat\/es\/wp-json\/wp\/v2\/pages\/711\/"}],"wp:attachment":[{"href":"https:\/\/old.mercatflors.cat\/es\/wp-json\/wp\/v2\/media\/?parent=746"}],"curies":[{"name":"wp","href":"https:\/\/api.w.org\/{rel}","templated":true}]}}