{"id":773,"date":"2011-09-13T15:50:21","date_gmt":"2011-09-13T15:50:21","guid":{"rendered":"https:\/\/old.mercatflors.cat\/?page_id=773"},"modified":"2019-06-05T12:21:27","modified_gmt":"2019-06-05T11:21:27","slug":"apropa-cultura","status":"publish","type":"page","link":"https:\/\/old.mercatflors.cat\/es\/publicos\/apropa-cultura\/","title":{"rendered":"Apropa Cultura"},"content":{"rendered":"<h2>Qu\u00e9 es APROPA CULTURA?<\/h2>\n<p>Apropa Cultura es un <strong>programa socioeducativo<\/strong> iniciativa de los equipamientos culturales y de las administraciones p\u00fablicas dirigido <strong>a los usuarios de centros sociales que trabajan con personas en situaci\u00f3n de desigualdad, discriminaci\u00f3n, vulnerabilidad y en riesgo de exclusi\u00f3n social<\/strong>.<\/p>\n<p>Es una <strong>ventana \u00fanica de reservas<\/strong> para el sector social que ofrece la posibilidad de asistir de forma <strong>accesible<\/strong> a los mejores equipamientos culturales de las poblaciones participantes, en un entorno normalizado que les permite disfrutar de espect\u00e1culos de <strong>m\u00fasica, teatro, danza y circo<\/strong> de m\u00e1xima calidad.<\/p>\n<p>Es una <strong>experiencia de inclusi\u00f3n<\/strong> y un recurso muy valorado por los educadores para trabajar el desarrollo personal, as\u00ed como los derechos y deberes de los usuarios. Apropa Cultura complementa su tarea con sesiones informativas previas a la solicitud de los espect\u00e1culos y con <strong>formaciones art\u00edsticas dirigidas a los educadores sociales<\/strong>.<\/p>\n<p>Se ofrecen m\u00e1s de 15.000 localidades repartidas en m\u00e1s de 300 espect\u00e1culos de m\u00fasica, teatro y danza de 24 equipamientos culturales de Catalunya.<\/p>\n<p><a href=\"http:\/\/www.apropacultura.cat\"><img decoding=\"async\" loading=\"lazy\" class=\"alignleft wp-image-41124 size-medium\" src=\"https:\/\/old.mercatflors.cat\/wp-content\/uploads\/2019\/06\/Apropa-Cultura-logo-web-350x217.jpg\" alt=\"\" width=\"350\" height=\"217\" srcset=\"https:\/\/old.mercatflors.cat\/wp-content\/uploads\/2019\/06\/Apropa-Cultura-logo-web-350x217.jpg 350w, https:\/\/old.mercatflors.cat\/wp-content\/uploads\/2019\/06\/Apropa-Cultura-logo-web-768x476.jpg 768w, https:\/\/old.mercatflors.cat\/wp-content\/uploads\/2019\/06\/Apropa-Cultura-logo-web.jpg 790w\" sizes=\"(max-width: 350px) 100vw, 350px\" \/><\/a><\/p>\n<p>&nbsp;<\/p>\n","protected":false},"excerpt":{"rendered":"<p>Qu\u00e9 es APROPA CULTURA? Apropa Cultura es un programa socioeducativo [&hellip;]<\/p>\n","protected":false},"author":1,"featured_media":13563,"parent":715,"menu_order":0,"comment_status":"open","ping_status":"open","template":"","meta":[],"_links":{"self":[{"href":"https:\/\/old.mercatflors.cat\/es\/wp-json\/wp\/v2\/pages\/773\/"}],"collection":[{"href":"https:\/\/old.mercatflors.cat\/es\/wp-json\/wp\/v2\/pages\/"}],"about":[{"href":"https:\/\/old.mercatflors.cat\/es\/wp-json\/wp\/v2\/types\/page\/"}],"author":[{"embeddable":true,"href":"https:\/\/old.mercatflors.cat\/es\/wp-json\/wp\/v2\/users\/1\/"}],"replies":[{"embeddable":true,"href":"https:\/\/old.mercatflors.cat\/es\/wp-json\/wp\/v2\/comments\/?post=773"}],"version-history":[{"count":0,"href":"https:\/\/old.mercatflors.cat\/es\/wp-json\/wp\/v2\/pages\/773\/revisions\/"}],"up":[{"embeddable":true,"href":"https:\/\/old.mercatflors.cat\/es\/wp-json\/wp\/v2\/pages\/715\/"}],"wp:featuredmedia":[{"embeddable":true,"href":"https:\/\/old.mercatflors.cat\/es\/wp-json\/wp\/v2\/media\/13563\/"}],"wp:attachment":[{"href":"https:\/\/old.mercatflors.cat\/es\/wp-json\/wp\/v2\/media\/?parent=773"}],"curies":[{"name":"wp","href":"https:\/\/api.w.org\/{rel}","templated":true}]}}