{"id":796,"date":"2011-09-09T16:20:23","date_gmt":"2011-09-09T16:20:23","guid":{"rendered":"https:\/\/old.mercatflors.cat\/?page_id=796"},"modified":"2020-10-26T16:37:59","modified_gmt":"2020-10-26T15:37:59","slug":"edn-european-dancehouse-network","status":"publish","type":"page","link":"https:\/\/old.mercatflors.cat\/es\/edn-european-dancehouse-network\/","title":{"rendered":"EDN (European Dancehouse Network)"},"content":{"rendered":"<h2><\/h2>\n<p><strong>European Dancehouse Network (EDN)<\/strong> es una red de confianza y colaboraci\u00f3n entre 45 casas de danza europeas de 25 pa\u00edses de Europa que comparten una visi\u00f3n com\u00fan sobre el desarrollo de la danza m\u00e1s all\u00e1 de las fronteras.<\/p>\n<p>EDN cree que el arte de la danza debe valorarse como un componente integral de nuestra vida y cultura diarias, contribuyendo creativamente al bienestar de la sociedad y al movimiento en s\u00ed mismo, como tejido fundamental de relaci\u00f3n y empat\u00eda.<\/p>\n<p>Juntos queremos:<\/p>\n<ul>\n<li>Coordinar el apoyo a la movilidad de artistas, presentaciones de danza y producci\u00f3n cultural en Europa.<\/li>\n<li>Ofrecer una amplia gama de oportunidades para alianzas productivas con artistas, productores, audiencias y nuevos p\u00fablicos.<\/li>\n<li>Progresar y mantener el desarrollo profesional para profesionales de la danza y productores creativos.<\/li>\n<li>Fomentar el trabajo intercultural y desarrollar habilidades creativas y sociales en equipos multiculturales.<\/li>\n<li>Crear herramientas de trabajo fuertes para el futuro del sector.<\/li>\n<li>Definir un plan de acci\u00f3n hacia las necesidades de desarrollo, colaboraci\u00f3n y reconocimiento de la danza como una forma de arte.<\/li>\n<li>Desarrollar el di\u00e1logo entre EDN y los \u00f3rganos de financiaci\u00f3n EACEA \/ EU y la defensa de la danza en Europa.<\/li>\n<li>Producir investigaciones, conocimientos y pr\u00e1cticas para conseguir el compromiso del p\u00fablico.<\/li>\n<li>Desarrollar di\u00e1logos con casas de baile y ecolog\u00edas de la danza m\u00e1s all\u00e1 de Europa.<\/li>\n<\/ul>\n<p>&nbsp;<\/p>\n<p><a href=\"http:\/\/www.ednetwork.eu\" target=\"_blank\" rel=\"noopener\"><img decoding=\"async\" loading=\"lazy\" class=\"alignleft size-large wp-image-16019\" src=\"https:\/\/old.mercatflors.cat\/wp-content\/uploads\/2011\/07\/logo-edn-15-color-01-790x206.jpg\" alt=\"logo-edn-15-color-01\" width=\"150\" height=\"39\" \/><\/a><span style=\"text-decoration: underline;\"><a href=\"http:\/\/www.ednetwork.eu\"><img decoding=\"async\" loading=\"lazy\" class=\"alignleft size-large wp-image-16021\" src=\"https:\/\/old.mercatflors.cat\/wp-content\/uploads\/2011\/07\/eu_flag_creative_europe_co_funded_pos_rgb_left-790x198.jpg\" alt=\"Print\" width=\"150\" height=\"38\" srcset=\"https:\/\/old.mercatflors.cat\/wp-content\/uploads\/2011\/07\/eu_flag_creative_europe_co_funded_pos_rgb_left-790x198.jpg 790w, https:\/\/old.mercatflors.cat\/wp-content\/uploads\/2011\/07\/eu_flag_creative_europe_co_funded_pos_rgb_left-350x88.jpg 350w\" sizes=\"(max-width: 150px) 100vw, 150px\" \/><\/a><\/span><\/p>\n<p><span style=\"text-decoration: underline;\"><a href=\"http:\/\/www.ednetwork.eu\" target=\"_blank\" rel=\"noopener\"><strong>www.ednetwork.eu<\/strong><\/a><\/span><\/p>\n","protected":false},"excerpt":{"rendered":"<p>European Dancehouse Network (EDN) es una red de confianza y [&hellip;]<\/p>\n","protected":false},"author":1,"featured_media":16035,"parent":0,"menu_order":0,"comment_status":"open","ping_status":"open","template":"","meta":[],"_links":{"self":[{"href":"https:\/\/old.mercatflors.cat\/es\/wp-json\/wp\/v2\/pages\/796\/"}],"collection":[{"href":"https:\/\/old.mercatflors.cat\/es\/wp-json\/wp\/v2\/pages\/"}],"about":[{"href":"https:\/\/old.mercatflors.cat\/es\/wp-json\/wp\/v2\/types\/page\/"}],"author":[{"embeddable":true,"href":"https:\/\/old.mercatflors.cat\/es\/wp-json\/wp\/v2\/users\/1\/"}],"replies":[{"embeddable":true,"href":"https:\/\/old.mercatflors.cat\/es\/wp-json\/wp\/v2\/comments\/?post=796"}],"version-history":[{"count":0,"href":"https:\/\/old.mercatflors.cat\/es\/wp-json\/wp\/v2\/pages\/796\/revisions\/"}],"wp:featuredmedia":[{"embeddable":true,"href":"https:\/\/old.mercatflors.cat\/es\/wp-json\/wp\/v2\/media\/16035\/"}],"wp:attachment":[{"href":"https:\/\/old.mercatflors.cat\/es\/wp-json\/wp\/v2\/media\/?parent=796"}],"curies":[{"name":"wp","href":"https:\/\/api.w.org\/{rel}","templated":true}]}}